{"id":23082,"date":"2020-05-09T15:21:51","date_gmt":"2020-05-09T15:21:51","guid":{"rendered":"https:\/\/eltossalcartografies.com\/condicions-de-la-venda-enviament-lliurament-i-devolucions\/"},"modified":"2026-01-13T18:41:00","modified_gmt":"2026-01-13T17:41:00","slug":"condiciones-de-la-venta-envio-entrega-y-devoluciones","status":"publish","type":"page","link":"https:\/\/eltossalcartografies.com\/es\/condiciones-de-la-venta-envio-entrega-y-devoluciones\/","title":{"rendered":"Condiciones de la venta, env\u00edo, entrega y devoluciones"},"content":{"rendered":"<div class=\"fusion-fullwidth fullwidth-box fusion-builder-row-1 nonhundred-percent-fullwidth non-hundred-percent-height-scrolling\" style=\"--awb-border-radius-top-left:0px;--awb-border-radius-top-right:0px;--awb-border-radius-bottom-right:0px;--awb-border-radius-bottom-left:0px;--awb-padding-top:3%;--awb-padding-right:5%;--awb-padding-bottom:5%;--awb-padding-left:5%;--awb-flex-wrap:wrap;\" ><div class=\"fusion-builder-row fusion-row\"><div class=\"fusion-layout-column fusion_builder_column fusion-builder-column-0 fusion_builder_column_1_1 1_1 fusion-one-full fusion-column-first fusion-column-last\" style=\"--awb-bg-size:cover;\"><div class=\"fusion-column-wrapper fusion-column-has-shadow fusion-flex-column-wrapper-legacy\"><div class=\"fusion-title title fusion-title-1 fusion-title-text fusion-title-size-one\" style=\"--awb-margin-top-small:0px;--awb-margin-right-small:0px;--awb-margin-bottom-small:20px;--awb-margin-left-small:0px;--awb-font-size:2em;\"><h1 class=\"fusion-title-heading title-heading-left fusion-responsive-typography-calculated\" style=\"margin:0;font-size:1em;--fontSize:30;line-height:1.2;\">Condiciones de la venta, env\u00edo, entrega y devoluciones<\/h1><span class=\"awb-title-spacer\"><\/span><div class=\"title-sep-container\"><div class=\"title-sep sep- sep-solid\" style=\"border-color:#e0dede;\"><\/div><\/div><\/div><div class=\"fusion-text fusion-text-1\"><p>Los precios reflejados en el web incluyen el IVA correspondiente.<br \/>\nLos plazos indicados a continuaci\u00f3n se computan en d\u00edas laborables, de lunes a viernes, y pueden verse afectados por fiestas locales o nacionales.<\/p>\n<\/div><div class=\"fusion-builder-row fusion-builder-row-inner fusion-row\"><div class=\"fusion-layout-column fusion_builder_column_inner fusion-builder-nested-column-0 fusion_builder_column_inner_1_2 1_2 fusion-one-half fusion-column-first\" style=\"--awb-padding-top:2em;--awb-padding-right:2em;--awb-padding-bottom:2em;--awb-padding-left:2em;--awb-bg-size:cover;--awb-border-color:#f7f7f7;--awb-border-top:1px;--awb-border-right:1px;--awb-border-bottom:1px;--awb-border-left:1px;--awb-border-style:solid;width:50%;width:calc(50% - ( ( 4% ) * 0.5 ) );margin-right: 4%;\"><div class=\"fusion-column-wrapper fusion-column-has-shadow fusion-flex-column-wrapper-legacy\"><div class=\"fusion-title title fusion-title-2 fusion-title-text fusion-title-size-four\" style=\"--awb-text-color:#686868;--awb-margin-top-small:0px;--awb-margin-right-small:0px;--awb-margin-bottom-small:20px;--awb-margin-left-small:0px;--awb-font-size:1.4em;\"><h4 class=\"fusion-title-heading title-heading-left fusion-responsive-typography-calculated\" style=\"margin:0;font-size:1em;--fontSize:21;--minFontSize:21;line-height:1.73;\">ENV\u00cdO Y ENTREGA<\/h4><span class=\"awb-title-spacer\"><\/span><div class=\"title-sep-container\"><div class=\"title-sep sep- sep-solid\" style=\"border-color:#e0dede;\"><\/div><\/div><\/div><div class=\"fusion-text fusion-text-2\"><ul>\n<li>Los pedidos saldr\u00e1n hacia el destino en un plazo de <strong>24\/72h despu\u00e9s de haber confirmado que se haya hecho el pago.<\/strong><\/li>\n<li>En el env\u00edo ordinario a la Pen\u00ednsula y el resto del Estado los <strong>gastos de env\u00edo, a partir de 10\u20ac de pedido, son gratuitos<\/strong> y se har\u00e1 mediante el <strong>env\u00edo ordinario de Correos<\/strong>. Por debajo de 10\u20ac de pedido se cobrar\u00e1 1\u20ac de gastos de env\u00edo.<\/li>\n<li>Los plazos de entrega van en funci\u00f3n de la localidad, del volumen de trabajo a las oficinas de Correos, de posibles d\u00edas festivos, de promociones especiales, etc. <strong>No son responsabilidad de <em>el Tossal Cartograf\u00edes<\/em>.<\/strong> Generalmente llegar\u00e1 en 3 d\u00edas, pero tambi\u00e9n puede llegar hasta en 10 d\u00edas, y hasta en 15 d\u00edas en las Baleares o Canarias.<\/li>\n<li>Regir\u00e1 el que se haya acordado y, en todo caso, l<strong>as demoras en la entrega no generar\u00e1n ninguna responsabilidad para <em>el Tossal Cartograf\u00edes<\/em>.<\/strong><\/li>\n<li>Los env\u00edos a Europa y al resto del mundo se har\u00e1n por correo certificado. Los plazos de entrega son dif\u00edciles de calcular puesto que dependen de m\u00faltiples factores. Los gastos de env\u00edo son variables seg\u00fan el peso:\n<ul>\n<li>Europa \/ Resto del mundo\n<ul>\n<li>Hasta 0,5 kg: 5 euros. \/ Hasta 0,5 kg: 7 euros.<\/li>\n<li>De 0,5 a 1 kg: 8 euros. \/ De 0,5 a 1 kg: 10 euros.<\/li>\n<li>De 1 a 2 kg: 13 euros. \/ De 1 a 2 kg: 19 euros.<\/li>\n<\/ul>\n<\/li>\n<\/ul>\n<\/li>\n<\/ul>\n<p>Para pedidos especiales, gran cantidad, env\u00edos urgentes, certificados, etc, poneros directamente en contacto con el Tossal Cartograf\u00edes mediante la siguiente direcci\u00f3n electr\u00f3nica <a href=\"mailto:info@eltossalcartografies.com\">info@eltossalcartografies.com<\/a> o telefoneando al n\u00famero <strong>653 586 580<\/strong>.<\/p>\n<p class=\"p1\"><span class=\"s1\">El aplazamiento de la entrega o la cancelaci\u00f3n del pedido tiene que confirmarse por escrito antes de la entrega a la oficina de Correos. Despu\u00e9s de haber hecho el env\u00edo no se aceptar\u00e1 la cancelaci\u00f3n ni el aplazamiento del plazo de entrega.<\/span><\/p>\n<\/div><div class=\"fusion-clearfix\"><\/div><\/div><\/div><div class=\"fusion-layout-column fusion_builder_column_inner fusion-builder-nested-column-1 fusion_builder_column_inner_1_2 1_2 fusion-one-half fusion-column-last\" style=\"--awb-padding-top:2em;--awb-padding-right:2em;--awb-padding-bottom:2em;--awb-padding-left:2em;--awb-bg-size:cover;--awb-border-color:#f7f7f7;--awb-border-top:1px;--awb-border-right:1px;--awb-border-bottom:1px;--awb-border-left:1px;--awb-border-style:solid;width:50%;width:calc(50% - ( ( 4% ) * 0.5 ) );\"><div class=\"fusion-column-wrapper fusion-column-has-shadow fusion-flex-column-wrapper-legacy\"><div class=\"fusion-title title fusion-title-3 fusion-title-text fusion-title-size-four\" style=\"--awb-text-color:#686868;--awb-margin-top-small:0px;--awb-margin-right-small:0px;--awb-margin-bottom-small:20px;--awb-margin-left-small:0px;--awb-font-size:1.4em;\"><h4 class=\"fusion-title-heading title-heading-left fusion-responsive-typography-calculated\" style=\"margin:0;font-size:1em;--fontSize:21;--minFontSize:21;line-height:1.73;\">\u2028DEVOLUCI\u00d3N O CAMBIO<\/h4><span class=\"awb-title-spacer\"><\/span><div class=\"title-sep-container\"><div class=\"title-sep sep- sep-solid\" style=\"border-color:#e0dede;\"><\/div><\/div><\/div><div class=\"fusion-text fusion-text-3\"><ul>\n<li>Si ten\u00e9is alg\u00fan problema en el pedido o en alguno de los productos, pod\u00e9is hac\u00e9rnoslo saber mediante la direcci\u00f3n electr\u00f3nica <a href=\"mailto:info@eltossalcartografies.com\">info@eltossalcartografies.com<\/a> e intentaremos resolverlo lo m\u00e1s r\u00e1pido posible.<\/li>\n<li>Si recib\u00eds alg\u00fan producto defectuoso nos lo ten\u00e9is que comunicar por escrito a la direcci\u00f3n electr\u00f3nica citada antes de 2 d\u00edas desde la recepci\u00f3n del pedido y os haremos el cambio.<\/li>\n<li>Si por cualquier motivo no qued\u00e1is satisfecho con vuestro pedido, ten\u00e9is un plazo de 15 d\u00edas naturales contadores desde la fecha de entrega del pedido, para devolverla. Seg\u00fan los art\u00edculos 102 y 104 del RDL 1\/2007, de 16 de noviembre, por el cual se aprueba el texto refundido de la Ley general para la defensa de los consumidores y usuarios, y otras leyes complementarias, ten\u00e9is que avisar por escrito a la direcci\u00f3n electr\u00f3nica citada antes de 15 d\u00edas.<\/li>\n<li>En cualquier de los casos ten\u00e9is que hacernos llegar el producto en perfectas condiciones, <strong>sin usar y con el envoltorio original<\/strong>. Despu\u00e9s de recibirlo y de verificar que se encuentra en las condiciones mencionadas procederemos al reintegro del importe de acuerdo con la modalidad de pago acordada en caso de devoluci\u00f3n; o al env\u00edo del nuevo producto en el caso de cambio por defecto.<\/li>\n<li>El env\u00edo del producto defectuoso o no deseado siempre corre a cargo del cliente, <em>el Tossal Cartograf\u00edes<\/em> no acepta env\u00edos a gastos debidos. En caso de cambio por producto defectuoso no se tienen que volver a pagar los gastos de env\u00edo por parte del cliente adem\u00e1s e<em>l Tossal Cartograf\u00edes<\/em> nos hacemos cargo del env\u00edo, ordinario por Correos, de dicho producto por parte del cliente.<\/li>\n<\/ul>\n<\/div><div class=\"fusion-clearfix\"><\/div><\/div><\/div><div class=\"fusion-layout-column fusion_builder_column_inner fusion-builder-nested-column-2 fusion_builder_column_inner_1_1 1_1 fusion-one-full fusion-column-first fusion-column-last\" style=\"--awb-padding-top:2em;--awb-padding-right:2em;--awb-padding-bottom:2em;--awb-padding-left:2em;--awb-bg-size:cover;--awb-border-color:#f7f7f7;--awb-border-top:1px;--awb-border-right:1px;--awb-border-bottom:1px;--awb-border-left:1px;--awb-border-style:solid;\"><div class=\"fusion-column-wrapper fusion-column-has-shadow fusion-flex-column-wrapper-legacy\"><div class=\"fusion-title title fusion-title-4 fusion-title-text fusion-title-size-four\" style=\"--awb-text-color:#686868;--awb-margin-top-small:0px;--awb-margin-right-small:0px;--awb-margin-bottom-small:20px;--awb-margin-left-small:0px;--awb-font-size:1.4em;\"><h4 class=\"fusion-title-heading title-heading-left fusion-responsive-typography-calculated\" style=\"margin:0;font-size:1em;--fontSize:21;--minFontSize:21;line-height:1.73;\">FORMA DE PAGO<\/h4><span class=\"awb-title-spacer\"><\/span><div class=\"title-sep-container\"><div class=\"title-sep sep- sep-solid\" style=\"border-color:#e0dede;\"><\/div><\/div><\/div><div class=\"fusion-text fusion-text-4\"><ul>\n<li>El sistema os mostrar\u00e1 la forma de pago.<\/li>\n<li>Con tarjeta de d\u00e9bito\/cr\u00e9dito mediante la Plataforma TPV Virtual de Cajamar sin ning\u00fan gasto adicional.<\/li>\n<li>Con la pasarela de pago Paypal. Con 1 \u20ac de gasto adicional.<\/li>\n<li>Si ten\u00e9is problemas en el pago con tarjeta de d\u00e9bito\/cr\u00e9dito pod\u00e9is contactar con nosotros mediante la direcci\u00f3n electr\u00f3nica <a href=\"mailto:info@eltossalcartografies.com\">info@eltossalcartografies.com<\/a> para gestionar el pago por transferencia bancaria.<\/li>\n<\/ul>\n<\/div><div class=\"fusion-clearfix\"><\/div><\/div><\/div><\/div><div class=\"fusion-clearfix\"><\/div><\/div><\/div><\/div><\/div>\n","protected":false},"excerpt":{"rendered":"","protected":false},"author":1,"featured_media":0,"parent":0,"menu_order":0,"comment_status":"closed","ping_status":"closed","template":"","meta":{"_acf_changed":false,"footnotes":""},"class_list":["post-23082","page","type-page","status-publish","hentry"],"acf":[],"yoast_head":"<!-- This site is optimized with the Yoast SEO Premium plugin v27.4 (Yoast SEO v27.4) - https:\/\/yoast.com\/product\/yoast-seo-premium-wordpress\/ -->\n<title>Condiciones de la venta, env\u00edo, entrega y devoluciones - El Tossal Cartografies<\/title>\n<meta name=\"description\" content=\"Condiciones de la venta env\u00edo entrega y devoluciones de El Tossal Cartografies. Informaci\u00f3n sobre env\u00edo, entrega, devoluciones, pagos.\" \/>\n<meta name=\"robots\" content=\"index, follow, max-snippet:-1, max-image-preview:large, max-video-preview:-1\" \/>\n<link rel=\"canonical\" href=\"https:\/\/eltossalcartografies.com\/es\/condiciones-de-la-venta-envio-entrega-y-devoluciones\/\" \/>\n<meta property=\"og:locale\" content=\"es_ES\" \/>\n<meta property=\"og:type\" content=\"article\" \/>\n<meta property=\"og:title\" content=\"Condiciones de la venta, env\u00edo, entrega y devoluciones\" \/>\n<meta property=\"og:description\" content=\"Condiciones de la venta env\u00edo entrega y devoluciones de El Tossal Cartografies. Informaci\u00f3n sobre env\u00edo, entrega, devoluciones, pagos.\" \/>\n<meta property=\"og:url\" content=\"https:\/\/eltossalcartografies.com\/es\/condiciones-de-la-venta-envio-entrega-y-devoluciones\/\" \/>\n<meta property=\"og:site_name\" content=\"El Tossal Cartografies\" \/>\n<meta property=\"article:publisher\" content=\"https:\/\/www.facebook.com\/ElTossalCartografies\/\" \/>\n<meta property=\"article:modified_time\" content=\"2026-01-13T17:41:00+00:00\" \/>\n<meta property=\"og:image\" content=\"https:\/\/eltossalcartografies.com\/wp-content\/uploads\/2020\/06\/logo-tossal-paypal.png\" \/>\n\t<meta property=\"og:image:width\" content=\"190\" \/>\n\t<meta property=\"og:image:height\" content=\"60\" \/>\n\t<meta property=\"og:image:type\" content=\"image\/png\" \/>\n<meta name=\"twitter:card\" content=\"summary_large_image\" \/>\n<meta name=\"twitter:label1\" content=\"Tiempo de lectura\" \/>\n\t<meta name=\"twitter:data1\" content=\"4 minutos\" \/>\n<script type=\"application\/ld+json\" class=\"yoast-schema-graph\">{\"@context\":\"https:\\\/\\\/schema.org\",\"@graph\":[{\"@type\":\"WebPage\",\"@id\":\"https:\\\/\\\/eltossalcartografies.com\\\/es\\\/condiciones-de-la-venta-envio-entrega-y-devoluciones\\\/\",\"url\":\"https:\\\/\\\/eltossalcartografies.com\\\/es\\\/condiciones-de-la-venta-envio-entrega-y-devoluciones\\\/\",\"name\":\"Condiciones de la venta, env\u00edo, entrega y devoluciones - El Tossal Cartografies\",\"isPartOf\":{\"@id\":\"https:\\\/\\\/eltossalcartografies.com\\\/es\\\/#website\"},\"datePublished\":\"2020-05-09T15:21:51+00:00\",\"dateModified\":\"2026-01-13T17:41:00+00:00\",\"description\":\"Condiciones de la venta env\u00edo entrega y devoluciones de El Tossal Cartografies. Informaci\u00f3n sobre env\u00edo, entrega, devoluciones, pagos.\",\"breadcrumb\":{\"@id\":\"https:\\\/\\\/eltossalcartografies.com\\\/es\\\/condiciones-de-la-venta-envio-entrega-y-devoluciones\\\/#breadcrumb\"},\"inLanguage\":\"es\",\"potentialAction\":[{\"@type\":\"ReadAction\",\"target\":[\"https:\\\/\\\/eltossalcartografies.com\\\/es\\\/condiciones-de-la-venta-envio-entrega-y-devoluciones\\\/\"]}]},{\"@type\":\"BreadcrumbList\",\"@id\":\"https:\\\/\\\/eltossalcartografies.com\\\/es\\\/condiciones-de-la-venta-envio-entrega-y-devoluciones\\\/#breadcrumb\",\"itemListElement\":[{\"@type\":\"ListItem\",\"position\":1,\"name\":\"Portada\",\"item\":\"https:\\\/\\\/eltossalcartografies.com\\\/es\\\/\"},{\"@type\":\"ListItem\",\"position\":2,\"name\":\"Condiciones de la venta, env\u00edo, entrega y devoluciones\"}]},{\"@type\":\"WebSite\",\"@id\":\"https:\\\/\\\/eltossalcartografies.com\\\/es\\\/#website\",\"url\":\"https:\\\/\\\/eltossalcartografies.com\\\/es\\\/\",\"name\":\"El Tossal Cartografies\",\"description\":\"cartografia, venda de mapes\",\"publisher\":{\"@id\":\"https:\\\/\\\/eltossalcartografies.com\\\/es\\\/#organization\"},\"potentialAction\":[{\"@type\":\"SearchAction\",\"target\":{\"@type\":\"EntryPoint\",\"urlTemplate\":\"https:\\\/\\\/eltossalcartografies.com\\\/es\\\/?s={search_term_string}\"},\"query-input\":{\"@type\":\"PropertyValueSpecification\",\"valueRequired\":true,\"valueName\":\"search_term_string\"}}],\"inLanguage\":\"es\"},{\"@type\":\"Organization\",\"@id\":\"https:\\\/\\\/eltossalcartografies.com\\\/es\\\/#organization\",\"name\":\"El Tossal Cartografies\",\"url\":\"https:\\\/\\\/eltossalcartografies.com\\\/es\\\/\",\"logo\":{\"@type\":\"ImageObject\",\"inLanguage\":\"es\",\"@id\":\"https:\\\/\\\/eltossalcartografies.com\\\/es\\\/#\\\/schema\\\/logo\\\/image\\\/\",\"url\":\"https:\\\/\\\/eltossalcartografies.com\\\/wp-content\\\/uploads\\\/2020\\\/05\\\/logo-tossal-sitcky-verdet.png\",\"contentUrl\":\"https:\\\/\\\/eltossalcartografies.com\\\/wp-content\\\/uploads\\\/2020\\\/05\\\/logo-tossal-sitcky-verdet.png\",\"width\":155,\"height\":120,\"caption\":\"El Tossal Cartografies\"},\"image\":{\"@id\":\"https:\\\/\\\/eltossalcartografies.com\\\/es\\\/#\\\/schema\\\/logo\\\/image\\\/\"},\"sameAs\":[\"https:\\\/\\\/www.facebook.com\\\/ElTossalCartografies\\\/\",\"https:\\\/\\\/instagram.com\\\/eltossalcartografies\\\/\"]}]}<\/script>\n<!-- \/ Yoast SEO Premium plugin. -->","yoast_head_json":{"title":"Condiciones de la venta, env\u00edo, entrega y devoluciones - El Tossal Cartografies","description":"Condiciones de la venta env\u00edo entrega y devoluciones de El Tossal Cartografies. Informaci\u00f3n sobre env\u00edo, entrega, devoluciones, pagos.","robots":{"index":"index","follow":"follow","max-snippet":"max-snippet:-1","max-image-preview":"max-image-preview:large","max-video-preview":"max-video-preview:-1"},"canonical":"https:\/\/eltossalcartografies.com\/es\/condiciones-de-la-venta-envio-entrega-y-devoluciones\/","og_locale":"es_ES","og_type":"article","og_title":"Condiciones de la venta, env\u00edo, entrega y devoluciones","og_description":"Condiciones de la venta env\u00edo entrega y devoluciones de El Tossal Cartografies. Informaci\u00f3n sobre env\u00edo, entrega, devoluciones, pagos.","og_url":"https:\/\/eltossalcartografies.com\/es\/condiciones-de-la-venta-envio-entrega-y-devoluciones\/","og_site_name":"El Tossal Cartografies","article_publisher":"https:\/\/www.facebook.com\/ElTossalCartografies\/","article_modified_time":"2026-01-13T17:41:00+00:00","og_image":[{"width":190,"height":60,"url":"https:\/\/eltossalcartografies.com\/wp-content\/uploads\/2020\/06\/logo-tossal-paypal.png","type":"image\/png"}],"twitter_card":"summary_large_image","twitter_misc":{"Tiempo de lectura":"4 minutos"},"schema":{"@context":"https:\/\/schema.org","@graph":[{"@type":"WebPage","@id":"https:\/\/eltossalcartografies.com\/es\/condiciones-de-la-venta-envio-entrega-y-devoluciones\/","url":"https:\/\/eltossalcartografies.com\/es\/condiciones-de-la-venta-envio-entrega-y-devoluciones\/","name":"Condiciones de la venta, env\u00edo, entrega y devoluciones - El Tossal Cartografies","isPartOf":{"@id":"https:\/\/eltossalcartografies.com\/es\/#website"},"datePublished":"2020-05-09T15:21:51+00:00","dateModified":"2026-01-13T17:41:00+00:00","description":"Condiciones de la venta env\u00edo entrega y devoluciones de El Tossal Cartografies. Informaci\u00f3n sobre env\u00edo, entrega, devoluciones, pagos.","breadcrumb":{"@id":"https:\/\/eltossalcartografies.com\/es\/condiciones-de-la-venta-envio-entrega-y-devoluciones\/#breadcrumb"},"inLanguage":"es","potentialAction":[{"@type":"ReadAction","target":["https:\/\/eltossalcartografies.com\/es\/condiciones-de-la-venta-envio-entrega-y-devoluciones\/"]}]},{"@type":"BreadcrumbList","@id":"https:\/\/eltossalcartografies.com\/es\/condiciones-de-la-venta-envio-entrega-y-devoluciones\/#breadcrumb","itemListElement":[{"@type":"ListItem","position":1,"name":"Portada","item":"https:\/\/eltossalcartografies.com\/es\/"},{"@type":"ListItem","position":2,"name":"Condiciones de la venta, env\u00edo, entrega y devoluciones"}]},{"@type":"WebSite","@id":"https:\/\/eltossalcartografies.com\/es\/#website","url":"https:\/\/eltossalcartografies.com\/es\/","name":"El Tossal Cartografies","description":"cartografia, venda de mapes","publisher":{"@id":"https:\/\/eltossalcartografies.com\/es\/#organization"},"potentialAction":[{"@type":"SearchAction","target":{"@type":"EntryPoint","urlTemplate":"https:\/\/eltossalcartografies.com\/es\/?s={search_term_string}"},"query-input":{"@type":"PropertyValueSpecification","valueRequired":true,"valueName":"search_term_string"}}],"inLanguage":"es"},{"@type":"Organization","@id":"https:\/\/eltossalcartografies.com\/es\/#organization","name":"El Tossal Cartografies","url":"https:\/\/eltossalcartografies.com\/es\/","logo":{"@type":"ImageObject","inLanguage":"es","@id":"https:\/\/eltossalcartografies.com\/es\/#\/schema\/logo\/image\/","url":"https:\/\/eltossalcartografies.com\/wp-content\/uploads\/2020\/05\/logo-tossal-sitcky-verdet.png","contentUrl":"https:\/\/eltossalcartografies.com\/wp-content\/uploads\/2020\/05\/logo-tossal-sitcky-verdet.png","width":155,"height":120,"caption":"El Tossal Cartografies"},"image":{"@id":"https:\/\/eltossalcartografies.com\/es\/#\/schema\/logo\/image\/"},"sameAs":["https:\/\/www.facebook.com\/ElTossalCartografies\/","https:\/\/instagram.com\/eltossalcartografies\/"]}]}},"_links":{"self":[{"href":"https:\/\/eltossalcartografies.com\/es\/wp-json\/wp\/v2\/pages\/23082","targetHints":{"allow":["GET"]}}],"collection":[{"href":"https:\/\/eltossalcartografies.com\/es\/wp-json\/wp\/v2\/pages"}],"about":[{"href":"https:\/\/eltossalcartografies.com\/es\/wp-json\/wp\/v2\/types\/page"}],"author":[{"embeddable":true,"href":"https:\/\/eltossalcartografies.com\/es\/wp-json\/wp\/v2\/users\/1"}],"replies":[{"embeddable":true,"href":"https:\/\/eltossalcartografies.com\/es\/wp-json\/wp\/v2\/comments?post=23082"}],"version-history":[{"count":6,"href":"https:\/\/eltossalcartografies.com\/es\/wp-json\/wp\/v2\/pages\/23082\/revisions"}],"predecessor-version":[{"id":23096,"href":"https:\/\/eltossalcartografies.com\/es\/wp-json\/wp\/v2\/pages\/23082\/revisions\/23096"}],"wp:attachment":[{"href":"https:\/\/eltossalcartografies.com\/es\/wp-json\/wp\/v2\/media?parent=23082"}],"curies":[{"name":"wp","href":"https:\/\/api.w.org\/{rel}","templated":true}]}}