{"id":23086,"date":"2020-05-25T07:58:40","date_gmt":"2020-05-25T07:58:40","guid":{"rendered":"https:\/\/eltossalcartografies.com\/contacte-i-termes-legals\/"},"modified":"2026-01-13T18:47:00","modified_gmt":"2026-01-13T17:47:00","slug":"contacto-y-terminos-legales","status":"publish","type":"page","link":"https:\/\/eltossalcartografies.com\/es\/contacto-y-terminos-legales\/","title":{"rendered":"Contacto y t\u00e9rminos legales"},"content":{"rendered":"<div class=\"fusion-fullwidth fullwidth-box fusion-builder-row-1 nonhundred-percent-fullwidth non-hundred-percent-height-scrolling\" style=\"--awb-border-radius-top-left:0px;--awb-border-radius-top-right:0px;--awb-border-radius-bottom-right:0px;--awb-border-radius-bottom-left:0px;--awb-padding-top:3%;--awb-padding-right:5%;--awb-padding-bottom:5%;--awb-padding-left:5%;--awb-flex-wrap:wrap;\" ><div class=\"fusion-builder-row fusion-row\"><div class=\"fusion-layout-column fusion_builder_column fusion-builder-column-0 fusion_builder_column_1_1 1_1 fusion-one-full fusion-column-first fusion-column-last\" style=\"--awb-bg-size:cover;\"><div class=\"fusion-column-wrapper fusion-column-has-shadow fusion-flex-column-wrapper-legacy\"><div class=\"fusion-title title fusion-title-1 fusion-title-text fusion-title-size-one\" style=\"--awb-margin-top:2em;--awb-font-size:2em;\"><h1 class=\"fusion-title-heading title-heading-left fusion-responsive-typography-calculated\" style=\"margin:0;font-size:1em;--fontSize:30;line-height:1.2;\">Contacto i t\u00e9rminos legales<\/h1><span class=\"awb-title-spacer\"><\/span><div class=\"title-sep-container\"><div class=\"title-sep sep- sep-solid\" style=\"border-color:#e0dede;\"><\/div><\/div><\/div><div class=\"fusion-builder-row fusion-builder-row-inner fusion-row\"><div class=\"fusion-layout-column fusion_builder_column_inner fusion-builder-nested-column-0 fusion_builder_column_inner_1_2 1_2 fusion-one-half fusion-column-first\" style=\"--awb-padding-top:2em;--awb-padding-right:2em;--awb-padding-bottom:2em;--awb-padding-left:2em;--awb-bg-size:cover;--awb-border-color:#f7f7f7;--awb-border-top:1px;--awb-border-right:1px;--awb-border-bottom:1px;--awb-border-left:1px;--awb-border-style:solid;width:50%;width:calc(50% - ( ( 4% ) * 0.5 ) );margin-right: 4%;\"><div class=\"fusion-column-wrapper fusion-column-has-shadow fusion-flex-column-wrapper-legacy\"><div class=\"fusion-title title fusion-title-2 fusion-title-text fusion-title-size-four\" style=\"--awb-text-color:#686868;--awb-font-size:1.4em;\"><h4 class=\"fusion-title-heading title-heading-left fusion-responsive-typography-calculated\" style=\"margin:0;font-size:1em;--fontSize:21;--minFontSize:21;line-height:1.73;\">\u2028DATOS IDENTIFICATIVOS DEL CONTACTO<\/h4><span class=\"awb-title-spacer\"><\/span><div class=\"title-sep-container\"><div class=\"title-sep sep- sep-solid\" style=\"border-color:#e0dede;\"><\/div><\/div><\/div><div class=\"fusion-text fusion-text-1\"><p class=\"p1\"><span class=\"s1\">Nombre <\/span>comercial: el Tossal Cartografies<\/p>\n<p><span class=\"s1\">Nombre<\/span>: \u00d2scar Arnau Juan DNI: 33452193G Tel.: 653586580<br \/>\n<span class=\"s1\">Nombre<\/span>: Pau Fuster Puig DNI: 53205680X Tel.: 679423146<br \/>\n<span class=\"s1\">Nombre<\/span>: Natxo Segura Martinez DNI: 21671954C Tel.: 606835228<\/p>\n<p class=\"p1\"><span class=\"s1\">Direcci\u00f3n electr\u00f3nica:<\/span>\u00a0info@eltossalcartografies.com<\/p>\n<\/div><div class=\"fusion-title title fusion-title-3 fusion-title-text fusion-title-size-four\" style=\"--awb-text-color:#686868;--awb-margin-top:2em;--awb-font-size:1.4em;\"><h4 class=\"fusion-title-heading title-heading-left fusion-responsive-typography-calculated\" style=\"margin:0;font-size:1em;--fontSize:21;--minFontSize:21;line-height:1.73;\">DATOS DE LA TARJETA DE CR\u00c9DITO<\/h4><span class=\"awb-title-spacer\"><\/span><div class=\"title-sep-container\"><div class=\"title-sep sep- sep-solid\" style=\"border-color:#e0dede;\"><\/div><\/div><\/div><div class=\"fusion-text fusion-text-2\"><p>El Tossal Cartograf\u00edes nunca recibe los datos de vuestra tarjeta de d\u00e9bito\/cr\u00e9dito, puesto que son procesadas directamente por el banco Cajamar en el caso del TPV o mediante protocolos seguros de Paypal.<\/p>\n<\/div><div class=\"fusion-clearfix\"><\/div><\/div><\/div><div class=\"fusion-layout-column fusion_builder_column_inner fusion-builder-nested-column-1 fusion_builder_column_inner_1_2 1_2 fusion-one-half fusion-column-last\" style=\"--awb-padding-top:2em;--awb-padding-right:2em;--awb-padding-bottom:2em;--awb-padding-left:2em;--awb-bg-size:cover;--awb-border-color:#f7f7f7;--awb-border-top:1px;--awb-border-right:1px;--awb-border-bottom:1px;--awb-border-left:1px;--awb-border-style:solid;width:50%;width:calc(50% - ( ( 4% ) * 0.5 ) );\"><div class=\"fusion-column-wrapper fusion-column-has-shadow fusion-flex-column-wrapper-legacy\"><div class=\"fusion-title title fusion-title-4 fusion-title-text fusion-title-size-four\" style=\"--awb-text-color:#686868;--awb-font-size:1.4em;\"><h4 class=\"fusion-title-heading title-heading-left fusion-responsive-typography-calculated\" style=\"margin:0;font-size:1em;--fontSize:21;--minFontSize:21;line-height:1.73;\">TRATAMIENTO DE VUESTROS DATOS PERSONALES<\/h4><span class=\"awb-title-spacer\"><\/span><div class=\"title-sep-container\"><div class=\"title-sep sep- sep-solid\" style=\"border-color:#e0dede;\"><\/div><\/div><\/div><div class=\"fusion-text fusion-text-3\"><ul>\n<li>Os pedimos algunos datos personales (nombre, apellidos, direcci\u00f3n, tel\u00e9fono y direcci\u00f3n electr\u00f3nica) con el fin de tramitar el env\u00edo de los pedidos.<\/li>\n<li>Nos dais vuestra conformidad para archivarlas en nuestra base de datos de clientes para el uso interno. A pesar de que, de acuerdo con la legislaci\u00f3n vigente de protecci\u00f3n de datos y el \u00bbReglamento general de protecci\u00f3n de datoss (UE) 2016\/679\u00bb, pod\u00e9is ejercer vuestros derechos de acceso, rectificaci\u00f3n, supresi\u00f3n y portabilidad, y a la limitaci\u00f3n o la oposici\u00f3n al tratamiento ante <em>el Tossal Cartograf\u00edes<\/em> mediante el correo electr\u00f3nico <a href=\"mailto:info@eltossalcartografies.com\">info@eltossalcartografies.com<\/a>.<\/li>\n<li>En ning\u00fan caso <em>el Tossal Cartograf\u00edes<\/em> vende la informaci\u00f3n de los clientes a terceros ni cede ninguna informaci\u00f3n de vuestros datos.<\/li>\n<\/ul>\n<\/div><div class=\"fusion-clearfix\"><\/div><\/div><\/div><div class=\"fusion-layout-column fusion_builder_column_inner fusion-builder-nested-column-2 fusion_builder_column_inner_1_1 1_1 fusion-one-full fusion-column-first fusion-column-last\" style=\"--awb-padding-top:2em;--awb-padding-right:2em;--awb-padding-bottom:2em;--awb-padding-left:2em;--awb-bg-size:cover;--awb-border-color:#f7f7f7;--awb-border-top:1px;--awb-border-right:1px;--awb-border-bottom:1px;--awb-border-left:1px;--awb-border-style:solid;\"><div class=\"fusion-column-wrapper fusion-column-has-shadow fusion-flex-column-wrapper-legacy\"><div class=\"fusion-clearfix\"><\/div><\/div><\/div><\/div><div class=\"fusion-clearfix\"><\/div><\/div><\/div><\/div><\/div>\n","protected":false},"excerpt":{"rendered":"","protected":false},"author":1,"featured_media":0,"parent":0,"menu_order":0,"comment_status":"closed","ping_status":"closed","template":"","meta":{"_acf_changed":false,"footnotes":""},"class_list":["post-23086","page","type-page","status-publish","hentry"],"acf":[],"yoast_head":"<!-- This site is optimized with the Yoast SEO Premium plugin v27.0 (Yoast SEO v27.4) - https:\/\/yoast.com\/product\/yoast-seo-premium-wordpress\/ -->\n<title>Contacto y t\u00e9rminos legales - El Tossal Cartografies<\/title>\n<meta name=\"description\" content=\"Contacto y t\u00e9rminos legales de El Tossal Cartografies. Informaci\u00f3n de contacto, aviso legal, condiciones de venta y pol\u00edtica de privacidad.\" \/>\n<meta name=\"robots\" content=\"index, follow, max-snippet:-1, max-image-preview:large, max-video-preview:-1\" \/>\n<link rel=\"canonical\" href=\"https:\/\/eltossalcartografies.com\/es\/contacto-y-terminos-legales\/\" \/>\n<meta property=\"og:locale\" content=\"es_ES\" \/>\n<meta property=\"og:type\" content=\"article\" \/>\n<meta property=\"og:title\" content=\"Contacto y t\u00e9rminos legales\" \/>\n<meta property=\"og:description\" content=\"Contacto y t\u00e9rminos legales de El Tossal Cartografies. Informaci\u00f3n de contacto, aviso legal, condiciones de venta y pol\u00edtica de privacidad.\" \/>\n<meta property=\"og:url\" content=\"https:\/\/eltossalcartografies.com\/es\/contacto-y-terminos-legales\/\" \/>\n<meta property=\"og:site_name\" content=\"El Tossal Cartografies\" \/>\n<meta property=\"article:publisher\" content=\"https:\/\/www.facebook.com\/ElTossalCartografies\/\" \/>\n<meta property=\"article:modified_time\" content=\"2026-01-13T17:47:00+00:00\" \/>\n<meta property=\"og:image\" content=\"https:\/\/eltossalcartografies.com\/wp-content\/uploads\/2020\/06\/logo-tossal-paypal.png\" \/>\n\t<meta property=\"og:image:width\" content=\"190\" \/>\n\t<meta property=\"og:image:height\" content=\"60\" \/>\n\t<meta property=\"og:image:type\" content=\"image\/png\" \/>\n<meta name=\"twitter:card\" content=\"summary_large_image\" \/>\n<meta name=\"twitter:label1\" content=\"Tiempo de lectura\" \/>\n\t<meta name=\"twitter:data1\" content=\"1 minuto\" \/>\n<script type=\"application\/ld+json\" class=\"yoast-schema-graph\">{\"@context\":\"https:\\\/\\\/schema.org\",\"@graph\":[{\"@type\":\"WebPage\",\"@id\":\"https:\\\/\\\/eltossalcartografies.com\\\/es\\\/contacto-y-terminos-legales\\\/\",\"url\":\"https:\\\/\\\/eltossalcartografies.com\\\/es\\\/contacto-y-terminos-legales\\\/\",\"name\":\"Contacto y t\u00e9rminos legales - El Tossal Cartografies\",\"isPartOf\":{\"@id\":\"https:\\\/\\\/eltossalcartografies.com\\\/es\\\/#website\"},\"datePublished\":\"2020-05-25T07:58:40+00:00\",\"dateModified\":\"2026-01-13T17:47:00+00:00\",\"description\":\"Contacto y t\u00e9rminos legales de El Tossal Cartografies. Informaci\u00f3n de contacto, aviso legal, condiciones de venta y pol\u00edtica de privacidad.\",\"breadcrumb\":{\"@id\":\"https:\\\/\\\/eltossalcartografies.com\\\/es\\\/contacto-y-terminos-legales\\\/#breadcrumb\"},\"inLanguage\":\"es\",\"potentialAction\":[{\"@type\":\"ReadAction\",\"target\":[\"https:\\\/\\\/eltossalcartografies.com\\\/es\\\/contacto-y-terminos-legales\\\/\"]}]},{\"@type\":\"BreadcrumbList\",\"@id\":\"https:\\\/\\\/eltossalcartografies.com\\\/es\\\/contacto-y-terminos-legales\\\/#breadcrumb\",\"itemListElement\":[{\"@type\":\"ListItem\",\"position\":1,\"name\":\"Portada\",\"item\":\"https:\\\/\\\/eltossalcartografies.com\\\/es\\\/\"},{\"@type\":\"ListItem\",\"position\":2,\"name\":\"Contacto y t\u00e9rminos legales\"}]},{\"@type\":\"WebSite\",\"@id\":\"https:\\\/\\\/eltossalcartografies.com\\\/es\\\/#website\",\"url\":\"https:\\\/\\\/eltossalcartografies.com\\\/es\\\/\",\"name\":\"El Tossal Cartografies\",\"description\":\"cartografia, venda de mapes\",\"publisher\":{\"@id\":\"https:\\\/\\\/eltossalcartografies.com\\\/es\\\/#organization\"},\"potentialAction\":[{\"@type\":\"SearchAction\",\"target\":{\"@type\":\"EntryPoint\",\"urlTemplate\":\"https:\\\/\\\/eltossalcartografies.com\\\/es\\\/?s={search_term_string}\"},\"query-input\":{\"@type\":\"PropertyValueSpecification\",\"valueRequired\":true,\"valueName\":\"search_term_string\"}}],\"inLanguage\":\"es\"},{\"@type\":\"Organization\",\"@id\":\"https:\\\/\\\/eltossalcartografies.com\\\/es\\\/#organization\",\"name\":\"El Tossal Cartografies\",\"url\":\"https:\\\/\\\/eltossalcartografies.com\\\/es\\\/\",\"logo\":{\"@type\":\"ImageObject\",\"inLanguage\":\"es\",\"@id\":\"https:\\\/\\\/eltossalcartografies.com\\\/es\\\/#\\\/schema\\\/logo\\\/image\\\/\",\"url\":\"https:\\\/\\\/eltossalcartografies.com\\\/wp-content\\\/uploads\\\/2020\\\/05\\\/logo-tossal-sitcky-verdet.png\",\"contentUrl\":\"https:\\\/\\\/eltossalcartografies.com\\\/wp-content\\\/uploads\\\/2020\\\/05\\\/logo-tossal-sitcky-verdet.png\",\"width\":155,\"height\":120,\"caption\":\"El Tossal Cartografies\"},\"image\":{\"@id\":\"https:\\\/\\\/eltossalcartografies.com\\\/es\\\/#\\\/schema\\\/logo\\\/image\\\/\"},\"sameAs\":[\"https:\\\/\\\/www.facebook.com\\\/ElTossalCartografies\\\/\",\"https:\\\/\\\/instagram.com\\\/eltossalcartografies\\\/\"]}]}<\/script>\n<!-- \/ Yoast SEO Premium plugin. -->","yoast_head_json":{"title":"Contacto y t\u00e9rminos legales - El Tossal Cartografies","description":"Contacto y t\u00e9rminos legales de El Tossal Cartografies. Informaci\u00f3n de contacto, aviso legal, condiciones de venta y pol\u00edtica de privacidad.","robots":{"index":"index","follow":"follow","max-snippet":"max-snippet:-1","max-image-preview":"max-image-preview:large","max-video-preview":"max-video-preview:-1"},"canonical":"https:\/\/eltossalcartografies.com\/es\/contacto-y-terminos-legales\/","og_locale":"es_ES","og_type":"article","og_title":"Contacto y t\u00e9rminos legales","og_description":"Contacto y t\u00e9rminos legales de El Tossal Cartografies. Informaci\u00f3n de contacto, aviso legal, condiciones de venta y pol\u00edtica de privacidad.","og_url":"https:\/\/eltossalcartografies.com\/es\/contacto-y-terminos-legales\/","og_site_name":"El Tossal Cartografies","article_publisher":"https:\/\/www.facebook.com\/ElTossalCartografies\/","article_modified_time":"2026-01-13T17:47:00+00:00","og_image":[{"width":190,"height":60,"url":"https:\/\/eltossalcartografies.com\/wp-content\/uploads\/2020\/06\/logo-tossal-paypal.png","type":"image\/png"}],"twitter_card":"summary_large_image","twitter_misc":{"Tiempo de lectura":"1 minuto"},"schema":{"@context":"https:\/\/schema.org","@graph":[{"@type":"WebPage","@id":"https:\/\/eltossalcartografies.com\/es\/contacto-y-terminos-legales\/","url":"https:\/\/eltossalcartografies.com\/es\/contacto-y-terminos-legales\/","name":"Contacto y t\u00e9rminos legales - El Tossal Cartografies","isPartOf":{"@id":"https:\/\/eltossalcartografies.com\/es\/#website"},"datePublished":"2020-05-25T07:58:40+00:00","dateModified":"2026-01-13T17:47:00+00:00","description":"Contacto y t\u00e9rminos legales de El Tossal Cartografies. Informaci\u00f3n de contacto, aviso legal, condiciones de venta y pol\u00edtica de privacidad.","breadcrumb":{"@id":"https:\/\/eltossalcartografies.com\/es\/contacto-y-terminos-legales\/#breadcrumb"},"inLanguage":"es","potentialAction":[{"@type":"ReadAction","target":["https:\/\/eltossalcartografies.com\/es\/contacto-y-terminos-legales\/"]}]},{"@type":"BreadcrumbList","@id":"https:\/\/eltossalcartografies.com\/es\/contacto-y-terminos-legales\/#breadcrumb","itemListElement":[{"@type":"ListItem","position":1,"name":"Portada","item":"https:\/\/eltossalcartografies.com\/es\/"},{"@type":"ListItem","position":2,"name":"Contacto y t\u00e9rminos legales"}]},{"@type":"WebSite","@id":"https:\/\/eltossalcartografies.com\/es\/#website","url":"https:\/\/eltossalcartografies.com\/es\/","name":"El Tossal Cartografies","description":"cartografia, venda de mapes","publisher":{"@id":"https:\/\/eltossalcartografies.com\/es\/#organization"},"potentialAction":[{"@type":"SearchAction","target":{"@type":"EntryPoint","urlTemplate":"https:\/\/eltossalcartografies.com\/es\/?s={search_term_string}"},"query-input":{"@type":"PropertyValueSpecification","valueRequired":true,"valueName":"search_term_string"}}],"inLanguage":"es"},{"@type":"Organization","@id":"https:\/\/eltossalcartografies.com\/es\/#organization","name":"El Tossal Cartografies","url":"https:\/\/eltossalcartografies.com\/es\/","logo":{"@type":"ImageObject","inLanguage":"es","@id":"https:\/\/eltossalcartografies.com\/es\/#\/schema\/logo\/image\/","url":"https:\/\/eltossalcartografies.com\/wp-content\/uploads\/2020\/05\/logo-tossal-sitcky-verdet.png","contentUrl":"https:\/\/eltossalcartografies.com\/wp-content\/uploads\/2020\/05\/logo-tossal-sitcky-verdet.png","width":155,"height":120,"caption":"El Tossal Cartografies"},"image":{"@id":"https:\/\/eltossalcartografies.com\/es\/#\/schema\/logo\/image\/"},"sameAs":["https:\/\/www.facebook.com\/ElTossalCartografies\/","https:\/\/instagram.com\/eltossalcartografies\/"]}]}},"_links":{"self":[{"href":"https:\/\/eltossalcartografies.com\/es\/wp-json\/wp\/v2\/pages\/23086","targetHints":{"allow":["GET"]}}],"collection":[{"href":"https:\/\/eltossalcartografies.com\/es\/wp-json\/wp\/v2\/pages"}],"about":[{"href":"https:\/\/eltossalcartografies.com\/es\/wp-json\/wp\/v2\/types\/page"}],"author":[{"embeddable":true,"href":"https:\/\/eltossalcartografies.com\/es\/wp-json\/wp\/v2\/users\/1"}],"replies":[{"embeddable":true,"href":"https:\/\/eltossalcartografies.com\/es\/wp-json\/wp\/v2\/comments?post=23086"}],"version-history":[{"count":5,"href":"https:\/\/eltossalcartografies.com\/es\/wp-json\/wp\/v2\/pages\/23086\/revisions"}],"predecessor-version":[{"id":23100,"href":"https:\/\/eltossalcartografies.com\/es\/wp-json\/wp\/v2\/pages\/23086\/revisions\/23100"}],"wp:attachment":[{"href":"https:\/\/eltossalcartografies.com\/es\/wp-json\/wp\/v2\/media?parent=23086"}],"curies":[{"name":"wp","href":"https:\/\/api.w.org\/{rel}","templated":true}]}}