{"id":23090,"date":"2020-03-27T10:55:34","date_gmt":"2020-03-27T10:55:34","guid":{"rendered":"https:\/\/eltossalcartografies.com\/politica-de-privacitat\/"},"modified":"2026-01-13T18:58:13","modified_gmt":"2026-01-13T17:58:13","slug":"politica-de-privacidad","status":"publish","type":"page","link":"https:\/\/eltossalcartografies.com\/es\/politica-de-privacidad\/","title":{"rendered":"Pol\u00edtica de privacidad"},"content":{"rendered":"<h1>Pol\u00edtica de privacidad<\/h1>\n<p class=\"western\"><span lang=\"es-ES\">El presente aviso regula el uso de esta p\u00e1gina web que \u201cEL TOSSAL CARTOGRAFIES\u201d pone a disposici\u00f3n del p\u00fablico en el presente URL (www.eltossalcartografies.com). La utilizaci\u00f3n de la p\u00e1gina web por un tercero le atribuye la condici\u00f3n de usuario. La mera utilizaci\u00f3n de la informaci\u00f3n contenida en esta p\u00e1gina web implica la total aceptaci\u00f3n del Aviso Legal por el usuario, por lo que le aconsejamos encarecidamente que acceda a \u00e9l cada vez que vuelva a este sitio web, dada su posible actualizaci\u00f3n, quedando obligado el usuario por las condiciones de uso que se hallen vigentes en el momento en que acceda a la p\u00e1gina web. EL TOSSAL CARTOGRAFIES puede ofrecer, a trav\u00e9s de la p\u00e1gina web, servicios o productos que podr\u00e1n encontrarse sometidos a unas condiciones particulares propias que, seg\u00fan los casos, sustituyen, completan y \/ o modifican el presente Aviso Legal, y sobre las cuales se informar\u00e1 al usuario en cada caso concreto.<\/span><\/p>\n<p>IDENTIDAD DEL TITULAR DE LA P\u00c1GINA WEB<\/p>\n<p class=\"western\">\u201c<span lang=\"es-ES\">EL TOSSAL CARTOGRAFIES\u201d, nombre comercial de Pau Fuster Puig DNI: 53205680X, \u00d2scar Arnau Juan DNI: 33452193G y Natxo Segura Mart\u00ednez DNI: 21671954C. Su web es: \u201chttp:\/\/www.eltossalcartografies.com\u201d.<\/span><\/p>\n<p>USO CORRECTO DE LA P\u00c1GINA WEB<\/p>\n<p>El usuario se compromete a utilizar la p\u00e1gina web, sus contenidos y servicios, de conformidad con la Ley, el presente Aviso Legal, las buenas costumbres y el orden p\u00fablico. Del mismo modo, el usuario se obliga a no utilizar la p\u00e1gina web o los servicios que se presten a trav\u00e9s de \u00e9l con fines o efectos il\u00edcitos o contrarios al contenido del presente Aviso Legal, lesivos de los intereses o derechos de terceros, o que de cualquier forma pueda da\u00f1ar, inutilizar o deteriorar la p\u00e1gina web o sus servicios. El usuario se compromete a no obstaculizar el acceso de otros usuarios al servicio de acceso mediante el consumo masivo de los recursos inform\u00e1ticos a trav\u00e9s de los cuales EL TOSSAL CARTOGRAFIES presta el servicio, as\u00ed como realizar acciones que da\u00f1en, interrumpan o generen errores en estos sistemas. Igualmente, el usuario se compromete expresamente a no destruir, alterar, inutilizar o, de cualquier otra forma, da\u00f1ar los datos, programas o documentos electr\u00f3nicos y dem\u00e1s que se encuentren en la p\u00e1gina web. El usuario se compromete a no introducir programas, virus, macros, applets, controles ActiveX o cualquier otro dispositivo l\u00f3gico o secuencia de caracteres que causen o sean susceptibles de causar cualquier tipo de alteraci\u00f3n en los sistemas inform\u00e1ticos de EL TOSSAL CARTOGRAFIES o de terceros .<\/p>\n<p>CONDICIONES DE CONTRATACI\u00d3N<\/p>\n<p class=\"western\"><span lang=\"es-ES\">El env\u00edo de cualquiera de los formularios de pedido supone una v\u00eda de contrataci\u00f3n electr\u00f3nica en los t\u00e9rminos que reconoce la Ley 34\/2002 de Servicios de la Sociedad de la Informaci\u00f3n. En base a esta ley, EL TOSSAL CARTOGRAFIES le informa que el correcto env\u00edo de los datos ciertos y necesarias, y la posterior efectividad en el pago ser\u00e1n los \u00fanicos tr\u00e1mites a cumplir para contrataci\u00f3n. El documento en el que \u00e9sta se formalice, al que usted tendr\u00e1 acceso en todo momento, ser\u00e1 almacenado en nuestras oficinas durante el tiempo legalmente obligatorio. Puede llenar los formularios en cualquier idioma de los contenidos en esta p\u00e1gina web (catal\u00e1n, castellano o ingl\u00e9s), si bien, EL TOSSAL CARTOGRAFIES no se hace responsable de los errores o de la imposibilidad de atender su solicitud de que el uso de un idioma inadecuado pueda causar.<\/span><\/p>\n<p>PROPIEDAD INTELECTUAL E INDUSTRIAL<\/p>\n<p><span lang=\"es-ES\">Todos los contenidos de la p\u00e1gina web, y con car\u00e1cter enunciativo, no limitativo, textos, im\u00e1genes, dise\u00f1o gr\u00e1fico, c\u00f3digo fuente, logotipos, marcas, nombres comerciales, signos distintivos, fotograf\u00edas y otros elementos que aparecen en la p\u00e1gina web son titularidad exclusiva de El TOSSAL CARTOGRAFIES y est\u00e1n amparados por la normativa reguladora de la Propiedad Intelectual e Industrial, quedando por tanto prohibida su modificaci\u00f3n, distribuci\u00f3n, reproducci\u00f3n, manipulaci\u00f3n, alteraci\u00f3n o supresi\u00f3n por parte del usuario. EL TOSSAL CARTOGRAFIES no concede ning\u00fan tipo de licencia o autorizaci\u00f3n de uso personal al usuario sobre sus derechos de propiedad intelectual e industrial o sobre cualquier otro derecho relacionado con su p\u00e1gina web y los servicios ofrecidos en la misma. EL TOSSAL CARTOGRAFIES es la titular exclusiva de todos los derechos de propiedad intelectual, industrial y an\u00e1logos que pudieran recaer sobre la p\u00e1gina web. EL TOSSAL CARTOGRAFIES se reserva el derecho de actualizar, modificar o eliminar, en cualquier momento y sin necesidad de previo aviso, la informaci\u00f3n contenida en su p\u00e1gina web, y su configuraci\u00f3n, prestaciones o condiciones generales.<\/span><\/p>\n<p>R\u00c9GIMEN DE RESPONSABILIDAD<\/p>\n<p class=\"western\" lang=\"es-ES\">a) Responsabilidad por el funcionamiento de la web.<\/p>\n<p class=\"western\"><span lang=\"es-ES\">EL TOSSAL CARTOGRAIES excluye cualquier responsabilidad que pudiera derivarse por retrasos o bloqueos en el funcionamiento operativo de este sistema electr\u00f3nico causado por deficiencias o sobrecarga en las l\u00edneas telef\u00f3nicas o a Internet, as\u00ed como de da\u00f1os causados por terceras personas mediante intromisiones ileg\u00edtimas fuera del control del TOSSAL CARTOGRAFIES.<br \/>\nEL TOSSAL CARTOGRAFIES no garantiza la ausencia de virus ni otros elementos que puedan producir alteraciones en su sistema inform\u00e1tico (software y hardware) o en los documentos electr\u00f3nicos y ficheros almacenados en su sistema inform\u00e1tico, por el que excluye cualquier responsabilidad por los da\u00f1os y perjuicios que puedan causar como consecuencia de su presencia. EL TOSSAL CARTOGRAFIES tampoco garantiza la inexistencia de errores de conexi\u00f3n, interrupciones o errores que imposibilitan el acceso o correcto funcionamiento de su p\u00e1gina web, no asumiendo responsabilidad alguna por los da\u00f1os y perjuicios causados por estos da\u00f1os. EL TOSSAL CARTOGRAFIES est\u00e1 facultada para suspender temporalmente, y sin previo aviso, la accesibilidad en la p\u00e1gina web con motivo de operaciones de mantenimiento, reparaci\u00f3n, actualizaci\u00f3n o mejora.<\/span><\/p>\n<p class=\"western\">b) Responsabilidad por el uso de la web.<\/p>\n<p class=\"western\"><span lang=\"es-ES\">Ser\u00e1n de responsabilidad exclusiva del usuario las infracciones en qu\u00e9 pueda incurrir o de los perjuicios que pueda causar por la utilizaci\u00f3n de la p\u00e1gina web. EL TOSSAL CARTOGRAFIES no se hace responsable de la veracidad, exactitud, adecuaci\u00f3n, idoneidad, y actualizaci\u00f3n de la informaci\u00f3n suministrada a trav\u00e9s su p\u00e1gina web, si bien, utilizar\u00e1 todos los esfuerzos y medios razonables porque la informaci\u00f3n suministrada sea veraz, exacta, adecuada, id\u00f3nea y actualizada. Dado que los contenidos de la p\u00e1gina web son de car\u00e1cter informativo, EL TOSSAL CARTOGRAFIES no se responsabiliza de los da\u00f1os y perjuicios producidos en el usuario o en terceros con base a la informaci\u00f3n obtenida en esta p\u00e1gina web. El usuario es el \u00fanico responsable ante cualquier reclamaci\u00f3n o acci\u00f3n legal, judicial o extrajudicial, iniciada por terceras personas contra EL TOSSAL CARTOGRAFIES basada en la utilizaci\u00f3n por el Usuario de la p\u00e1gina web, siente de cargo del usuario cu\u00e1ntos gastos, costes e indemnizaciones sean irrogados en EL TOSSAL CARTOGRAFIES con motivo de estas reclamaciones o acciones legales.<\/span><\/p>\n<p class=\"western\">c) Responsabilidad por links.<\/p>\n<p class=\"western\" lang=\"es-ES\"><span lang=\"es-ES\">Los links o enlaces contenidos en esta p\u00e1gina web pueden conducir el usuario en otras p\u00e1ginas web gestionadas por terceros.<br \/>\nEL TOSSAL CARTOGRAFIES no se hace responsable del correcto funcionamiento de los links o enlaces, ni de los contenidos y servicios ofrecidos en los links o enlaces, de forma que no responde de los da\u00f1os producidos por su ilicitud, calidad, desactualitzaci\u00f3n, indisponibilidad, error o inutilidad, salvo que tuviera conocimiento efectivo de la ilicitud y no hubiera actuado con la diligencia debida para eliminar estos links o enlaces.<\/span><\/p>\n<p>PROTECCI\u00d3N DE DATPS PERSONALES<\/p>\n<p class=\"western\"><span lang=\"es-ES\">Sin perjuicio del que prevea cada uno de los formularios existentes a la p\u00e1gina web, cuando el usuario facilite sus datos de car\u00e1cter personal est\u00e1 autorizando expresamente en EL TOSSAL CARTOGRAFIES al tratamiento de los mismos para las finalidades que en los mismos formularios se indiquen. EL TOSSAL CARTOGRAFIES se compromete al cumplimiento de su obligaci\u00f3n de secreto de los datos de car\u00e1cter personal y de su deber de guardarlas de forma confidencial.<\/span><\/p>\n<p>USO DE COOKIES<\/p>\n<p class=\"western\" lang=\"es-ES\">Esta p\u00e1gina web utiliza cookies (tambi\u00e9n llamadas \u2018galletas\u2019). Los cookies son peque\u00f1os ficheros de datos que se generan en el ordenador del usuario. Toda la informaci\u00f3n de las galletas de esta p\u00e1gina se encuentra a Pol\u00edtica de cookies<\/p>\n<p lang=\"es-ES\">LEGISLACI\u00d3N<\/p>\n<p class=\"western\" lang=\"es-ES\">El presente Aviso Legal queda sometido a la legislaci\u00f3n espa\u00f1ola. Todas las controversias o reclamaciones surgidas de la interpretaci\u00f3n o ejecuci\u00f3n del presente Aviso Legal se regir\u00e1n por la legislaci\u00f3n espa\u00f1ola, someti\u00e9ndose EL TOSSAL CARTOGRAFIES y el usuario, con renuncia expr\u00e9s a cualquier otro fuero, a la jurisdicci\u00f3n de los Juzgados y Tribunales del partido judicial que corresponda.<\/p>\n<p>&nbsp;<\/p>\n","protected":false},"excerpt":{"rendered":"<p>Pol\u00edtica de privacidad El presente aviso regula el uso de esta p\u00e1gina web que \u201cEL TOSSAL CARTOGRAFIES\u201d pone a disposici\u00f3n<\/p>\n","protected":false},"author":1,"featured_media":0,"parent":0,"menu_order":0,"comment_status":"closed","ping_status":"open","template":"","meta":{"_acf_changed":false,"footnotes":""},"class_list":["post-23090","page","type-page","status-publish","hentry"],"acf":[],"yoast_head":"<!-- This site is optimized with the Yoast SEO Premium plugin v27.0 (Yoast SEO v27.4) - https:\/\/yoast.com\/product\/yoast-seo-premium-wordpress\/ -->\n<title>Pol\u00edtica de privacidad - El Tossal Cartografies<\/title>\n<meta name=\"description\" content=\"Consulta la pol\u00edtica de privacidad de El Tossal Cartografies y c\u00f3mo se tratan los datos personales en el sitio web.\" \/>\n<meta name=\"robots\" content=\"index, follow, max-snippet:-1, max-image-preview:large, max-video-preview:-1\" \/>\n<link rel=\"canonical\" href=\"https:\/\/eltossalcartografies.com\/es\/politica-de-privacidad\/\" \/>\n<meta property=\"og:locale\" content=\"es_ES\" \/>\n<meta property=\"og:type\" content=\"article\" \/>\n<meta property=\"og:title\" content=\"Pol\u00edtica de privacidad\" \/>\n<meta property=\"og:description\" content=\"Consulta la pol\u00edtica de privacidad de El Tossal Cartografies y c\u00f3mo se tratan los datos personales en el sitio web.\" \/>\n<meta property=\"og:url\" content=\"https:\/\/eltossalcartografies.com\/es\/politica-de-privacidad\/\" \/>\n<meta property=\"og:site_name\" content=\"El Tossal Cartografies\" \/>\n<meta property=\"article:publisher\" content=\"https:\/\/www.facebook.com\/ElTossalCartografies\/\" \/>\n<meta property=\"article:modified_time\" content=\"2026-01-13T17:58:13+00:00\" \/>\n<meta property=\"og:image\" content=\"https:\/\/eltossalcartografies.com\/wp-content\/uploads\/2020\/06\/logo-tossal-paypal.png\" \/>\n\t<meta property=\"og:image:width\" content=\"190\" \/>\n\t<meta property=\"og:image:height\" content=\"60\" \/>\n\t<meta property=\"og:image:type\" content=\"image\/png\" \/>\n<meta name=\"twitter:card\" content=\"summary_large_image\" \/>\n<meta name=\"twitter:label1\" content=\"Tiempo de lectura\" \/>\n\t<meta name=\"twitter:data1\" content=\"7 minutos\" \/>\n<script type=\"application\/ld+json\" class=\"yoast-schema-graph\">{\"@context\":\"https:\\\/\\\/schema.org\",\"@graph\":[{\"@type\":\"WebPage\",\"@id\":\"https:\\\/\\\/eltossalcartografies.com\\\/es\\\/politica-de-privacidad\\\/\",\"url\":\"https:\\\/\\\/eltossalcartografies.com\\\/es\\\/politica-de-privacidad\\\/\",\"name\":\"Pol\u00edtica de privacidad - El Tossal Cartografies\",\"isPartOf\":{\"@id\":\"https:\\\/\\\/eltossalcartografies.com\\\/es\\\/#website\"},\"datePublished\":\"2020-03-27T10:55:34+00:00\",\"dateModified\":\"2026-01-13T17:58:13+00:00\",\"description\":\"Consulta la pol\u00edtica de privacidad de El Tossal Cartografies y c\u00f3mo se tratan los datos personales en el sitio web.\",\"breadcrumb\":{\"@id\":\"https:\\\/\\\/eltossalcartografies.com\\\/es\\\/politica-de-privacidad\\\/#breadcrumb\"},\"inLanguage\":\"es\",\"potentialAction\":[{\"@type\":\"ReadAction\",\"target\":[\"https:\\\/\\\/eltossalcartografies.com\\\/es\\\/politica-de-privacidad\\\/\"]}]},{\"@type\":\"BreadcrumbList\",\"@id\":\"https:\\\/\\\/eltossalcartografies.com\\\/es\\\/politica-de-privacidad\\\/#breadcrumb\",\"itemListElement\":[{\"@type\":\"ListItem\",\"position\":1,\"name\":\"Portada\",\"item\":\"https:\\\/\\\/eltossalcartografies.com\\\/es\\\/\"},{\"@type\":\"ListItem\",\"position\":2,\"name\":\"Pol\u00edtica de privacidad\"}]},{\"@type\":\"WebSite\",\"@id\":\"https:\\\/\\\/eltossalcartografies.com\\\/es\\\/#website\",\"url\":\"https:\\\/\\\/eltossalcartografies.com\\\/es\\\/\",\"name\":\"El Tossal Cartografies\",\"description\":\"cartografia, venda de mapes\",\"publisher\":{\"@id\":\"https:\\\/\\\/eltossalcartografies.com\\\/es\\\/#organization\"},\"potentialAction\":[{\"@type\":\"SearchAction\",\"target\":{\"@type\":\"EntryPoint\",\"urlTemplate\":\"https:\\\/\\\/eltossalcartografies.com\\\/es\\\/?s={search_term_string}\"},\"query-input\":{\"@type\":\"PropertyValueSpecification\",\"valueRequired\":true,\"valueName\":\"search_term_string\"}}],\"inLanguage\":\"es\"},{\"@type\":\"Organization\",\"@id\":\"https:\\\/\\\/eltossalcartografies.com\\\/es\\\/#organization\",\"name\":\"El Tossal Cartografies\",\"url\":\"https:\\\/\\\/eltossalcartografies.com\\\/es\\\/\",\"logo\":{\"@type\":\"ImageObject\",\"inLanguage\":\"es\",\"@id\":\"https:\\\/\\\/eltossalcartografies.com\\\/es\\\/#\\\/schema\\\/logo\\\/image\\\/\",\"url\":\"https:\\\/\\\/eltossalcartografies.com\\\/wp-content\\\/uploads\\\/2020\\\/05\\\/logo-tossal-sitcky-verdet.png\",\"contentUrl\":\"https:\\\/\\\/eltossalcartografies.com\\\/wp-content\\\/uploads\\\/2020\\\/05\\\/logo-tossal-sitcky-verdet.png\",\"width\":155,\"height\":120,\"caption\":\"El Tossal Cartografies\"},\"image\":{\"@id\":\"https:\\\/\\\/eltossalcartografies.com\\\/es\\\/#\\\/schema\\\/logo\\\/image\\\/\"},\"sameAs\":[\"https:\\\/\\\/www.facebook.com\\\/ElTossalCartografies\\\/\",\"https:\\\/\\\/instagram.com\\\/eltossalcartografies\\\/\"]}]}<\/script>\n<!-- \/ Yoast SEO Premium plugin. -->","yoast_head_json":{"title":"Pol\u00edtica de privacidad - El Tossal Cartografies","description":"Consulta la pol\u00edtica de privacidad de El Tossal Cartografies y c\u00f3mo se tratan los datos personales en el sitio web.","robots":{"index":"index","follow":"follow","max-snippet":"max-snippet:-1","max-image-preview":"max-image-preview:large","max-video-preview":"max-video-preview:-1"},"canonical":"https:\/\/eltossalcartografies.com\/es\/politica-de-privacidad\/","og_locale":"es_ES","og_type":"article","og_title":"Pol\u00edtica de privacidad","og_description":"Consulta la pol\u00edtica de privacidad de El Tossal Cartografies y c\u00f3mo se tratan los datos personales en el sitio web.","og_url":"https:\/\/eltossalcartografies.com\/es\/politica-de-privacidad\/","og_site_name":"El Tossal Cartografies","article_publisher":"https:\/\/www.facebook.com\/ElTossalCartografies\/","article_modified_time":"2026-01-13T17:58:13+00:00","og_image":[{"width":190,"height":60,"url":"https:\/\/eltossalcartografies.com\/wp-content\/uploads\/2020\/06\/logo-tossal-paypal.png","type":"image\/png"}],"twitter_card":"summary_large_image","twitter_misc":{"Tiempo de lectura":"7 minutos"},"schema":{"@context":"https:\/\/schema.org","@graph":[{"@type":"WebPage","@id":"https:\/\/eltossalcartografies.com\/es\/politica-de-privacidad\/","url":"https:\/\/eltossalcartografies.com\/es\/politica-de-privacidad\/","name":"Pol\u00edtica de privacidad - El Tossal Cartografies","isPartOf":{"@id":"https:\/\/eltossalcartografies.com\/es\/#website"},"datePublished":"2020-03-27T10:55:34+00:00","dateModified":"2026-01-13T17:58:13+00:00","description":"Consulta la pol\u00edtica de privacidad de El Tossal Cartografies y c\u00f3mo se tratan los datos personales en el sitio web.","breadcrumb":{"@id":"https:\/\/eltossalcartografies.com\/es\/politica-de-privacidad\/#breadcrumb"},"inLanguage":"es","potentialAction":[{"@type":"ReadAction","target":["https:\/\/eltossalcartografies.com\/es\/politica-de-privacidad\/"]}]},{"@type":"BreadcrumbList","@id":"https:\/\/eltossalcartografies.com\/es\/politica-de-privacidad\/#breadcrumb","itemListElement":[{"@type":"ListItem","position":1,"name":"Portada","item":"https:\/\/eltossalcartografies.com\/es\/"},{"@type":"ListItem","position":2,"name":"Pol\u00edtica de privacidad"}]},{"@type":"WebSite","@id":"https:\/\/eltossalcartografies.com\/es\/#website","url":"https:\/\/eltossalcartografies.com\/es\/","name":"El Tossal Cartografies","description":"cartografia, venda de mapes","publisher":{"@id":"https:\/\/eltossalcartografies.com\/es\/#organization"},"potentialAction":[{"@type":"SearchAction","target":{"@type":"EntryPoint","urlTemplate":"https:\/\/eltossalcartografies.com\/es\/?s={search_term_string}"},"query-input":{"@type":"PropertyValueSpecification","valueRequired":true,"valueName":"search_term_string"}}],"inLanguage":"es"},{"@type":"Organization","@id":"https:\/\/eltossalcartografies.com\/es\/#organization","name":"El Tossal Cartografies","url":"https:\/\/eltossalcartografies.com\/es\/","logo":{"@type":"ImageObject","inLanguage":"es","@id":"https:\/\/eltossalcartografies.com\/es\/#\/schema\/logo\/image\/","url":"https:\/\/eltossalcartografies.com\/wp-content\/uploads\/2020\/05\/logo-tossal-sitcky-verdet.png","contentUrl":"https:\/\/eltossalcartografies.com\/wp-content\/uploads\/2020\/05\/logo-tossal-sitcky-verdet.png","width":155,"height":120,"caption":"El Tossal Cartografies"},"image":{"@id":"https:\/\/eltossalcartografies.com\/es\/#\/schema\/logo\/image\/"},"sameAs":["https:\/\/www.facebook.com\/ElTossalCartografies\/","https:\/\/instagram.com\/eltossalcartografies\/"]}]}},"_links":{"self":[{"href":"https:\/\/eltossalcartografies.com\/es\/wp-json\/wp\/v2\/pages\/23090","targetHints":{"allow":["GET"]}}],"collection":[{"href":"https:\/\/eltossalcartografies.com\/es\/wp-json\/wp\/v2\/pages"}],"about":[{"href":"https:\/\/eltossalcartografies.com\/es\/wp-json\/wp\/v2\/types\/page"}],"author":[{"embeddable":true,"href":"https:\/\/eltossalcartografies.com\/es\/wp-json\/wp\/v2\/users\/1"}],"replies":[{"embeddable":true,"href":"https:\/\/eltossalcartografies.com\/es\/wp-json\/wp\/v2\/comments?post=23090"}],"version-history":[{"count":4,"href":"https:\/\/eltossalcartografies.com\/es\/wp-json\/wp\/v2\/pages\/23090\/revisions"}],"predecessor-version":[{"id":23261,"href":"https:\/\/eltossalcartografies.com\/es\/wp-json\/wp\/v2\/pages\/23090\/revisions\/23261"}],"wp:attachment":[{"href":"https:\/\/eltossalcartografies.com\/es\/wp-json\/wp\/v2\/media?parent=23090"}],"curies":[{"name":"wp","href":"https:\/\/api.w.org\/{rel}","templated":true}]}}