{"id":23325,"date":"2020-07-20T16:54:22","date_gmt":"2020-07-20T14:54:22","guid":{"rendered":"https:\/\/eltossalcartografies.com\/politica-de-cookies-valencia\/"},"modified":"2026-01-13T18:57:16","modified_gmt":"2026-01-13T17:57:16","slug":"politica-de-cookies","status":"publish","type":"page","link":"https:\/\/eltossalcartografies.com\/es\/politica-de-cookies\/","title":{"rendered":"Pol\u00edtica de cookies"},"content":{"rendered":"<h3>Pol\u00edtica de cookies<\/h3>\n<p>En este momento, se muestran las pol\u00edticas de cookies que son las cookies y como utilidades. Deber\u00eda mostrar esta pol\u00edtica sobre los usuarios sobre qu\u00e9 son las cookies, como utilizamos, los tipos de cookies que utilizan, es decir, la informaci\u00f3n que recopila galletas y usar\u00e1 esta informaci\u00f3n sobre c\u00f3mo se controlan las preferencias de cookies. Para obtener m\u00e1s informaci\u00f3n sobre c\u00f3mo utilizarlos, almacenamos los mismos y guardan sus datos personales seguras, consulte nuestra <a href=\"https:\/\/eltossalcartografies.com\/es\/politica-de-privacidad\/\">pol\u00edtica de privacidad<\/a>. En cualquier momento puede enviar o retirarse el consentimiento de la declaraci\u00f3n de cookies en nuestro sitio web. obtenga m\u00e1s informaci\u00f3n sobre qui\u00e9n, c\u00f3mo podemos contactar con nosotros y como procesamos los datos personales a nuestra pol\u00edtica pol\u00edtica de privadesa.El su consentimiento se aplica a los dominios que podemos: eltossalcartografies.com<\/p>\n<div class=\"cli_user_consent_state\">Tu estado actual: No se ha dado el consentimiento. <a class=\"cli_manage_current_consent\" style=\"cursor:pointer;text-decoration:underline;\">Gestiona tu consentimiento.<\/a> <\/div>\n<h3>\u00bfCu\u00e1les son las cookies?<\/h3>\n<p>Las cookies son archivos de texto peque\u00f1os que se utilizan para almacenar peque\u00f1os datos. Las cookies se utilizan a su disposici\u00f3n cuando se carga el sitio web en su navegador. Estas cookies ayudan a hacer que el sitio web corrija las funciones, un sitio web que sigue m\u00e1s seguramente, puede proporcionar un mejor funcionamiento en el mismo lugar que puede comprender el funcionamiento del sitio web y analizar qu\u00e9 puede trabajar sobre la necesidad necesaria.<\/p>\n<h3>C\u00f3mo utilizamos las cookies?<\/h3>\n<p>Como la mayor\u00eda de los servicios en l\u00ednea, nuestro sitio web utiliza cookies de terceros y de cookies para varios prop\u00f3sitos. Las cookies de primera parte son principalmente necesarias para que el sitio web funcione de la manera correcta y no se recopilan ninguna de sus datos personales identificables.<\/p>\n<p>Las cookies de otros terceros que utilizan nuestros sitios web utilizan principalmente para comprender el funcionamiento del sitio web, la manera de interactuar con nuestro sitio web, durante nuestros servicios seguros, permiten publicarlos que sean relevantes para uno y, a\u00fan as\u00ed, ofreceos una mejora y una mejora. Es posible que puedas utilizar y acelerar las futuras interacciones con nuestro sitio web.<\/p>\n<h3>\u00bfQu\u00e9 tipos de cookies utilizamos?<\/h3>\n<p>Imprescindibles: las cookies que son imprescindibles para que puedan experimentar toda la funcionalidad de nuestro sitio. Permitir que se puedan hacer sesiones de usuarios y prevenir otras actividades de seguridad. No se recomienda ni almacenan informaci\u00f3n personal. Por ejemplo, estas cookies nos permiten acceder a su cuenta y a\u00f1adir productos a la cesta y la caja de seguridad de forma segura.<\/p>\n<p>Estad\u00edsticas: Estas galletas almacenan informaci\u00f3n como el n\u00famero de visitantes del sitio web, el n\u00famero de visitantes \u00fanicos, qu\u00e9 p\u00e1ginas del sitio web hay visitas, el origen de la visita, etc. sitio web y hay que hay que mejorar.<\/p>\n<p>Comercializaci\u00f3n: Nuestro sitio web muestra anuncios. Estas galletas se utilizan para personalizar los anuncios que nos muestran la mayor\u00eda de manera que podemos establecer para vosotros. Estas galletas tambi\u00e9n ofrecen un seguimiento de seguridad eficaz sobre campa\u00f1as publicitarias.<\/p>\n<p>La informaci\u00f3n almacenada en otras galletas tambi\u00e9n puede tener los proveedores de anuncios de terceros para mostrarle anuncios en otros sitios web del navegador.<\/p>\n<p>Funcionales: son las cookies que ayudan a ciertas funcionalidades no esenciales de nuestro sitio web. Estos funcionalidades incluyen incrustaci\u00f3n de contenidos como contenido web o sitio web en plataformas de redes sociales.<\/p>\n<p>Preferencias: estas cookies ayudan a almacenar la configuraci\u00f3n y preferencias de navegaci\u00f3n, como las preferencias del idioma, por lo que tenga una mejor forma eficaz en futuros visitas al sitio web.<\/p>\n<p>La siguiente lista detalla las cookies utilizadas en nuestro sitio web.<\/p><table class=\"cookielawinfo-row-cat-table cookielawinfo-classic\"><thead><tr><th class=\"cookielawinfo-column-1\">Cookie<\/th><th class=\"cookielawinfo-column-4\">Descripci\u00f3n<\/th><\/tr><\/thead><tbody><tr class=\"cookielawinfo-row\"><td class=\"cookielawinfo-column-1\">_ga<\/td><td class=\"cookielawinfo-column-4\">Cookie de Google Analytics para a distinguir a los usuaris<\/td><\/tr><tr class=\"cookielawinfo-row\"><td class=\"cookielawinfo-column-1\">_gat<\/td><td class=\"cookielawinfo-column-4\">Google Analytics<\/td><\/tr><tr class=\"cookielawinfo-row\"><td class=\"cookielawinfo-column-1\">_gid<\/td><td class=\"cookielawinfo-column-4\">Cookie de Google Analytics para distinguir a los usuarios.<\/td><\/tr><tr class=\"cookielawinfo-row\"><td class=\"cookielawinfo-column-1\">_icl_visitor_lang_js<\/td><td class=\"cookielawinfo-column-4\">Cookie de preferencias de idioma de la web<\/td><\/tr><tr class=\"cookielawinfo-row\"><td class=\"cookielawinfo-column-1\">wp-wpml_current_language<\/td><td class=\"cookielawinfo-column-4\">Cookie de preferencias de idioma de la web<\/td><\/tr><tr class=\"cookielawinfo-row\"><td class=\"cookielawinfo-column-1\">wpml_browser_redirect_test<\/td><td class=\"cookielawinfo-column-4\">Cookie de preferencias de idioma de la web<\/td><\/tr><\/tbody><\/table>\n<h3>\u00bfC\u00f3mo controlar las preferencias de cookies?<\/h3>\n<p>Si se decide cambiar sus preferencias despu\u00e9s de la sesi\u00f3n de navegaci\u00f3n, se puede hacer hacer clic en la pesta\u00f1a \u00abPol\u00edtica de privacidad y cookies\u00bb de la pantalla. As\u00ed es que se muestra un nuevo acuerdo de consentimiento que permitir enviar sus preferencias favoritas o retirar usted mismo completamente del consentimiento.<\/p>\n<p>M\u00e1s informaci\u00f3n, los diferentes navegadores proporcionan diferentes m\u00e9todos para bloquear y eliminar las cookies utilizadas por los sitios web. Puede enviar la configuraci\u00f3n de su navegador para bloquear \/ eliminar las cookies. Para obtener m\u00e1s informaci\u00f3n sobre c\u00f3mo gestionar y suprimir las cookies, visite wikipedia.org, www.allaboutcookies.org.<\/p>\n","protected":false},"excerpt":{"rendered":"<p>Pol\u00edtica de cookies En este momento, se muestran las pol\u00edticas de cookies que son las cookies y como utilidades. Deber\u00eda<\/p>\n","protected":false},"author":1,"featured_media":0,"parent":0,"menu_order":0,"comment_status":"closed","ping_status":"closed","template":"","meta":{"_acf_changed":false,"footnotes":""},"class_list":["post-23325","page","type-page","status-publish","hentry"],"acf":[],"yoast_head":"<!-- This site is optimized with the Yoast SEO Premium plugin v27.0 (Yoast SEO v27.4) - https:\/\/yoast.com\/product\/yoast-seo-premium-wordpress\/ -->\n<title>Pol\u00edtica de cookies - El Tossal Cartografies<\/title>\n<meta name=\"description\" content=\"Pol\u00edtica de cookies de El Tossal Cartografies. Informaci\u00f3n sobre el uso de cookies, tipos utilizados y c\u00f3mo gestionarlas desde el navegador.\" \/>\n<meta name=\"robots\" content=\"index, follow, max-snippet:-1, max-image-preview:large, max-video-preview:-1\" \/>\n<link rel=\"canonical\" href=\"https:\/\/eltossalcartografies.com\/es\/politica-de-cookies\/\" \/>\n<meta property=\"og:locale\" content=\"es_ES\" \/>\n<meta property=\"og:type\" content=\"article\" \/>\n<meta property=\"og:title\" content=\"Pol\u00edtica de cookies\" \/>\n<meta property=\"og:description\" content=\"Pol\u00edtica de cookies de El Tossal Cartografies. Informaci\u00f3n sobre el uso de cookies, tipos utilizados y c\u00f3mo gestionarlas desde el navegador.\" \/>\n<meta property=\"og:url\" content=\"https:\/\/eltossalcartografies.com\/es\/politica-de-cookies\/\" \/>\n<meta property=\"og:site_name\" content=\"El Tossal Cartografies\" \/>\n<meta property=\"article:publisher\" content=\"https:\/\/www.facebook.com\/ElTossalCartografies\/\" \/>\n<meta property=\"article:modified_time\" content=\"2026-01-13T17:57:16+00:00\" \/>\n<meta property=\"og:image\" content=\"https:\/\/eltossalcartografies.com\/wp-content\/uploads\/2020\/06\/logo-tossal-paypal.png\" \/>\n\t<meta property=\"og:image:width\" content=\"190\" \/>\n\t<meta property=\"og:image:height\" content=\"60\" \/>\n\t<meta property=\"og:image:type\" content=\"image\/png\" \/>\n<meta name=\"twitter:card\" content=\"summary_large_image\" \/>\n<meta name=\"twitter:label1\" content=\"Tiempo de lectura\" \/>\n\t<meta name=\"twitter:data1\" content=\"4 minutos\" \/>\n<script type=\"application\/ld+json\" class=\"yoast-schema-graph\">{\"@context\":\"https:\\\/\\\/schema.org\",\"@graph\":[{\"@type\":\"WebPage\",\"@id\":\"https:\\\/\\\/eltossalcartografies.com\\\/es\\\/politica-de-cookies\\\/\",\"url\":\"https:\\\/\\\/eltossalcartografies.com\\\/es\\\/politica-de-cookies\\\/\",\"name\":\"Pol\u00edtica de cookies - El Tossal Cartografies\",\"isPartOf\":{\"@id\":\"https:\\\/\\\/eltossalcartografies.com\\\/es\\\/#website\"},\"datePublished\":\"2020-07-20T14:54:22+00:00\",\"dateModified\":\"2026-01-13T17:57:16+00:00\",\"description\":\"Pol\u00edtica de cookies de El Tossal Cartografies. Informaci\u00f3n sobre el uso de cookies, tipos utilizados y c\u00f3mo gestionarlas desde el navegador.\",\"breadcrumb\":{\"@id\":\"https:\\\/\\\/eltossalcartografies.com\\\/es\\\/politica-de-cookies\\\/#breadcrumb\"},\"inLanguage\":\"es\",\"potentialAction\":[{\"@type\":\"ReadAction\",\"target\":[\"https:\\\/\\\/eltossalcartografies.com\\\/es\\\/politica-de-cookies\\\/\"]}]},{\"@type\":\"BreadcrumbList\",\"@id\":\"https:\\\/\\\/eltossalcartografies.com\\\/es\\\/politica-de-cookies\\\/#breadcrumb\",\"itemListElement\":[{\"@type\":\"ListItem\",\"position\":1,\"name\":\"Portada\",\"item\":\"https:\\\/\\\/eltossalcartografies.com\\\/es\\\/\"},{\"@type\":\"ListItem\",\"position\":2,\"name\":\"Pol\u00edtica de cookies\"}]},{\"@type\":\"WebSite\",\"@id\":\"https:\\\/\\\/eltossalcartografies.com\\\/es\\\/#website\",\"url\":\"https:\\\/\\\/eltossalcartografies.com\\\/es\\\/\",\"name\":\"El Tossal Cartografies\",\"description\":\"cartografia, venda de mapes\",\"publisher\":{\"@id\":\"https:\\\/\\\/eltossalcartografies.com\\\/es\\\/#organization\"},\"potentialAction\":[{\"@type\":\"SearchAction\",\"target\":{\"@type\":\"EntryPoint\",\"urlTemplate\":\"https:\\\/\\\/eltossalcartografies.com\\\/es\\\/?s={search_term_string}\"},\"query-input\":{\"@type\":\"PropertyValueSpecification\",\"valueRequired\":true,\"valueName\":\"search_term_string\"}}],\"inLanguage\":\"es\"},{\"@type\":\"Organization\",\"@id\":\"https:\\\/\\\/eltossalcartografies.com\\\/es\\\/#organization\",\"name\":\"El Tossal Cartografies\",\"url\":\"https:\\\/\\\/eltossalcartografies.com\\\/es\\\/\",\"logo\":{\"@type\":\"ImageObject\",\"inLanguage\":\"es\",\"@id\":\"https:\\\/\\\/eltossalcartografies.com\\\/es\\\/#\\\/schema\\\/logo\\\/image\\\/\",\"url\":\"https:\\\/\\\/eltossalcartografies.com\\\/wp-content\\\/uploads\\\/2020\\\/05\\\/logo-tossal-sitcky-verdet.png\",\"contentUrl\":\"https:\\\/\\\/eltossalcartografies.com\\\/wp-content\\\/uploads\\\/2020\\\/05\\\/logo-tossal-sitcky-verdet.png\",\"width\":155,\"height\":120,\"caption\":\"El Tossal Cartografies\"},\"image\":{\"@id\":\"https:\\\/\\\/eltossalcartografies.com\\\/es\\\/#\\\/schema\\\/logo\\\/image\\\/\"},\"sameAs\":[\"https:\\\/\\\/www.facebook.com\\\/ElTossalCartografies\\\/\",\"https:\\\/\\\/instagram.com\\\/eltossalcartografies\\\/\"]}]}<\/script>\n<!-- \/ Yoast SEO Premium plugin. -->","yoast_head_json":{"title":"Pol\u00edtica de cookies - El Tossal Cartografies","description":"Pol\u00edtica de cookies de El Tossal Cartografies. Informaci\u00f3n sobre el uso de cookies, tipos utilizados y c\u00f3mo gestionarlas desde el navegador.","robots":{"index":"index","follow":"follow","max-snippet":"max-snippet:-1","max-image-preview":"max-image-preview:large","max-video-preview":"max-video-preview:-1"},"canonical":"https:\/\/eltossalcartografies.com\/es\/politica-de-cookies\/","og_locale":"es_ES","og_type":"article","og_title":"Pol\u00edtica de cookies","og_description":"Pol\u00edtica de cookies de El Tossal Cartografies. Informaci\u00f3n sobre el uso de cookies, tipos utilizados y c\u00f3mo gestionarlas desde el navegador.","og_url":"https:\/\/eltossalcartografies.com\/es\/politica-de-cookies\/","og_site_name":"El Tossal Cartografies","article_publisher":"https:\/\/www.facebook.com\/ElTossalCartografies\/","article_modified_time":"2026-01-13T17:57:16+00:00","og_image":[{"width":190,"height":60,"url":"https:\/\/eltossalcartografies.com\/wp-content\/uploads\/2020\/06\/logo-tossal-paypal.png","type":"image\/png"}],"twitter_card":"summary_large_image","twitter_misc":{"Tiempo de lectura":"4 minutos"},"schema":{"@context":"https:\/\/schema.org","@graph":[{"@type":"WebPage","@id":"https:\/\/eltossalcartografies.com\/es\/politica-de-cookies\/","url":"https:\/\/eltossalcartografies.com\/es\/politica-de-cookies\/","name":"Pol\u00edtica de cookies - El Tossal Cartografies","isPartOf":{"@id":"https:\/\/eltossalcartografies.com\/es\/#website"},"datePublished":"2020-07-20T14:54:22+00:00","dateModified":"2026-01-13T17:57:16+00:00","description":"Pol\u00edtica de cookies de El Tossal Cartografies. Informaci\u00f3n sobre el uso de cookies, tipos utilizados y c\u00f3mo gestionarlas desde el navegador.","breadcrumb":{"@id":"https:\/\/eltossalcartografies.com\/es\/politica-de-cookies\/#breadcrumb"},"inLanguage":"es","potentialAction":[{"@type":"ReadAction","target":["https:\/\/eltossalcartografies.com\/es\/politica-de-cookies\/"]}]},{"@type":"BreadcrumbList","@id":"https:\/\/eltossalcartografies.com\/es\/politica-de-cookies\/#breadcrumb","itemListElement":[{"@type":"ListItem","position":1,"name":"Portada","item":"https:\/\/eltossalcartografies.com\/es\/"},{"@type":"ListItem","position":2,"name":"Pol\u00edtica de cookies"}]},{"@type":"WebSite","@id":"https:\/\/eltossalcartografies.com\/es\/#website","url":"https:\/\/eltossalcartografies.com\/es\/","name":"El Tossal Cartografies","description":"cartografia, venda de mapes","publisher":{"@id":"https:\/\/eltossalcartografies.com\/es\/#organization"},"potentialAction":[{"@type":"SearchAction","target":{"@type":"EntryPoint","urlTemplate":"https:\/\/eltossalcartografies.com\/es\/?s={search_term_string}"},"query-input":{"@type":"PropertyValueSpecification","valueRequired":true,"valueName":"search_term_string"}}],"inLanguage":"es"},{"@type":"Organization","@id":"https:\/\/eltossalcartografies.com\/es\/#organization","name":"El Tossal Cartografies","url":"https:\/\/eltossalcartografies.com\/es\/","logo":{"@type":"ImageObject","inLanguage":"es","@id":"https:\/\/eltossalcartografies.com\/es\/#\/schema\/logo\/image\/","url":"https:\/\/eltossalcartografies.com\/wp-content\/uploads\/2020\/05\/logo-tossal-sitcky-verdet.png","contentUrl":"https:\/\/eltossalcartografies.com\/wp-content\/uploads\/2020\/05\/logo-tossal-sitcky-verdet.png","width":155,"height":120,"caption":"El Tossal Cartografies"},"image":{"@id":"https:\/\/eltossalcartografies.com\/es\/#\/schema\/logo\/image\/"},"sameAs":["https:\/\/www.facebook.com\/ElTossalCartografies\/","https:\/\/instagram.com\/eltossalcartografies\/"]}]}},"_links":{"self":[{"href":"https:\/\/eltossalcartografies.com\/es\/wp-json\/wp\/v2\/pages\/23325","targetHints":{"allow":["GET"]}}],"collection":[{"href":"https:\/\/eltossalcartografies.com\/es\/wp-json\/wp\/v2\/pages"}],"about":[{"href":"https:\/\/eltossalcartografies.com\/es\/wp-json\/wp\/v2\/types\/page"}],"author":[{"embeddable":true,"href":"https:\/\/eltossalcartografies.com\/es\/wp-json\/wp\/v2\/users\/1"}],"replies":[{"embeddable":true,"href":"https:\/\/eltossalcartografies.com\/es\/wp-json\/wp\/v2\/comments?post=23325"}],"version-history":[{"count":7,"href":"https:\/\/eltossalcartografies.com\/es\/wp-json\/wp\/v2\/pages\/23325\/revisions"}],"predecessor-version":[{"id":23566,"href":"https:\/\/eltossalcartografies.com\/es\/wp-json\/wp\/v2\/pages\/23325\/revisions\/23566"}],"wp:attachment":[{"href":"https:\/\/eltossalcartografies.com\/es\/wp-json\/wp\/v2\/media?parent=23325"}],"curies":[{"name":"wp","href":"https:\/\/api.w.org\/{rel}","templated":true}]}}