{"id":23978,"date":"2020-08-02T21:22:45","date_gmt":"2020-08-02T19:22:45","guid":{"rendered":"https:\/\/eltossalcartografies.com\/?page_id=23978"},"modified":"2026-01-13T18:48:22","modified_gmt":"2026-01-13T17:48:22","slug":"doble-mapa-y-guia-excursionista","status":"publish","type":"page","link":"https:\/\/eltossalcartografies.com\/es\/doble-mapa-y-guia-excursionista\/","title":{"rendered":"Doble mapa y gu\u00eda excursionista"},"content":{"rendered":"<div class=\"fusion-fullwidth fullwidth-box fusion-builder-row-1 nonhundred-percent-fullwidth non-hundred-percent-height-scrolling fusion-equal-height-columns mapes-inici\" style=\"--awb-border-radius-top-left:0px;--awb-border-radius-top-right:0px;--awb-border-radius-bottom-right:0px;--awb-border-radius-bottom-left:0px;--awb-padding-top:0px;--awb-padding-right:0px;--awb-padding-bottom:0px;--awb-padding-left:0px;--awb-margin-top:0px;--awb-margin-bottom:0px;--awb-background-color:rgba(255,255,255,0);--awb-flex-wrap:wrap;\" ><div class=\"fusion-builder-row fusion-row\"><div class=\"fusion-layout-column fusion_builder_column fusion-builder-column-0 fusion_builder_column_1_4 1_4 fusion-one-fourth fusion-column-first fusion-column-inner-bg-wrapper\" style=\"--awb-padding-top:2%;--awb-padding-right:6%;--awb-padding-left:6%;--awb-inner-bg-color:#ffffff;--awb-inner-bg-color-hover:#ffffff;--awb-inner-bg-size:cover;width:25%;width:calc(25% - ( ( 1% + 1% ) * 0.25 ) );margin-right: 1%;\"><span class=\"fusion-column-inner-bg hover-type-none\"><a class=\"fusion-column-anchor\" href=\"https:\/\/eltossalcartografies.com\/es\/producto\/doble-mapa-i-guia-excursionista-alto-turia\/\"><span class=\"fusion-column-inner-bg-image\"><\/span><\/a><\/span><div class=\"fusion-column-wrapper fusion-column-has-shadow fusion-flex-column-wrapper-legacy\"><div class=\"fusion-builder-row fusion-builder-row-inner fusion-row\"><div class=\"fusion-layout-column fusion_builder_column_inner fusion-builder-nested-column-0 fusion_builder_column_inner_1_2 1_2 fusion-one-half fusion-column-first\" style=\"--awb-bg-size:cover;width:50%;width:calc(50% - ( ( 4% ) * 0.5 ) );margin-right: 4%;\"><div class=\"fusion-column-wrapper fusion-column-has-shadow fusion-flex-column-wrapper-legacy\"><div class=\"fusion-image-element in-legacy-container\" style=\"--awb-caption-title-font-family:var(--h2_typography-font-family);--awb-caption-title-font-weight:var(--h2_typography-font-weight);--awb-caption-title-font-style:var(--h2_typography-font-style);--awb-caption-title-size:var(--h2_typography-font-size);--awb-caption-title-transform:var(--h2_typography-text-transform);--awb-caption-title-line-height:var(--h2_typography-line-height);--awb-caption-title-letter-spacing:var(--h2_typography-letter-spacing);\"><span class=\" fusion-imageframe imageframe-none imageframe-1 hover-type-none\"><img decoding=\"async\" width=\"789\" height=\"1200\" title=\"M0 01 Doble mapa i guia excursionista Alto Turia\" src=\"https:\/\/eltossalcartografies.com\/wp-content\/uploads\/2020\/06\/M0-01-Doble-mapa-i-guia-excursionista-Alto-Turia-2.jpg\" alt class=\"img-responsive wp-image-21934\" srcset=\"https:\/\/eltossalcartografies.com\/wp-content\/uploads\/2020\/06\/M0-01-Doble-mapa-i-guia-excursionista-Alto-Turia-2-200x304.jpg 200w, https:\/\/eltossalcartografies.com\/wp-content\/uploads\/2020\/06\/M0-01-Doble-mapa-i-guia-excursionista-Alto-Turia-2-400x608.jpg 400w, https:\/\/eltossalcartografies.com\/wp-content\/uploads\/2020\/06\/M0-01-Doble-mapa-i-guia-excursionista-Alto-Turia-2-600x913.jpg 600w, https:\/\/eltossalcartografies.com\/wp-content\/uploads\/2020\/06\/M0-01-Doble-mapa-i-guia-excursionista-Alto-Turia-2.jpg 789w\" sizes=\"(max-width: 800px) 100vw, 600px\" \/><\/span><\/div><div class=\"fusion-clearfix\"><\/div><\/div><\/div><div class=\"fusion-layout-column fusion_builder_column_inner fusion-builder-nested-column-1 fusion_builder_column_inner_1_2 1_2 fusion-one-half fusion-column-last\" style=\"--awb-bg-size:cover;width:50%;width:calc(50% - ( ( 4% ) * 0.5 ) );\"><div class=\"fusion-column-wrapper fusion-column-has-shadow fusion-flex-column-wrapper-legacy\"><div class=\"fusion-text fusion-text-1\"><h4>Doble mapa y guia excursionista<\/h4>\n<h3>Alto Turia<\/h3>\n<div class=\"fecha_publicacion\">Fecha de publicaci\u00f3n: 2020-06-15<\/div>\n<div class=\"escala\">Escala: 1:30.000<\/div>\n<div class=\"precio\">10,00\u20ac<\/div>\n<\/div><div class=\"fusion-clearfix\"><\/div><\/div><\/div><\/div><div class=\"fusion-clearfix\"><\/div><\/div><\/div>\n<div class=\"fusion-layout-column fusion_builder_column fusion-builder-column-1 fusion_builder_column_1_4 1_4 fusion-one-fourth fusion-column-inner-bg-wrapper\" style=\"--awb-padding-top:2%;--awb-padding-right:6%;--awb-padding-left:6%;--awb-inner-bg-color:#ffffff;--awb-inner-bg-color-hover:#ffffff;--awb-inner-bg-size:cover;width:25%;width:calc(25% - ( ( 1% + 1% ) * 0.25 ) );margin-right: 1%;\"><span class=\"fusion-column-inner-bg hover-type-none\"><a class=\"fusion-column-anchor\" href=\"https:\/\/eltossalcartografies.com\/es\/producto\/doble-mapa-i-guia-excursionista-serra-despada-es\/\"><span class=\"fusion-column-inner-bg-image\"><\/span><\/a><\/span><div class=\"fusion-column-wrapper fusion-column-has-shadow fusion-flex-column-wrapper-legacy\"><div class=\"fusion-builder-row fusion-builder-row-inner fusion-row\"><div class=\"fusion-layout-column fusion_builder_column_inner fusion-builder-nested-column-2 fusion_builder_column_inner_1_2 1_2 fusion-one-half fusion-column-first\" style=\"--awb-bg-size:cover;width:50%;width:calc(50% - ( ( 4% ) * 0.5 ) );margin-right: 4%;\"><div class=\"fusion-column-wrapper fusion-column-has-shadow fusion-flex-column-wrapper-legacy\"><div class=\"fusion-image-element in-legacy-container\" style=\"--awb-caption-title-font-family:var(--h2_typography-font-family);--awb-caption-title-font-weight:var(--h2_typography-font-weight);--awb-caption-title-font-style:var(--h2_typography-font-style);--awb-caption-title-size:var(--h2_typography-font-size);--awb-caption-title-transform:var(--h2_typography-text-transform);--awb-caption-title-line-height:var(--h2_typography-line-height);--awb-caption-title-letter-spacing:var(--h2_typography-letter-spacing);\"><span class=\" fusion-imageframe imageframe-none imageframe-2 hover-type-none\"><img decoding=\"async\" width=\"384\" height=\"600\" alt=\" oferta de mapes excursionistes: serra d&#039;espad\u00e0\" title=\"M5-serra-espada\" src=\"https:\/\/eltossalcartografies.com\/wp-content\/uploads\/2020\/04\/M5-serra-espada.jpg\" class=\"img-responsive wp-image-20578\" srcset=\"https:\/\/eltossalcartografies.com\/wp-content\/uploads\/2020\/04\/M5-serra-espada-200x313.jpg 200w, https:\/\/eltossalcartografies.com\/wp-content\/uploads\/2020\/04\/M5-serra-espada.jpg 384w\" sizes=\"(max-width: 800px) 100vw, 384px\" \/><\/span><\/div><div class=\"fusion-clearfix\"><\/div><\/div><\/div><div class=\"fusion-layout-column fusion_builder_column_inner fusion-builder-nested-column-3 fusion_builder_column_inner_1_2 1_2 fusion-one-half fusion-column-last\" style=\"--awb-bg-size:cover;width:50%;width:calc(50% - ( ( 4% ) * 0.5 ) );\"><div class=\"fusion-column-wrapper fusion-column-has-shadow fusion-flex-column-wrapper-legacy\"><div class=\"fusion-text fusion-text-2\"><h4>Doble mapa i guia excursionista<\/h4>\n<h3>Serra d\u2019Espad\u00e0<\/h3>\n<div class=\"fecha_publicacion\">Data de publicaci\u00f3: 2016-12-01<\/div>\n<div class=\"escala\">Escala: 1:30.000<\/div>\n<div class=\"precio\">15,00\u20ac<\/div>\n<\/div><div class=\"fusion-clearfix\"><\/div><\/div><\/div><\/div><div class=\"fusion-clearfix\"><\/div><\/div><\/div>\n<div class=\"fusion-layout-column fusion_builder_column fusion-builder-column-2 fusion_builder_column_1_4 1_4 fusion-one-fourth fusion-column-last fusion-column-inner-bg-wrapper\" style=\"--awb-padding-top:2%;--awb-padding-right:6%;--awb-padding-left:6%;--awb-inner-bg-color:#ffffff;--awb-inner-bg-color-hover:#ffffff;--awb-inner-bg-size:cover;width:25%;width:calc(25% - ( ( 1% + 1% ) * 0.25 ) );\"><span class=\"fusion-column-inner-bg hover-type-none\"><a class=\"fusion-column-anchor\" href=\"https:\/\/eltossalcartografies.com\/es\/producto\/doble-mapa-i-guia-excursionista-serra-calderona\/\"><span class=\"fusion-column-inner-bg-image\"><\/span><\/a><\/span><div class=\"fusion-column-wrapper fusion-column-has-shadow fusion-flex-column-wrapper-legacy\"><div class=\"fusion-builder-row fusion-builder-row-inner fusion-row\"><div class=\"fusion-layout-column fusion_builder_column_inner fusion-builder-nested-column-4 fusion_builder_column_inner_1_2 1_2 fusion-one-half fusion-column-first\" style=\"--awb-bg-size:cover;width:50%;width:calc(50% - ( ( 4% ) * 0.5 ) );margin-right: 4%;\"><div class=\"fusion-column-wrapper fusion-column-has-shadow fusion-flex-column-wrapper-legacy\"><div class=\"fusion-image-element in-legacy-container\" style=\"--awb-caption-title-font-family:var(--h2_typography-font-family);--awb-caption-title-font-weight:var(--h2_typography-font-weight);--awb-caption-title-font-style:var(--h2_typography-font-style);--awb-caption-title-size:var(--h2_typography-font-size);--awb-caption-title-transform:var(--h2_typography-text-transform);--awb-caption-title-line-height:var(--h2_typography-line-height);--awb-caption-title-letter-spacing:var(--h2_typography-letter-spacing);\"><span class=\" fusion-imageframe imageframe-none imageframe-3 hover-type-none\"><img decoding=\"async\" width=\"167\" height=\"300\" alt=\" oferta de mapes excursionistes\" title=\"Portada_Serra_Calderona_\" src=\"https:\/\/eltossalcartografies.com\/wp-content\/uploads\/2024\/03\/Portada_Serra_Calderona_-167x300.jpg\" class=\"img-responsive wp-image-25994\" srcset=\"https:\/\/eltossalcartografies.com\/wp-content\/uploads\/2024\/03\/Portada_Serra_Calderona_-200x359.jpg 200w, https:\/\/eltossalcartografies.com\/wp-content\/uploads\/2024\/03\/Portada_Serra_Calderona_-400x718.jpg 400w, https:\/\/eltossalcartografies.com\/wp-content\/uploads\/2024\/03\/Portada_Serra_Calderona_-600x1077.jpg 600w, https:\/\/eltossalcartografies.com\/wp-content\/uploads\/2024\/03\/Portada_Serra_Calderona_.jpg 703w\" sizes=\"(max-width: 800px) 100vw, 600px\" \/><\/span><\/div><div class=\"fusion-clearfix\"><\/div><\/div><\/div><div class=\"fusion-layout-column fusion_builder_column_inner fusion-builder-nested-column-5 fusion_builder_column_inner_1_2 1_2 fusion-one-half fusion-column-last\" style=\"--awb-bg-size:cover;width:50%;width:calc(50% - ( ( 4% ) * 0.5 ) );\"><div class=\"fusion-column-wrapper fusion-column-has-shadow fusion-flex-column-wrapper-legacy\"><div class=\"fusion-text fusion-text-3\"><h4>Mapa i guia excursionista<\/h4>\n<h3>Serra Calderona<\/h3>\n<div class=\"fecha_publicacion\">Data de reedici\u00f3: 2023-12-01<\/div>\n<div class=\"escala\">Escala: 1:30.000<\/div>\n<div class=\"precio\">15,00\u20ac<\/div>\n<\/div><div class=\"fusion-clearfix\"><\/div><\/div><\/div><\/div><div class=\"fusion-clearfix\"><\/div><\/div><\/div>\n<\/div><\/div>\n","protected":false},"excerpt":{"rendered":"","protected":false},"author":1,"featured_media":0,"parent":0,"menu_order":0,"comment_status":"closed","ping_status":"closed","template":"","meta":{"_acf_changed":false,"footnotes":""},"class_list":["post-23978","page","type-page","status-publish","hentry"],"acf":[],"yoast_head":"<!-- This site is optimized with the Yoast SEO Premium plugin v27.0 (Yoast SEO v27.4) - https:\/\/yoast.com\/product\/yoast-seo-premium-wordpress\/ -->\n<title>Doble mapa y gu\u00eda excursionista - El Tossal Cartografies<\/title>\n<meta name=\"description\" content=\"Doble mapa y gu\u00eda excursionista de El Tossal Cartografies para planificar rutas, conocer el territorio y disfrutar de la cartograf\u00eda detallada\" \/>\n<meta name=\"robots\" content=\"index, follow, max-snippet:-1, max-image-preview:large, max-video-preview:-1\" \/>\n<link rel=\"canonical\" href=\"https:\/\/eltossalcartografies.com\/es\/doble-mapa-y-guia-excursionista\/\" \/>\n<meta property=\"og:locale\" content=\"es_ES\" \/>\n<meta property=\"og:type\" content=\"article\" \/>\n<meta property=\"og:title\" content=\"Doble mapa y gu\u00eda excursionista\" \/>\n<meta property=\"og:description\" content=\"Doble mapa y gu\u00eda excursionista de El Tossal Cartografies para planificar rutas, conocer el territorio y disfrutar de la cartograf\u00eda detallada\" \/>\n<meta property=\"og:url\" content=\"https:\/\/eltossalcartografies.com\/es\/doble-mapa-y-guia-excursionista\/\" \/>\n<meta property=\"og:site_name\" content=\"El Tossal Cartografies\" \/>\n<meta property=\"article:publisher\" content=\"https:\/\/www.facebook.com\/ElTossalCartografies\/\" \/>\n<meta property=\"article:modified_time\" content=\"2026-01-13T17:48:22+00:00\" \/>\n<meta property=\"og:image\" content=\"https:\/\/eltossalcartografies.com\/wp-content\/uploads\/2020\/06\/logo-tossal-paypal.png\" \/>\n\t<meta property=\"og:image:width\" content=\"190\" \/>\n\t<meta property=\"og:image:height\" content=\"60\" \/>\n\t<meta property=\"og:image:type\" content=\"image\/png\" \/>\n<meta name=\"twitter:card\" content=\"summary_large_image\" \/>\n<meta name=\"twitter:label1\" content=\"Tiempo de lectura\" \/>\n\t<meta name=\"twitter:data1\" content=\"1 minuto\" \/>\n<script type=\"application\/ld+json\" class=\"yoast-schema-graph\">{\"@context\":\"https:\\\/\\\/schema.org\",\"@graph\":[{\"@type\":\"WebPage\",\"@id\":\"https:\\\/\\\/eltossalcartografies.com\\\/es\\\/doble-mapa-y-guia-excursionista\\\/\",\"url\":\"https:\\\/\\\/eltossalcartografies.com\\\/es\\\/doble-mapa-y-guia-excursionista\\\/\",\"name\":\"Doble mapa y gu\u00eda excursionista - El Tossal Cartografies\",\"isPartOf\":{\"@id\":\"https:\\\/\\\/eltossalcartografies.com\\\/es\\\/#website\"},\"datePublished\":\"2020-08-02T19:22:45+00:00\",\"dateModified\":\"2026-01-13T17:48:22+00:00\",\"description\":\"Doble mapa y gu\u00eda excursionista de El Tossal Cartografies para planificar rutas, conocer el territorio y disfrutar de la cartograf\u00eda detallada\",\"breadcrumb\":{\"@id\":\"https:\\\/\\\/eltossalcartografies.com\\\/es\\\/doble-mapa-y-guia-excursionista\\\/#breadcrumb\"},\"inLanguage\":\"es\",\"potentialAction\":[{\"@type\":\"ReadAction\",\"target\":[\"https:\\\/\\\/eltossalcartografies.com\\\/es\\\/doble-mapa-y-guia-excursionista\\\/\"]}]},{\"@type\":\"BreadcrumbList\",\"@id\":\"https:\\\/\\\/eltossalcartografies.com\\\/es\\\/doble-mapa-y-guia-excursionista\\\/#breadcrumb\",\"itemListElement\":[{\"@type\":\"ListItem\",\"position\":1,\"name\":\"Portada\",\"item\":\"https:\\\/\\\/eltossalcartografies.com\\\/es\\\/\"},{\"@type\":\"ListItem\",\"position\":2,\"name\":\"Doble mapa y gu\u00eda excursionista\"}]},{\"@type\":\"WebSite\",\"@id\":\"https:\\\/\\\/eltossalcartografies.com\\\/es\\\/#website\",\"url\":\"https:\\\/\\\/eltossalcartografies.com\\\/es\\\/\",\"name\":\"El Tossal Cartografies\",\"description\":\"cartografia, venda de mapes\",\"publisher\":{\"@id\":\"https:\\\/\\\/eltossalcartografies.com\\\/es\\\/#organization\"},\"potentialAction\":[{\"@type\":\"SearchAction\",\"target\":{\"@type\":\"EntryPoint\",\"urlTemplate\":\"https:\\\/\\\/eltossalcartografies.com\\\/es\\\/?s={search_term_string}\"},\"query-input\":{\"@type\":\"PropertyValueSpecification\",\"valueRequired\":true,\"valueName\":\"search_term_string\"}}],\"inLanguage\":\"es\"},{\"@type\":\"Organization\",\"@id\":\"https:\\\/\\\/eltossalcartografies.com\\\/es\\\/#organization\",\"name\":\"El Tossal Cartografies\",\"url\":\"https:\\\/\\\/eltossalcartografies.com\\\/es\\\/\",\"logo\":{\"@type\":\"ImageObject\",\"inLanguage\":\"es\",\"@id\":\"https:\\\/\\\/eltossalcartografies.com\\\/es\\\/#\\\/schema\\\/logo\\\/image\\\/\",\"url\":\"https:\\\/\\\/eltossalcartografies.com\\\/wp-content\\\/uploads\\\/2020\\\/05\\\/logo-tossal-sitcky-verdet.png\",\"contentUrl\":\"https:\\\/\\\/eltossalcartografies.com\\\/wp-content\\\/uploads\\\/2020\\\/05\\\/logo-tossal-sitcky-verdet.png\",\"width\":155,\"height\":120,\"caption\":\"El Tossal Cartografies\"},\"image\":{\"@id\":\"https:\\\/\\\/eltossalcartografies.com\\\/es\\\/#\\\/schema\\\/logo\\\/image\\\/\"},\"sameAs\":[\"https:\\\/\\\/www.facebook.com\\\/ElTossalCartografies\\\/\",\"https:\\\/\\\/instagram.com\\\/eltossalcartografies\\\/\"]}]}<\/script>\n<!-- \/ Yoast SEO Premium plugin. -->","yoast_head_json":{"title":"Doble mapa y gu\u00eda excursionista - El Tossal Cartografies","description":"Doble mapa y gu\u00eda excursionista de El Tossal Cartografies para planificar rutas, conocer el territorio y disfrutar de la cartograf\u00eda detallada","robots":{"index":"index","follow":"follow","max-snippet":"max-snippet:-1","max-image-preview":"max-image-preview:large","max-video-preview":"max-video-preview:-1"},"canonical":"https:\/\/eltossalcartografies.com\/es\/doble-mapa-y-guia-excursionista\/","og_locale":"es_ES","og_type":"article","og_title":"Doble mapa y gu\u00eda excursionista","og_description":"Doble mapa y gu\u00eda excursionista de El Tossal Cartografies para planificar rutas, conocer el territorio y disfrutar de la cartograf\u00eda detallada","og_url":"https:\/\/eltossalcartografies.com\/es\/doble-mapa-y-guia-excursionista\/","og_site_name":"El Tossal Cartografies","article_publisher":"https:\/\/www.facebook.com\/ElTossalCartografies\/","article_modified_time":"2026-01-13T17:48:22+00:00","og_image":[{"width":190,"height":60,"url":"https:\/\/eltossalcartografies.com\/wp-content\/uploads\/2020\/06\/logo-tossal-paypal.png","type":"image\/png"}],"twitter_card":"summary_large_image","twitter_misc":{"Tiempo de lectura":"1 minuto"},"schema":{"@context":"https:\/\/schema.org","@graph":[{"@type":"WebPage","@id":"https:\/\/eltossalcartografies.com\/es\/doble-mapa-y-guia-excursionista\/","url":"https:\/\/eltossalcartografies.com\/es\/doble-mapa-y-guia-excursionista\/","name":"Doble mapa y gu\u00eda excursionista - El Tossal Cartografies","isPartOf":{"@id":"https:\/\/eltossalcartografies.com\/es\/#website"},"datePublished":"2020-08-02T19:22:45+00:00","dateModified":"2026-01-13T17:48:22+00:00","description":"Doble mapa y gu\u00eda excursionista de El Tossal Cartografies para planificar rutas, conocer el territorio y disfrutar de la cartograf\u00eda detallada","breadcrumb":{"@id":"https:\/\/eltossalcartografies.com\/es\/doble-mapa-y-guia-excursionista\/#breadcrumb"},"inLanguage":"es","potentialAction":[{"@type":"ReadAction","target":["https:\/\/eltossalcartografies.com\/es\/doble-mapa-y-guia-excursionista\/"]}]},{"@type":"BreadcrumbList","@id":"https:\/\/eltossalcartografies.com\/es\/doble-mapa-y-guia-excursionista\/#breadcrumb","itemListElement":[{"@type":"ListItem","position":1,"name":"Portada","item":"https:\/\/eltossalcartografies.com\/es\/"},{"@type":"ListItem","position":2,"name":"Doble mapa y gu\u00eda excursionista"}]},{"@type":"WebSite","@id":"https:\/\/eltossalcartografies.com\/es\/#website","url":"https:\/\/eltossalcartografies.com\/es\/","name":"El Tossal Cartografies","description":"cartografia, venda de mapes","publisher":{"@id":"https:\/\/eltossalcartografies.com\/es\/#organization"},"potentialAction":[{"@type":"SearchAction","target":{"@type":"EntryPoint","urlTemplate":"https:\/\/eltossalcartografies.com\/es\/?s={search_term_string}"},"query-input":{"@type":"PropertyValueSpecification","valueRequired":true,"valueName":"search_term_string"}}],"inLanguage":"es"},{"@type":"Organization","@id":"https:\/\/eltossalcartografies.com\/es\/#organization","name":"El Tossal Cartografies","url":"https:\/\/eltossalcartografies.com\/es\/","logo":{"@type":"ImageObject","inLanguage":"es","@id":"https:\/\/eltossalcartografies.com\/es\/#\/schema\/logo\/image\/","url":"https:\/\/eltossalcartografies.com\/wp-content\/uploads\/2020\/05\/logo-tossal-sitcky-verdet.png","contentUrl":"https:\/\/eltossalcartografies.com\/wp-content\/uploads\/2020\/05\/logo-tossal-sitcky-verdet.png","width":155,"height":120,"caption":"El Tossal Cartografies"},"image":{"@id":"https:\/\/eltossalcartografies.com\/es\/#\/schema\/logo\/image\/"},"sameAs":["https:\/\/www.facebook.com\/ElTossalCartografies\/","https:\/\/instagram.com\/eltossalcartografies\/"]}]}},"_links":{"self":[{"href":"https:\/\/eltossalcartografies.com\/es\/wp-json\/wp\/v2\/pages\/23978","targetHints":{"allow":["GET"]}}],"collection":[{"href":"https:\/\/eltossalcartografies.com\/es\/wp-json\/wp\/v2\/pages"}],"about":[{"href":"https:\/\/eltossalcartografies.com\/es\/wp-json\/wp\/v2\/types\/page"}],"author":[{"embeddable":true,"href":"https:\/\/eltossalcartografies.com\/es\/wp-json\/wp\/v2\/users\/1"}],"replies":[{"embeddable":true,"href":"https:\/\/eltossalcartografies.com\/es\/wp-json\/wp\/v2\/comments?post=23978"}],"version-history":[{"count":2,"href":"https:\/\/eltossalcartografies.com\/es\/wp-json\/wp\/v2\/pages\/23978\/revisions"}],"predecessor-version":[{"id":24032,"href":"https:\/\/eltossalcartografies.com\/es\/wp-json\/wp\/v2\/pages\/23978\/revisions\/24032"}],"wp:attachment":[{"href":"https:\/\/eltossalcartografies.com\/es\/wp-json\/wp\/v2\/media?parent=23978"}],"curies":[{"name":"wp","href":"https:\/\/api.w.org\/{rel}","templated":true}]}}