{"id":22311,"date":"2020-04-02T14:10:11","date_gmt":"2020-04-02T14:10:11","guid":{"rendered":"https:\/\/eltossalcartografies.com\/producte\/mapa-i-guia-excursionista-desert-de-les-palmes\/"},"modified":"2026-01-14T15:46:54","modified_gmt":"2026-01-14T14:46:54","slug":"mapa-i-guia-excursionista-desert-de-les-palmes","status":"publish","type":"product","link":"https:\/\/eltossalcartografies.com\/es\/producto\/mapa-i-guia-excursionista-desert-de-les-palmes\/","title":{"rendered":"Mapa y gu\u00eda excursionista Desert de les Palmes"},"content":{"rendered":"<p>Esta publicaci\u00f3n no solo representa el Desert de les Palmes, sino que se ha tenido en cuenta una unidad geogr\u00e1fica m\u00e1s ampl\u00eda, cartografiando tambi\u00e9n las sierras de Borriol y de Oropesa del Mar, con el objetivo de fomentar, difundir y conectar este interior inmediato a ciudades m\u00e1s conocidas como por ejemplo Castell\u00f3, Benicasim y Oropesa del Mar. Este mapa no solo es una buena herramienta para el excursionismo, sino que indirectamente se convierte tambi\u00e9n en una potente gu\u00eda del patrimonio natural y cultural de estas tierras: pozos, norias, fuentes, carboneras, hornos de cal, paranys&#8230; El proyecto ha implicado, por un lado, la sociedad civil de cada pueblo que todav\u00eda est\u00e1 vinculada al territorio, como por ejemplo cazadores, agricultores, clubes excursionistas o clubes de runners y, por otra parte, ha tenido el apoyo de pr\u00e1cticamente todas las instituciones p\u00fablicas vinculadas con el territorio cartografiado: ayuntamientos de Benicasim, Borriol, Cabanes, Castell\u00f3, la Pobla Tornesa, Oropesa del Mar y Sant Joan de Mor\u00f3, y tambi\u00e9n el Parque Natural del Desert de les Palmes y la Federaci\u00f3n de Deportes de Monta\u00f1a y Escalada de la Comunidad Valenciana, entre otras.<\/p>\n","protected":false},"excerpt":{"rendered":"<p>Desert de les Palmes[br]<br \/>\nMapa y gu\u00eda excursionista[br]<br \/>\nFecha de publicaci\u00f3n: 2019-11-01[br]<br \/>\nEscala: 1:25.000[br]<br \/>\nISBN: 9788409039722[br]<br \/>\nDISPONIBLE<\/p>\n<p>&nbsp;<\/p>\n","protected":false},"featured_media":21760,"template":"","meta":{"_acf_changed":false},"product_brand":[],"product_cat":[57,59],"product_tag":[63],"class_list":{"0":"post-22311","1":"product","2":"type-product","3":"status-publish","4":"has-post-thumbnail","6":"product_cat-mapa-y-guia-excursionista","7":"product_cat-todas-las-categorias","8":"product_tag-mapa-es","10":"first","11":"instock","12":"taxable","13":"shipping-taxable","14":"purchasable","15":"product-type-simple"},"acf":[],"yoast_head":"<!-- This site is optimized with the Yoast SEO Premium plugin v27.4 (Yoast SEO v27.4) - https:\/\/yoast.com\/product\/yoast-seo-premium-wordpress\/ -->\n<title>Mapa y gu\u00eda excursionista Desert de les Palmes - El Tossal Cartografies<\/title>\n<meta name=\"description\" content=\"Mapa y gu\u00eda excursionista del Desert de les Palmes. El Tossal Cartografies. Escala: 1:25.000. Publicaci\u00f3n: 2019-11. La Plana Alta. Castell\u00f3\" \/>\n<meta name=\"robots\" content=\"index, follow, max-snippet:-1, max-image-preview:large, max-video-preview:-1\" \/>\n<link rel=\"canonical\" href=\"https:\/\/eltossalcartografies.com\/es\/producto\/mapa-i-guia-excursionista-desert-de-les-palmes\/\" \/>\n<meta property=\"og:locale\" content=\"es_ES\" \/>\n<meta property=\"og:type\" content=\"article\" \/>\n<meta property=\"og:title\" content=\"Mapa y gu\u00eda excursionista Desert de les Palmes\" \/>\n<meta property=\"og:description\" content=\"Mapa y gu\u00eda excursionista del Desert de les Palmes. El Tossal Cartografies. Escala: 1:25.000. Publicaci\u00f3n: 2019-11. La Plana Alta. Castell\u00f3\" \/>\n<meta property=\"og:url\" content=\"https:\/\/eltossalcartografies.com\/es\/producto\/mapa-i-guia-excursionista-desert-de-les-palmes\/\" \/>\n<meta property=\"og:site_name\" content=\"El Tossal Cartografies\" \/>\n<meta property=\"article:publisher\" content=\"https:\/\/www.facebook.com\/ElTossalCartografies\/\" \/>\n<meta property=\"article:modified_time\" content=\"2026-01-14T14:46:54+00:00\" \/>\n<meta property=\"og:image\" content=\"https:\/\/eltossalcartografies.com\/wp-content\/uploads\/2020\/04\/M1-01-mapa-i-guia-excursionista-desert-de-les-palmes.jpg\" \/>\n\t<meta property=\"og:image:width\" content=\"662\" \/>\n\t<meta property=\"og:image:height\" content=\"1200\" \/>\n\t<meta property=\"og:image:type\" content=\"image\/jpeg\" \/>\n<meta name=\"twitter:card\" content=\"summary_large_image\" \/>\n<meta name=\"twitter:label1\" content=\"Tiempo de lectura\" \/>\n\t<meta name=\"twitter:data1\" content=\"2 minutos\" \/>\n<script type=\"application\/ld+json\" class=\"yoast-schema-graph\">{\"@context\":\"https:\\\/\\\/schema.org\",\"@graph\":[{\"@type\":\"WebPage\",\"@id\":\"https:\\\/\\\/eltossalcartografies.com\\\/es\\\/producto\\\/mapa-i-guia-excursionista-desert-de-les-palmes\\\/\",\"url\":\"https:\\\/\\\/eltossalcartografies.com\\\/es\\\/producto\\\/mapa-i-guia-excursionista-desert-de-les-palmes\\\/\",\"name\":\"Mapa y gu\u00eda excursionista Desert de les Palmes - El Tossal Cartografies\",\"isPartOf\":{\"@id\":\"https:\\\/\\\/eltossalcartografies.com\\\/es\\\/#website\"},\"primaryImageOfPage\":{\"@id\":\"https:\\\/\\\/eltossalcartografies.com\\\/es\\\/producto\\\/mapa-i-guia-excursionista-desert-de-les-palmes\\\/#primaryimage\"},\"image\":{\"@id\":\"https:\\\/\\\/eltossalcartografies.com\\\/es\\\/producto\\\/mapa-i-guia-excursionista-desert-de-les-palmes\\\/#primaryimage\"},\"thumbnailUrl\":\"https:\\\/\\\/eltossalcartografies.com\\\/wp-content\\\/uploads\\\/2020\\\/04\\\/M1-01-mapa-i-guia-excursionista-desert-de-les-palmes.jpg\",\"datePublished\":\"2020-04-02T14:10:11+00:00\",\"dateModified\":\"2026-01-14T14:46:54+00:00\",\"description\":\"Mapa y gu\u00eda excursionista del Desert de les Palmes. El Tossal Cartografies. Escala: 1:25.000. Publicaci\u00f3n: 2019-11. La Plana Alta. Castell\u00f3\",\"breadcrumb\":{\"@id\":\"https:\\\/\\\/eltossalcartografies.com\\\/es\\\/producto\\\/mapa-i-guia-excursionista-desert-de-les-palmes\\\/#breadcrumb\"},\"inLanguage\":\"es\",\"potentialAction\":[{\"@type\":\"ReadAction\",\"target\":[\"https:\\\/\\\/eltossalcartografies.com\\\/es\\\/producto\\\/mapa-i-guia-excursionista-desert-de-les-palmes\\\/\"]}]},{\"@type\":\"ImageObject\",\"inLanguage\":\"es\",\"@id\":\"https:\\\/\\\/eltossalcartografies.com\\\/es\\\/producto\\\/mapa-i-guia-excursionista-desert-de-les-palmes\\\/#primaryimage\",\"url\":\"https:\\\/\\\/eltossalcartografies.com\\\/wp-content\\\/uploads\\\/2020\\\/04\\\/M1-01-mapa-i-guia-excursionista-desert-de-les-palmes.jpg\",\"contentUrl\":\"https:\\\/\\\/eltossalcartografies.com\\\/wp-content\\\/uploads\\\/2020\\\/04\\\/M1-01-mapa-i-guia-excursionista-desert-de-les-palmes.jpg\",\"width\":662,\"height\":1200},{\"@type\":\"BreadcrumbList\",\"@id\":\"https:\\\/\\\/eltossalcartografies.com\\\/es\\\/producto\\\/mapa-i-guia-excursionista-desert-de-les-palmes\\\/#breadcrumb\",\"itemListElement\":[{\"@type\":\"ListItem\",\"position\":1,\"name\":\"Portada\",\"item\":\"https:\\\/\\\/eltossalcartografies.com\\\/es\\\/\"},{\"@type\":\"ListItem\",\"position\":2,\"name\":\"Productos\",\"item\":\"https:\\\/\\\/eltossalcartografies.com\\\/es\\\/shop\\\/\"},{\"@type\":\"ListItem\",\"position\":3,\"name\":\"Mapa y gu\u00eda excursionista Desert de les Palmes\"}]},{\"@type\":\"WebSite\",\"@id\":\"https:\\\/\\\/eltossalcartografies.com\\\/es\\\/#website\",\"url\":\"https:\\\/\\\/eltossalcartografies.com\\\/es\\\/\",\"name\":\"El Tossal Cartografies\",\"description\":\"cartografia, venda de mapes\",\"publisher\":{\"@id\":\"https:\\\/\\\/eltossalcartografies.com\\\/es\\\/#organization\"},\"potentialAction\":[{\"@type\":\"SearchAction\",\"target\":{\"@type\":\"EntryPoint\",\"urlTemplate\":\"https:\\\/\\\/eltossalcartografies.com\\\/es\\\/?s={search_term_string}\"},\"query-input\":{\"@type\":\"PropertyValueSpecification\",\"valueRequired\":true,\"valueName\":\"search_term_string\"}}],\"inLanguage\":\"es\"},{\"@type\":\"Organization\",\"@id\":\"https:\\\/\\\/eltossalcartografies.com\\\/es\\\/#organization\",\"name\":\"El Tossal Cartografies\",\"url\":\"https:\\\/\\\/eltossalcartografies.com\\\/es\\\/\",\"logo\":{\"@type\":\"ImageObject\",\"inLanguage\":\"es\",\"@id\":\"https:\\\/\\\/eltossalcartografies.com\\\/es\\\/#\\\/schema\\\/logo\\\/image\\\/\",\"url\":\"https:\\\/\\\/eltossalcartografies.com\\\/wp-content\\\/uploads\\\/2020\\\/05\\\/logo-tossal-sitcky-verdet.png\",\"contentUrl\":\"https:\\\/\\\/eltossalcartografies.com\\\/wp-content\\\/uploads\\\/2020\\\/05\\\/logo-tossal-sitcky-verdet.png\",\"width\":155,\"height\":120,\"caption\":\"El Tossal Cartografies\"},\"image\":{\"@id\":\"https:\\\/\\\/eltossalcartografies.com\\\/es\\\/#\\\/schema\\\/logo\\\/image\\\/\"},\"sameAs\":[\"https:\\\/\\\/www.facebook.com\\\/ElTossalCartografies\\\/\",\"https:\\\/\\\/instagram.com\\\/eltossalcartografies\\\/\"]}]}<\/script>\n<!-- \/ Yoast SEO Premium plugin. -->","yoast_head_json":{"title":"Mapa y gu\u00eda excursionista Desert de les Palmes - El Tossal Cartografies","description":"Mapa y gu\u00eda excursionista del Desert de les Palmes. El Tossal Cartografies. Escala: 1:25.000. Publicaci\u00f3n: 2019-11. La Plana Alta. Castell\u00f3","robots":{"index":"index","follow":"follow","max-snippet":"max-snippet:-1","max-image-preview":"max-image-preview:large","max-video-preview":"max-video-preview:-1"},"canonical":"https:\/\/eltossalcartografies.com\/es\/producto\/mapa-i-guia-excursionista-desert-de-les-palmes\/","og_locale":"es_ES","og_type":"article","og_title":"Mapa y gu\u00eda excursionista Desert de les Palmes","og_description":"Mapa y gu\u00eda excursionista del Desert de les Palmes. El Tossal Cartografies. Escala: 1:25.000. Publicaci\u00f3n: 2019-11. La Plana Alta. Castell\u00f3","og_url":"https:\/\/eltossalcartografies.com\/es\/producto\/mapa-i-guia-excursionista-desert-de-les-palmes\/","og_site_name":"El Tossal Cartografies","article_publisher":"https:\/\/www.facebook.com\/ElTossalCartografies\/","article_modified_time":"2026-01-14T14:46:54+00:00","og_image":[{"width":662,"height":1200,"url":"https:\/\/eltossalcartografies.com\/wp-content\/uploads\/2020\/04\/M1-01-mapa-i-guia-excursionista-desert-de-les-palmes.jpg","type":"image\/jpeg"}],"twitter_card":"summary_large_image","twitter_misc":{"Tiempo de lectura":"2 minutos"},"schema":{"@context":"https:\/\/schema.org","@graph":[{"@type":"WebPage","@id":"https:\/\/eltossalcartografies.com\/es\/producto\/mapa-i-guia-excursionista-desert-de-les-palmes\/","url":"https:\/\/eltossalcartografies.com\/es\/producto\/mapa-i-guia-excursionista-desert-de-les-palmes\/","name":"Mapa y gu\u00eda excursionista Desert de les Palmes - El Tossal Cartografies","isPartOf":{"@id":"https:\/\/eltossalcartografies.com\/es\/#website"},"primaryImageOfPage":{"@id":"https:\/\/eltossalcartografies.com\/es\/producto\/mapa-i-guia-excursionista-desert-de-les-palmes\/#primaryimage"},"image":{"@id":"https:\/\/eltossalcartografies.com\/es\/producto\/mapa-i-guia-excursionista-desert-de-les-palmes\/#primaryimage"},"thumbnailUrl":"https:\/\/eltossalcartografies.com\/wp-content\/uploads\/2020\/04\/M1-01-mapa-i-guia-excursionista-desert-de-les-palmes.jpg","datePublished":"2020-04-02T14:10:11+00:00","dateModified":"2026-01-14T14:46:54+00:00","description":"Mapa y gu\u00eda excursionista del Desert de les Palmes. El Tossal Cartografies. Escala: 1:25.000. Publicaci\u00f3n: 2019-11. La Plana Alta. Castell\u00f3","breadcrumb":{"@id":"https:\/\/eltossalcartografies.com\/es\/producto\/mapa-i-guia-excursionista-desert-de-les-palmes\/#breadcrumb"},"inLanguage":"es","potentialAction":[{"@type":"ReadAction","target":["https:\/\/eltossalcartografies.com\/es\/producto\/mapa-i-guia-excursionista-desert-de-les-palmes\/"]}]},{"@type":"ImageObject","inLanguage":"es","@id":"https:\/\/eltossalcartografies.com\/es\/producto\/mapa-i-guia-excursionista-desert-de-les-palmes\/#primaryimage","url":"https:\/\/eltossalcartografies.com\/wp-content\/uploads\/2020\/04\/M1-01-mapa-i-guia-excursionista-desert-de-les-palmes.jpg","contentUrl":"https:\/\/eltossalcartografies.com\/wp-content\/uploads\/2020\/04\/M1-01-mapa-i-guia-excursionista-desert-de-les-palmes.jpg","width":662,"height":1200},{"@type":"BreadcrumbList","@id":"https:\/\/eltossalcartografies.com\/es\/producto\/mapa-i-guia-excursionista-desert-de-les-palmes\/#breadcrumb","itemListElement":[{"@type":"ListItem","position":1,"name":"Portada","item":"https:\/\/eltossalcartografies.com\/es\/"},{"@type":"ListItem","position":2,"name":"Productos","item":"https:\/\/eltossalcartografies.com\/es\/shop\/"},{"@type":"ListItem","position":3,"name":"Mapa y gu\u00eda excursionista Desert de les Palmes"}]},{"@type":"WebSite","@id":"https:\/\/eltossalcartografies.com\/es\/#website","url":"https:\/\/eltossalcartografies.com\/es\/","name":"El Tossal Cartografies","description":"cartografia, venda de mapes","publisher":{"@id":"https:\/\/eltossalcartografies.com\/es\/#organization"},"potentialAction":[{"@type":"SearchAction","target":{"@type":"EntryPoint","urlTemplate":"https:\/\/eltossalcartografies.com\/es\/?s={search_term_string}"},"query-input":{"@type":"PropertyValueSpecification","valueRequired":true,"valueName":"search_term_string"}}],"inLanguage":"es"},{"@type":"Organization","@id":"https:\/\/eltossalcartografies.com\/es\/#organization","name":"El Tossal Cartografies","url":"https:\/\/eltossalcartografies.com\/es\/","logo":{"@type":"ImageObject","inLanguage":"es","@id":"https:\/\/eltossalcartografies.com\/es\/#\/schema\/logo\/image\/","url":"https:\/\/eltossalcartografies.com\/wp-content\/uploads\/2020\/05\/logo-tossal-sitcky-verdet.png","contentUrl":"https:\/\/eltossalcartografies.com\/wp-content\/uploads\/2020\/05\/logo-tossal-sitcky-verdet.png","width":155,"height":120,"caption":"El Tossal Cartografies"},"image":{"@id":"https:\/\/eltossalcartografies.com\/es\/#\/schema\/logo\/image\/"},"sameAs":["https:\/\/www.facebook.com\/ElTossalCartografies\/","https:\/\/instagram.com\/eltossalcartografies\/"]}]}},"_links":{"self":[{"href":"https:\/\/eltossalcartografies.com\/es\/wp-json\/wp\/v2\/product\/22311","targetHints":{"allow":["GET"]}}],"collection":[{"href":"https:\/\/eltossalcartografies.com\/es\/wp-json\/wp\/v2\/product"}],"about":[{"href":"https:\/\/eltossalcartografies.com\/es\/wp-json\/wp\/v2\/types\/product"}],"wp:featuredmedia":[{"embeddable":true,"href":"https:\/\/eltossalcartografies.com\/es\/wp-json\/wp\/v2\/media\/21760"}],"wp:attachment":[{"href":"https:\/\/eltossalcartografies.com\/es\/wp-json\/wp\/v2\/media?parent=22311"}],"wp:term":[{"taxonomy":"product_brand","embeddable":true,"href":"https:\/\/eltossalcartografies.com\/es\/wp-json\/wp\/v2\/product_brand?post=22311"},{"taxonomy":"product_cat","embeddable":true,"href":"https:\/\/eltossalcartografies.com\/es\/wp-json\/wp\/v2\/product_cat?post=22311"},{"taxonomy":"product_tag","embeddable":true,"href":"https:\/\/eltossalcartografies.com\/es\/wp-json\/wp\/v2\/product_tag?post=22311"}],"curies":[{"name":"wp","href":"https:\/\/api.w.org\/{rel}","templated":true}]}}