{"id":22866,"date":"2020-04-02T14:10:14","date_gmt":"2020-04-02T14:10:14","guid":{"rendered":"https:\/\/eltossalcartografies.com\/producte\/doble-mapa-i-guia-excursionista-serra-despada\/"},"modified":"2026-01-14T15:44:10","modified_gmt":"2026-01-14T14:44:10","slug":"doble-mapa-i-guia-excursionista-serra-despada-es","status":"publish","type":"product","link":"https:\/\/eltossalcartografies.com\/es\/producto\/doble-mapa-i-guia-excursionista-serra-despada-es\/","title":{"rendered":"Doble mapa y gu\u00eda excursionista Serra d&#8217;Espad\u00e0\u2028"},"content":{"rendered":"<p>Dos mapas y gu\u00eda excursionista a escala 1\/30000 de la Sierra de Espad\u00e1n, desde la Vilavella hasta el Collado de Arenillas, entre los r\u00edos Palancia y Mijares, 82000 hect\u00e1reas de terreno cartografiado, 40 municipios, 31000 hect\u00e1reas de parque natural. Un espacio monta\u00f1oso de lo m\u00e1s singular donde la mezcla geol\u00f3gica de los calares, las pizarras y el rodeno da lugar a diversos tipos de formaciones y de vegetaci\u00f3n asociada entre la cual destaca la mayor extensi\u00f3n de bosque de alcornoques (Quercus suber) del Pa\u00eds Valenciano con la aparici\u00f3n de robles rebollo (Quercus pyrenaica), casta\u00f1os (Castanea sativa), bosques de pino rodeno (Pinus pinaster) y umbr\u00edas plagadas de cystus, brezos, helechos, etc. El Sistema Ib\u00e9rico se estira y se aproxima pr\u00e1cticamente al mar formando un laberinto de profundos barrancos y picos escarpados, plagado de fuentes y riachuelos que se deslizan sobre las rocas sil\u00edceas y que esconde centenares de kil\u00f3metros de caminos de monta\u00f1a y rutas balizadas. Una sierra humanizada donde la herencia de los diversos pobladores y actividades la rellenan de castillos y atalayas del periodo andalus\u00ed, peque\u00f1os pueblos y multitud de ingenios hidr\u00e1ulicos de origen morisco, abancalamientos imposibles en pendientes casi verticales, cavidades artificiales de miner\u00eda cl\u00e1sica para la extracci\u00f3n de cinabrio y hierro o las cicatrices de la guerra civil que, con la l\u00ednea XYZ, cortan la sierra en toda su longitud con trincheras, nidos de ametralladora y b\u00fankeres. Una gran ruta, la GR36, que la recorre de parte a parte. Un bosque que se anima cada fin de primavera con la saca del corcho y los ruidos y el trasiego que se genera. En definitiva os mostramos un conjunto geogr\u00e1fico encantador, lleno de patrimonio y con una gradaci\u00f3n crom\u00e1tica y paisaj\u00edstica \u00fanica en las tierras valencianas.<\/p>\n<p>Disfrutad de su descubrimiento!<\/p>\n","protected":false},"excerpt":{"rendered":"<p>Serra d&#8217;Espad\u00e0[br]<br \/>\nDoble mapa y gu\u00eda excursionista[br]<br \/>\nFecha de publicaci\u00f3n: 2016-12-01[br]<br \/>\nEscala: 1:30.000[br]<br \/>\nISBN: 9788461757435[br]<br \/>\nDISPONIBLE<\/p>\n","protected":false},"featured_media":21736,"template":"","meta":{"_acf_changed":false},"product_brand":[],"product_cat":[56,57,59],"product_tag":[62],"class_list":{"0":"post-22866","1":"product","2":"type-product","3":"status-publish","4":"has-post-thumbnail","6":"product_cat-doble-mapa-y-guia-excursionista","7":"product_cat-mapa-y-guia-excursionista","8":"product_cat-todas-las-categorias","9":"product_tag-doble-mapa-es","11":"first","12":"instock","13":"taxable","14":"shipping-taxable","15":"purchasable","16":"product-type-simple"},"acf":[],"yoast_head":"<!-- This site is optimized with the Yoast SEO Premium plugin v27.4 (Yoast SEO v27.4) - https:\/\/yoast.com\/product\/yoast-seo-premium-wordpress\/ -->\n<title>Doble mapa y gu\u00eda excursionista Serra d&#039;Espad\u00e0\u2028 - El Tossal Cartografies<\/title>\n<meta name=\"description\" content=\"Doble mapa y gu\u00eda excursionista de la Sierra de Espad\u00e1n. EL Tossal Cartografies. Escala: 1:30.000. Publicaci\u00f3n: 2016-12-01\" \/>\n<meta name=\"robots\" content=\"index, follow, max-snippet:-1, max-image-preview:large, max-video-preview:-1\" \/>\n<link rel=\"canonical\" href=\"https:\/\/eltossalcartografies.com\/es\/producto\/doble-mapa-i-guia-excursionista-serra-despada-es\/\" \/>\n<meta property=\"og:locale\" content=\"es_ES\" \/>\n<meta property=\"og:type\" content=\"article\" \/>\n<meta property=\"og:title\" content=\"Doble mapa y gu\u00eda excursionista Serra d&#039;Espad\u00e0\u2028\" \/>\n<meta property=\"og:description\" content=\"Doble mapa y gu\u00eda excursionista de la Sierra de Espad\u00e1n. EL Tossal Cartografies. Escala: 1:30.000. Publicaci\u00f3n: 2016-12-01\" \/>\n<meta property=\"og:url\" content=\"https:\/\/eltossalcartografies.com\/es\/producto\/doble-mapa-i-guia-excursionista-serra-despada-es\/\" \/>\n<meta property=\"og:site_name\" content=\"El Tossal Cartografies\" \/>\n<meta property=\"article:publisher\" content=\"https:\/\/www.facebook.com\/ElTossalCartografies\/\" \/>\n<meta property=\"article:modified_time\" content=\"2026-01-14T14:44:10+00:00\" \/>\n<meta property=\"og:image\" content=\"https:\/\/eltossalcartografies.com\/wp-content\/uploads\/2020\/04\/M5-01-Doble-mapa-i-guia-excursionista-serra-d-Espada.jpg\" \/>\n\t<meta property=\"og:image:width\" content=\"767\" \/>\n\t<meta property=\"og:image:height\" content=\"1200\" \/>\n\t<meta property=\"og:image:type\" content=\"image\/jpeg\" \/>\n<meta name=\"twitter:card\" content=\"summary_large_image\" \/>\n<meta name=\"twitter:label1\" content=\"Tiempo de lectura\" \/>\n\t<meta name=\"twitter:data1\" content=\"2 minutos\" \/>\n<script type=\"application\/ld+json\" class=\"yoast-schema-graph\">{\"@context\":\"https:\\\/\\\/schema.org\",\"@graph\":[{\"@type\":\"WebPage\",\"@id\":\"https:\\\/\\\/eltossalcartografies.com\\\/es\\\/producto\\\/doble-mapa-i-guia-excursionista-serra-despada-es\\\/\",\"url\":\"https:\\\/\\\/eltossalcartografies.com\\\/es\\\/producto\\\/doble-mapa-i-guia-excursionista-serra-despada-es\\\/\",\"name\":\"Doble mapa y gu\u00eda excursionista Serra d'Espad\u00e0\\u2028 - El Tossal Cartografies\",\"isPartOf\":{\"@id\":\"https:\\\/\\\/eltossalcartografies.com\\\/es\\\/#website\"},\"primaryImageOfPage\":{\"@id\":\"https:\\\/\\\/eltossalcartografies.com\\\/es\\\/producto\\\/doble-mapa-i-guia-excursionista-serra-despada-es\\\/#primaryimage\"},\"image\":{\"@id\":\"https:\\\/\\\/eltossalcartografies.com\\\/es\\\/producto\\\/doble-mapa-i-guia-excursionista-serra-despada-es\\\/#primaryimage\"},\"thumbnailUrl\":\"https:\\\/\\\/eltossalcartografies.com\\\/wp-content\\\/uploads\\\/2020\\\/04\\\/M5-01-Doble-mapa-i-guia-excursionista-serra-d-Espada.jpg\",\"datePublished\":\"2020-04-02T14:10:14+00:00\",\"dateModified\":\"2026-01-14T14:44:10+00:00\",\"description\":\"Doble mapa y gu\u00eda excursionista de la Sierra de Espad\u00e1n. EL Tossal Cartografies. Escala: 1:30.000. Publicaci\u00f3n: 2016-12-01\",\"breadcrumb\":{\"@id\":\"https:\\\/\\\/eltossalcartografies.com\\\/es\\\/producto\\\/doble-mapa-i-guia-excursionista-serra-despada-es\\\/#breadcrumb\"},\"inLanguage\":\"es\",\"potentialAction\":[{\"@type\":\"ReadAction\",\"target\":[\"https:\\\/\\\/eltossalcartografies.com\\\/es\\\/producto\\\/doble-mapa-i-guia-excursionista-serra-despada-es\\\/\"]}]},{\"@type\":\"ImageObject\",\"inLanguage\":\"es\",\"@id\":\"https:\\\/\\\/eltossalcartografies.com\\\/es\\\/producto\\\/doble-mapa-i-guia-excursionista-serra-despada-es\\\/#primaryimage\",\"url\":\"https:\\\/\\\/eltossalcartografies.com\\\/wp-content\\\/uploads\\\/2020\\\/04\\\/M5-01-Doble-mapa-i-guia-excursionista-serra-d-Espada.jpg\",\"contentUrl\":\"https:\\\/\\\/eltossalcartografies.com\\\/wp-content\\\/uploads\\\/2020\\\/04\\\/M5-01-Doble-mapa-i-guia-excursionista-serra-d-Espada.jpg\",\"width\":767,\"height\":1200},{\"@type\":\"BreadcrumbList\",\"@id\":\"https:\\\/\\\/eltossalcartografies.com\\\/es\\\/producto\\\/doble-mapa-i-guia-excursionista-serra-despada-es\\\/#breadcrumb\",\"itemListElement\":[{\"@type\":\"ListItem\",\"position\":1,\"name\":\"Portada\",\"item\":\"https:\\\/\\\/eltossalcartografies.com\\\/es\\\/\"},{\"@type\":\"ListItem\",\"position\":2,\"name\":\"Productos\",\"item\":\"https:\\\/\\\/eltossalcartografies.com\\\/es\\\/shop\\\/\"},{\"@type\":\"ListItem\",\"position\":3,\"name\":\"Doble mapa y gu\u00eda excursionista Serra d&#8217;Espad\u00e0\\u2028\"}]},{\"@type\":\"WebSite\",\"@id\":\"https:\\\/\\\/eltossalcartografies.com\\\/es\\\/#website\",\"url\":\"https:\\\/\\\/eltossalcartografies.com\\\/es\\\/\",\"name\":\"El Tossal Cartografies\",\"description\":\"cartografia, venda de mapes\",\"publisher\":{\"@id\":\"https:\\\/\\\/eltossalcartografies.com\\\/es\\\/#organization\"},\"potentialAction\":[{\"@type\":\"SearchAction\",\"target\":{\"@type\":\"EntryPoint\",\"urlTemplate\":\"https:\\\/\\\/eltossalcartografies.com\\\/es\\\/?s={search_term_string}\"},\"query-input\":{\"@type\":\"PropertyValueSpecification\",\"valueRequired\":true,\"valueName\":\"search_term_string\"}}],\"inLanguage\":\"es\"},{\"@type\":\"Organization\",\"@id\":\"https:\\\/\\\/eltossalcartografies.com\\\/es\\\/#organization\",\"name\":\"El Tossal Cartografies\",\"url\":\"https:\\\/\\\/eltossalcartografies.com\\\/es\\\/\",\"logo\":{\"@type\":\"ImageObject\",\"inLanguage\":\"es\",\"@id\":\"https:\\\/\\\/eltossalcartografies.com\\\/es\\\/#\\\/schema\\\/logo\\\/image\\\/\",\"url\":\"https:\\\/\\\/eltossalcartografies.com\\\/wp-content\\\/uploads\\\/2020\\\/05\\\/logo-tossal-sitcky-verdet.png\",\"contentUrl\":\"https:\\\/\\\/eltossalcartografies.com\\\/wp-content\\\/uploads\\\/2020\\\/05\\\/logo-tossal-sitcky-verdet.png\",\"width\":155,\"height\":120,\"caption\":\"El Tossal Cartografies\"},\"image\":{\"@id\":\"https:\\\/\\\/eltossalcartografies.com\\\/es\\\/#\\\/schema\\\/logo\\\/image\\\/\"},\"sameAs\":[\"https:\\\/\\\/www.facebook.com\\\/ElTossalCartografies\\\/\",\"https:\\\/\\\/instagram.com\\\/eltossalcartografies\\\/\"]}]}<\/script>\n<!-- \/ Yoast SEO Premium plugin. -->","yoast_head_json":{"title":"Doble mapa y gu\u00eda excursionista Serra d'Espad\u00e0\u2028 - El Tossal Cartografies","description":"Doble mapa y gu\u00eda excursionista de la Sierra de Espad\u00e1n. EL Tossal Cartografies. Escala: 1:30.000. Publicaci\u00f3n: 2016-12-01","robots":{"index":"index","follow":"follow","max-snippet":"max-snippet:-1","max-image-preview":"max-image-preview:large","max-video-preview":"max-video-preview:-1"},"canonical":"https:\/\/eltossalcartografies.com\/es\/producto\/doble-mapa-i-guia-excursionista-serra-despada-es\/","og_locale":"es_ES","og_type":"article","og_title":"Doble mapa y gu\u00eda excursionista Serra d'Espad\u00e0\u2028","og_description":"Doble mapa y gu\u00eda excursionista de la Sierra de Espad\u00e1n. EL Tossal Cartografies. Escala: 1:30.000. Publicaci\u00f3n: 2016-12-01","og_url":"https:\/\/eltossalcartografies.com\/es\/producto\/doble-mapa-i-guia-excursionista-serra-despada-es\/","og_site_name":"El Tossal Cartografies","article_publisher":"https:\/\/www.facebook.com\/ElTossalCartografies\/","article_modified_time":"2026-01-14T14:44:10+00:00","og_image":[{"width":767,"height":1200,"url":"https:\/\/eltossalcartografies.com\/wp-content\/uploads\/2020\/04\/M5-01-Doble-mapa-i-guia-excursionista-serra-d-Espada.jpg","type":"image\/jpeg"}],"twitter_card":"summary_large_image","twitter_misc":{"Tiempo de lectura":"2 minutos"},"schema":{"@context":"https:\/\/schema.org","@graph":[{"@type":"WebPage","@id":"https:\/\/eltossalcartografies.com\/es\/producto\/doble-mapa-i-guia-excursionista-serra-despada-es\/","url":"https:\/\/eltossalcartografies.com\/es\/producto\/doble-mapa-i-guia-excursionista-serra-despada-es\/","name":"Doble mapa y gu\u00eda excursionista Serra d'Espad\u00e0\u2028 - El Tossal Cartografies","isPartOf":{"@id":"https:\/\/eltossalcartografies.com\/es\/#website"},"primaryImageOfPage":{"@id":"https:\/\/eltossalcartografies.com\/es\/producto\/doble-mapa-i-guia-excursionista-serra-despada-es\/#primaryimage"},"image":{"@id":"https:\/\/eltossalcartografies.com\/es\/producto\/doble-mapa-i-guia-excursionista-serra-despada-es\/#primaryimage"},"thumbnailUrl":"https:\/\/eltossalcartografies.com\/wp-content\/uploads\/2020\/04\/M5-01-Doble-mapa-i-guia-excursionista-serra-d-Espada.jpg","datePublished":"2020-04-02T14:10:14+00:00","dateModified":"2026-01-14T14:44:10+00:00","description":"Doble mapa y gu\u00eda excursionista de la Sierra de Espad\u00e1n. EL Tossal Cartografies. Escala: 1:30.000. Publicaci\u00f3n: 2016-12-01","breadcrumb":{"@id":"https:\/\/eltossalcartografies.com\/es\/producto\/doble-mapa-i-guia-excursionista-serra-despada-es\/#breadcrumb"},"inLanguage":"es","potentialAction":[{"@type":"ReadAction","target":["https:\/\/eltossalcartografies.com\/es\/producto\/doble-mapa-i-guia-excursionista-serra-despada-es\/"]}]},{"@type":"ImageObject","inLanguage":"es","@id":"https:\/\/eltossalcartografies.com\/es\/producto\/doble-mapa-i-guia-excursionista-serra-despada-es\/#primaryimage","url":"https:\/\/eltossalcartografies.com\/wp-content\/uploads\/2020\/04\/M5-01-Doble-mapa-i-guia-excursionista-serra-d-Espada.jpg","contentUrl":"https:\/\/eltossalcartografies.com\/wp-content\/uploads\/2020\/04\/M5-01-Doble-mapa-i-guia-excursionista-serra-d-Espada.jpg","width":767,"height":1200},{"@type":"BreadcrumbList","@id":"https:\/\/eltossalcartografies.com\/es\/producto\/doble-mapa-i-guia-excursionista-serra-despada-es\/#breadcrumb","itemListElement":[{"@type":"ListItem","position":1,"name":"Portada","item":"https:\/\/eltossalcartografies.com\/es\/"},{"@type":"ListItem","position":2,"name":"Productos","item":"https:\/\/eltossalcartografies.com\/es\/shop\/"},{"@type":"ListItem","position":3,"name":"Doble mapa y gu\u00eda excursionista Serra d&#8217;Espad\u00e0\u2028"}]},{"@type":"WebSite","@id":"https:\/\/eltossalcartografies.com\/es\/#website","url":"https:\/\/eltossalcartografies.com\/es\/","name":"El Tossal Cartografies","description":"cartografia, venda de mapes","publisher":{"@id":"https:\/\/eltossalcartografies.com\/es\/#organization"},"potentialAction":[{"@type":"SearchAction","target":{"@type":"EntryPoint","urlTemplate":"https:\/\/eltossalcartografies.com\/es\/?s={search_term_string}"},"query-input":{"@type":"PropertyValueSpecification","valueRequired":true,"valueName":"search_term_string"}}],"inLanguage":"es"},{"@type":"Organization","@id":"https:\/\/eltossalcartografies.com\/es\/#organization","name":"El Tossal Cartografies","url":"https:\/\/eltossalcartografies.com\/es\/","logo":{"@type":"ImageObject","inLanguage":"es","@id":"https:\/\/eltossalcartografies.com\/es\/#\/schema\/logo\/image\/","url":"https:\/\/eltossalcartografies.com\/wp-content\/uploads\/2020\/05\/logo-tossal-sitcky-verdet.png","contentUrl":"https:\/\/eltossalcartografies.com\/wp-content\/uploads\/2020\/05\/logo-tossal-sitcky-verdet.png","width":155,"height":120,"caption":"El Tossal Cartografies"},"image":{"@id":"https:\/\/eltossalcartografies.com\/es\/#\/schema\/logo\/image\/"},"sameAs":["https:\/\/www.facebook.com\/ElTossalCartografies\/","https:\/\/instagram.com\/eltossalcartografies\/"]}]}},"_links":{"self":[{"href":"https:\/\/eltossalcartografies.com\/es\/wp-json\/wp\/v2\/product\/22866","targetHints":{"allow":["GET"]}}],"collection":[{"href":"https:\/\/eltossalcartografies.com\/es\/wp-json\/wp\/v2\/product"}],"about":[{"href":"https:\/\/eltossalcartografies.com\/es\/wp-json\/wp\/v2\/types\/product"}],"wp:featuredmedia":[{"embeddable":true,"href":"https:\/\/eltossalcartografies.com\/es\/wp-json\/wp\/v2\/media\/21736"}],"wp:attachment":[{"href":"https:\/\/eltossalcartografies.com\/es\/wp-json\/wp\/v2\/media?parent=22866"}],"wp:term":[{"taxonomy":"product_brand","embeddable":true,"href":"https:\/\/eltossalcartografies.com\/es\/wp-json\/wp\/v2\/product_brand?post=22866"},{"taxonomy":"product_cat","embeddable":true,"href":"https:\/\/eltossalcartografies.com\/es\/wp-json\/wp\/v2\/product_cat?post=22866"},{"taxonomy":"product_tag","embeddable":true,"href":"https:\/\/eltossalcartografies.com\/es\/wp-json\/wp\/v2\/product_tag?post=22866"}],"curies":[{"name":"wp","href":"https:\/\/api.w.org\/{rel}","templated":true}]}}