{"id":22867,"date":"2020-06-17T10:35:50","date_gmt":"2020-06-17T10:35:50","guid":{"rendered":"https:\/\/eltossalcartografies.com\/producte\/doble-mapa-i-guia-excursionista-alto-turia\/"},"modified":"2026-01-14T15:19:28","modified_gmt":"2026-01-14T14:19:28","slug":"doble-mapa-i-guia-excursionista-alto-turia","status":"publish","type":"product","link":"https:\/\/eltossalcartografies.com\/es\/producto\/doble-mapa-i-guia-excursionista-alto-turia\/","title":{"rendered":"Doble mapa Alto Turia"},"content":{"rendered":"<p>El Alto Turia es un territorio situado en la comarca de la Serran\u00eda, un territorio marcado por el paso del r\u00edo Turia o r\u00edo Blanco en su curso m\u00e1s alto dentro del Pa\u00eds Valenciano. Un r\u00edo que nos vertebra este territorio convirti\u00e9ndose en el nexo de uni\u00f3n de sus pueblos. Una zona de alto valor paisaj\u00edstico con admirables enclaves naturales con un patrimonio cultural e hist\u00f3rico. Una riqueza natural y cultural que nos ofrece un amplio abanico de actividades al aire libre durante todo el a\u00f1o y que os ofrecemos con esta nueva publicaci\u00f3n en formato de dos mapas impresos a doble cara.<\/p>\n","protected":false},"excerpt":{"rendered":"<p>Alto Turia[br]<br \/>\nDoble mapa[br]<br \/>\nFecha de publicaci\u00f3n: 2020-06-15[br]<br \/>\nEscala: 1:30.000[br]<br \/>\nISBN: 9788409054664[br]<br \/>\nDISPONIBLE<\/p>\n","protected":false},"featured_media":21934,"template":"","meta":{"_acf_changed":false},"product_brand":[],"product_cat":[56,59],"product_tag":[],"class_list":{"0":"post-22867","1":"product","2":"type-product","3":"status-publish","4":"has-post-thumbnail","6":"product_cat-doble-mapa-y-guia-excursionista","7":"product_cat-todas-las-categorias","9":"first","10":"instock","11":"taxable","12":"shipping-taxable","13":"purchasable","14":"product-type-simple"},"acf":[],"yoast_head":"<!-- This site is optimized with the Yoast SEO Premium plugin v27.4 (Yoast SEO v27.4) - https:\/\/yoast.com\/product\/yoast-seo-premium-wordpress\/ -->\n<title>Doble mapa Alto Turia - El Tossal Cartografies<\/title>\n<meta name=\"description\" content=\"Mapa excursionista Alto Turia. El Tossal Cartografies. Escala: 1:30.000. A\u00f1o 2020. Dos mapas impresos a doble cara. La Serran\u00eda. Valencia.\" \/>\n<meta name=\"robots\" content=\"index, follow, max-snippet:-1, max-image-preview:large, max-video-preview:-1\" \/>\n<link rel=\"canonical\" href=\"https:\/\/eltossalcartografies.com\/es\/producto\/doble-mapa-i-guia-excursionista-alto-turia\/\" \/>\n<meta property=\"og:locale\" content=\"es_ES\" \/>\n<meta property=\"og:type\" content=\"article\" \/>\n<meta property=\"og:title\" content=\"Doble mapa Alto Turia\" \/>\n<meta property=\"og:description\" content=\"Mapa excursionista Alto Turia. El Tossal Cartografies. Escala: 1:30.000. A\u00f1o 2020. Dos mapas impresos a doble cara. La Serran\u00eda. Valencia.\" \/>\n<meta property=\"og:url\" content=\"https:\/\/eltossalcartografies.com\/es\/producto\/doble-mapa-i-guia-excursionista-alto-turia\/\" \/>\n<meta property=\"og:site_name\" content=\"El Tossal Cartografies\" \/>\n<meta property=\"article:publisher\" content=\"https:\/\/www.facebook.com\/ElTossalCartografies\/\" \/>\n<meta property=\"article:modified_time\" content=\"2026-01-14T14:19:28+00:00\" \/>\n<meta property=\"og:image\" content=\"https:\/\/eltossalcartografies.com\/wp-content\/uploads\/2020\/06\/M0-01-Doble-mapa-i-guia-excursionista-Alto-Turia-2.jpg\" \/>\n\t<meta property=\"og:image:width\" content=\"789\" \/>\n\t<meta property=\"og:image:height\" content=\"1200\" \/>\n\t<meta property=\"og:image:type\" content=\"image\/jpeg\" \/>\n<meta name=\"twitter:card\" content=\"summary_large_image\" \/>\n<meta name=\"twitter:label1\" content=\"Tiempo de lectura\" \/>\n\t<meta name=\"twitter:data1\" content=\"1 minuto\" \/>\n<script type=\"application\/ld+json\" class=\"yoast-schema-graph\">{\"@context\":\"https:\\\/\\\/schema.org\",\"@graph\":[{\"@type\":\"WebPage\",\"@id\":\"https:\\\/\\\/eltossalcartografies.com\\\/es\\\/producto\\\/doble-mapa-i-guia-excursionista-alto-turia\\\/\",\"url\":\"https:\\\/\\\/eltossalcartografies.com\\\/es\\\/producto\\\/doble-mapa-i-guia-excursionista-alto-turia\\\/\",\"name\":\"Doble mapa Alto Turia - El Tossal Cartografies\",\"isPartOf\":{\"@id\":\"https:\\\/\\\/eltossalcartografies.com\\\/es\\\/#website\"},\"primaryImageOfPage\":{\"@id\":\"https:\\\/\\\/eltossalcartografies.com\\\/es\\\/producto\\\/doble-mapa-i-guia-excursionista-alto-turia\\\/#primaryimage\"},\"image\":{\"@id\":\"https:\\\/\\\/eltossalcartografies.com\\\/es\\\/producto\\\/doble-mapa-i-guia-excursionista-alto-turia\\\/#primaryimage\"},\"thumbnailUrl\":\"https:\\\/\\\/eltossalcartografies.com\\\/wp-content\\\/uploads\\\/2020\\\/06\\\/M0-01-Doble-mapa-i-guia-excursionista-Alto-Turia-2.jpg\",\"datePublished\":\"2020-06-17T10:35:50+00:00\",\"dateModified\":\"2026-01-14T14:19:28+00:00\",\"description\":\"Mapa excursionista Alto Turia. El Tossal Cartografies. Escala: 1:30.000. A\u00f1o 2020. Dos mapas impresos a doble cara. La Serran\u00eda. Valencia.\",\"breadcrumb\":{\"@id\":\"https:\\\/\\\/eltossalcartografies.com\\\/es\\\/producto\\\/doble-mapa-i-guia-excursionista-alto-turia\\\/#breadcrumb\"},\"inLanguage\":\"es\",\"potentialAction\":[{\"@type\":\"ReadAction\",\"target\":[\"https:\\\/\\\/eltossalcartografies.com\\\/es\\\/producto\\\/doble-mapa-i-guia-excursionista-alto-turia\\\/\"]}]},{\"@type\":\"ImageObject\",\"inLanguage\":\"es\",\"@id\":\"https:\\\/\\\/eltossalcartografies.com\\\/es\\\/producto\\\/doble-mapa-i-guia-excursionista-alto-turia\\\/#primaryimage\",\"url\":\"https:\\\/\\\/eltossalcartografies.com\\\/wp-content\\\/uploads\\\/2020\\\/06\\\/M0-01-Doble-mapa-i-guia-excursionista-Alto-Turia-2.jpg\",\"contentUrl\":\"https:\\\/\\\/eltossalcartografies.com\\\/wp-content\\\/uploads\\\/2020\\\/06\\\/M0-01-Doble-mapa-i-guia-excursionista-Alto-Turia-2.jpg\",\"width\":789,\"height\":1200},{\"@type\":\"BreadcrumbList\",\"@id\":\"https:\\\/\\\/eltossalcartografies.com\\\/es\\\/producto\\\/doble-mapa-i-guia-excursionista-alto-turia\\\/#breadcrumb\",\"itemListElement\":[{\"@type\":\"ListItem\",\"position\":1,\"name\":\"Portada\",\"item\":\"https:\\\/\\\/eltossalcartografies.com\\\/es\\\/\"},{\"@type\":\"ListItem\",\"position\":2,\"name\":\"Productos\",\"item\":\"https:\\\/\\\/eltossalcartografies.com\\\/es\\\/shop\\\/\"},{\"@type\":\"ListItem\",\"position\":3,\"name\":\"Doble mapa Alto Turia\"}]},{\"@type\":\"WebSite\",\"@id\":\"https:\\\/\\\/eltossalcartografies.com\\\/es\\\/#website\",\"url\":\"https:\\\/\\\/eltossalcartografies.com\\\/es\\\/\",\"name\":\"El Tossal Cartografies\",\"description\":\"cartografia, venda de mapes\",\"publisher\":{\"@id\":\"https:\\\/\\\/eltossalcartografies.com\\\/es\\\/#organization\"},\"potentialAction\":[{\"@type\":\"SearchAction\",\"target\":{\"@type\":\"EntryPoint\",\"urlTemplate\":\"https:\\\/\\\/eltossalcartografies.com\\\/es\\\/?s={search_term_string}\"},\"query-input\":{\"@type\":\"PropertyValueSpecification\",\"valueRequired\":true,\"valueName\":\"search_term_string\"}}],\"inLanguage\":\"es\"},{\"@type\":\"Organization\",\"@id\":\"https:\\\/\\\/eltossalcartografies.com\\\/es\\\/#organization\",\"name\":\"El Tossal Cartografies\",\"url\":\"https:\\\/\\\/eltossalcartografies.com\\\/es\\\/\",\"logo\":{\"@type\":\"ImageObject\",\"inLanguage\":\"es\",\"@id\":\"https:\\\/\\\/eltossalcartografies.com\\\/es\\\/#\\\/schema\\\/logo\\\/image\\\/\",\"url\":\"https:\\\/\\\/eltossalcartografies.com\\\/wp-content\\\/uploads\\\/2020\\\/05\\\/logo-tossal-sitcky-verdet.png\",\"contentUrl\":\"https:\\\/\\\/eltossalcartografies.com\\\/wp-content\\\/uploads\\\/2020\\\/05\\\/logo-tossal-sitcky-verdet.png\",\"width\":155,\"height\":120,\"caption\":\"El Tossal Cartografies\"},\"image\":{\"@id\":\"https:\\\/\\\/eltossalcartografies.com\\\/es\\\/#\\\/schema\\\/logo\\\/image\\\/\"},\"sameAs\":[\"https:\\\/\\\/www.facebook.com\\\/ElTossalCartografies\\\/\",\"https:\\\/\\\/instagram.com\\\/eltossalcartografies\\\/\"]}]}<\/script>\n<!-- \/ Yoast SEO Premium plugin. -->","yoast_head_json":{"title":"Doble mapa Alto Turia - El Tossal Cartografies","description":"Mapa excursionista Alto Turia. El Tossal Cartografies. Escala: 1:30.000. A\u00f1o 2020. Dos mapas impresos a doble cara. La Serran\u00eda. Valencia.","robots":{"index":"index","follow":"follow","max-snippet":"max-snippet:-1","max-image-preview":"max-image-preview:large","max-video-preview":"max-video-preview:-1"},"canonical":"https:\/\/eltossalcartografies.com\/es\/producto\/doble-mapa-i-guia-excursionista-alto-turia\/","og_locale":"es_ES","og_type":"article","og_title":"Doble mapa Alto Turia","og_description":"Mapa excursionista Alto Turia. El Tossal Cartografies. Escala: 1:30.000. A\u00f1o 2020. Dos mapas impresos a doble cara. La Serran\u00eda. Valencia.","og_url":"https:\/\/eltossalcartografies.com\/es\/producto\/doble-mapa-i-guia-excursionista-alto-turia\/","og_site_name":"El Tossal Cartografies","article_publisher":"https:\/\/www.facebook.com\/ElTossalCartografies\/","article_modified_time":"2026-01-14T14:19:28+00:00","og_image":[{"width":789,"height":1200,"url":"https:\/\/eltossalcartografies.com\/wp-content\/uploads\/2020\/06\/M0-01-Doble-mapa-i-guia-excursionista-Alto-Turia-2.jpg","type":"image\/jpeg"}],"twitter_card":"summary_large_image","twitter_misc":{"Tiempo de lectura":"1 minuto"},"schema":{"@context":"https:\/\/schema.org","@graph":[{"@type":"WebPage","@id":"https:\/\/eltossalcartografies.com\/es\/producto\/doble-mapa-i-guia-excursionista-alto-turia\/","url":"https:\/\/eltossalcartografies.com\/es\/producto\/doble-mapa-i-guia-excursionista-alto-turia\/","name":"Doble mapa Alto Turia - El Tossal Cartografies","isPartOf":{"@id":"https:\/\/eltossalcartografies.com\/es\/#website"},"primaryImageOfPage":{"@id":"https:\/\/eltossalcartografies.com\/es\/producto\/doble-mapa-i-guia-excursionista-alto-turia\/#primaryimage"},"image":{"@id":"https:\/\/eltossalcartografies.com\/es\/producto\/doble-mapa-i-guia-excursionista-alto-turia\/#primaryimage"},"thumbnailUrl":"https:\/\/eltossalcartografies.com\/wp-content\/uploads\/2020\/06\/M0-01-Doble-mapa-i-guia-excursionista-Alto-Turia-2.jpg","datePublished":"2020-06-17T10:35:50+00:00","dateModified":"2026-01-14T14:19:28+00:00","description":"Mapa excursionista Alto Turia. El Tossal Cartografies. Escala: 1:30.000. A\u00f1o 2020. Dos mapas impresos a doble cara. La Serran\u00eda. Valencia.","breadcrumb":{"@id":"https:\/\/eltossalcartografies.com\/es\/producto\/doble-mapa-i-guia-excursionista-alto-turia\/#breadcrumb"},"inLanguage":"es","potentialAction":[{"@type":"ReadAction","target":["https:\/\/eltossalcartografies.com\/es\/producto\/doble-mapa-i-guia-excursionista-alto-turia\/"]}]},{"@type":"ImageObject","inLanguage":"es","@id":"https:\/\/eltossalcartografies.com\/es\/producto\/doble-mapa-i-guia-excursionista-alto-turia\/#primaryimage","url":"https:\/\/eltossalcartografies.com\/wp-content\/uploads\/2020\/06\/M0-01-Doble-mapa-i-guia-excursionista-Alto-Turia-2.jpg","contentUrl":"https:\/\/eltossalcartografies.com\/wp-content\/uploads\/2020\/06\/M0-01-Doble-mapa-i-guia-excursionista-Alto-Turia-2.jpg","width":789,"height":1200},{"@type":"BreadcrumbList","@id":"https:\/\/eltossalcartografies.com\/es\/producto\/doble-mapa-i-guia-excursionista-alto-turia\/#breadcrumb","itemListElement":[{"@type":"ListItem","position":1,"name":"Portada","item":"https:\/\/eltossalcartografies.com\/es\/"},{"@type":"ListItem","position":2,"name":"Productos","item":"https:\/\/eltossalcartografies.com\/es\/shop\/"},{"@type":"ListItem","position":3,"name":"Doble mapa Alto Turia"}]},{"@type":"WebSite","@id":"https:\/\/eltossalcartografies.com\/es\/#website","url":"https:\/\/eltossalcartografies.com\/es\/","name":"El Tossal Cartografies","description":"cartografia, venda de mapes","publisher":{"@id":"https:\/\/eltossalcartografies.com\/es\/#organization"},"potentialAction":[{"@type":"SearchAction","target":{"@type":"EntryPoint","urlTemplate":"https:\/\/eltossalcartografies.com\/es\/?s={search_term_string}"},"query-input":{"@type":"PropertyValueSpecification","valueRequired":true,"valueName":"search_term_string"}}],"inLanguage":"es"},{"@type":"Organization","@id":"https:\/\/eltossalcartografies.com\/es\/#organization","name":"El Tossal Cartografies","url":"https:\/\/eltossalcartografies.com\/es\/","logo":{"@type":"ImageObject","inLanguage":"es","@id":"https:\/\/eltossalcartografies.com\/es\/#\/schema\/logo\/image\/","url":"https:\/\/eltossalcartografies.com\/wp-content\/uploads\/2020\/05\/logo-tossal-sitcky-verdet.png","contentUrl":"https:\/\/eltossalcartografies.com\/wp-content\/uploads\/2020\/05\/logo-tossal-sitcky-verdet.png","width":155,"height":120,"caption":"El Tossal Cartografies"},"image":{"@id":"https:\/\/eltossalcartografies.com\/es\/#\/schema\/logo\/image\/"},"sameAs":["https:\/\/www.facebook.com\/ElTossalCartografies\/","https:\/\/instagram.com\/eltossalcartografies\/"]}]}},"_links":{"self":[{"href":"https:\/\/eltossalcartografies.com\/es\/wp-json\/wp\/v2\/product\/22867","targetHints":{"allow":["GET"]}}],"collection":[{"href":"https:\/\/eltossalcartografies.com\/es\/wp-json\/wp\/v2\/product"}],"about":[{"href":"https:\/\/eltossalcartografies.com\/es\/wp-json\/wp\/v2\/types\/product"}],"wp:featuredmedia":[{"embeddable":true,"href":"https:\/\/eltossalcartografies.com\/es\/wp-json\/wp\/v2\/media\/21934"}],"wp:attachment":[{"href":"https:\/\/eltossalcartografies.com\/es\/wp-json\/wp\/v2\/media?parent=22867"}],"wp:term":[{"taxonomy":"product_brand","embeddable":true,"href":"https:\/\/eltossalcartografies.com\/es\/wp-json\/wp\/v2\/product_brand?post=22867"},{"taxonomy":"product_cat","embeddable":true,"href":"https:\/\/eltossalcartografies.com\/es\/wp-json\/wp\/v2\/product_cat?post=22867"},{"taxonomy":"product_tag","embeddable":true,"href":"https:\/\/eltossalcartografies.com\/es\/wp-json\/wp\/v2\/product_tag?post=22867"}],"curies":[{"name":"wp","href":"https:\/\/api.w.org\/{rel}","templated":true}]}}