{"id":22877,"date":"2020-04-02T14:10:21","date_gmt":"2020-04-02T14:10:21","guid":{"rendered":"https:\/\/eltossalcartografies.com\/producte\/mapa-de-termino-municipal-de-la-serratella\/"},"modified":"2026-01-14T15:28:10","modified_gmt":"2026-01-14T14:28:10","slug":"mapa-de-termino-municipal-de-la-serratella","status":"publish","type":"product","link":"https:\/\/eltossalcartografies.com\/es\/producto\/mapa-de-termino-municipal-de-la-serratella\/","title":{"rendered":"Mapa del t\u00e9rmino municipal de La Serratella"},"content":{"rendered":"<p>Mapa del t\u00e9rmino municipal realizado para el Ayuntamiento de La Serratella. <a href=\"http:\/\/www.laserratella.es\/\" target=\"_blank\" rel=\"noopener noreferrer\">www.laserratella.es<\/a><\/p>\n<p>Agradecimientos especiales a Pau Fabregat Beltran. <a href=\"https:\/\/paufbeltran.wordpress.com\/\" target=\"_blank\" rel=\"noopener noreferrer\">https:\/\/paufbeltran.wordpress.com\/<\/a><\/p>\n","protected":false},"excerpt":{"rendered":"<p>la Serratella[br]<br \/>\nMapa de t\u00e9rmino municipal[br]<br \/>\nFecha de Publicaci\u00f3n: 2011-04-01[br]<br \/>\nEscala: 1:15000[br]<br \/>\nNO DISPONIBLE<\/p>\n","protected":false},"featured_media":22153,"template":"","meta":{"_acf_changed":false},"product_brand":[],"product_cat":[58,59],"product_tag":[],"class_list":{"0":"post-22877","1":"product","2":"type-product","3":"status-publish","4":"has-post-thumbnail","6":"product_cat-mapa-termino-municipal","7":"product_cat-todas-las-categorias","9":"first","10":"instock","11":"taxable","12":"shipping-taxable","13":"purchasable","14":"product-type-simple"},"acf":[],"yoast_head":"<!-- This site is optimized with the Yoast SEO Premium plugin v27.4 (Yoast SEO v27.4) - https:\/\/yoast.com\/product\/yoast-seo-premium-wordpress\/ -->\n<title>Mapa del t\u00e9rmino municipal de La Serratella - El Tossal Cartografies<\/title>\n<meta name=\"description\" content=\"Mapa del t\u00e9rmino municipal realizado para el Ayuntamiento de La Serratella. Fecha de Publicaci\u00f3n: 2011-04-01. Escala: 1:15000\" \/>\n<meta name=\"robots\" content=\"index, follow, max-snippet:-1, max-image-preview:large, max-video-preview:-1\" \/>\n<link rel=\"canonical\" href=\"https:\/\/eltossalcartografies.com\/es\/producto\/mapa-de-termino-municipal-de-la-serratella\/\" \/>\n<meta property=\"og:locale\" content=\"es_ES\" \/>\n<meta property=\"og:type\" content=\"article\" \/>\n<meta property=\"og:title\" content=\"Mapa del t\u00e9rmino municipal de La Serratella\" \/>\n<meta property=\"og:description\" content=\"Mapa del t\u00e9rmino municipal realizado para el Ayuntamiento de La Serratella. Fecha de Publicaci\u00f3n: 2011-04-01. Escala: 1:15000\" \/>\n<meta property=\"og:url\" content=\"https:\/\/eltossalcartografies.com\/es\/producto\/mapa-de-termino-municipal-de-la-serratella\/\" \/>\n<meta property=\"og:site_name\" content=\"El Tossal Cartografies\" \/>\n<meta property=\"article:publisher\" content=\"https:\/\/www.facebook.com\/ElTossalCartografies\/\" \/>\n<meta property=\"article:modified_time\" content=\"2026-01-14T14:28:10+00:00\" \/>\n<meta property=\"og:image\" content=\"https:\/\/eltossalcartografies.com\/wp-content\/uploads\/2020\/06\/logo-tossal-paypal.png\" \/>\n\t<meta property=\"og:image:width\" content=\"190\" \/>\n\t<meta property=\"og:image:height\" content=\"60\" \/>\n\t<meta property=\"og:image:type\" content=\"image\/png\" \/>\n<meta name=\"twitter:card\" content=\"summary_large_image\" \/>\n<meta name=\"twitter:label1\" content=\"Tiempo de lectura\" \/>\n\t<meta name=\"twitter:data1\" content=\"1 minuto\" \/>\n<script type=\"application\/ld+json\" class=\"yoast-schema-graph\">{\"@context\":\"https:\\\/\\\/schema.org\",\"@graph\":[{\"@type\":\"WebPage\",\"@id\":\"https:\\\/\\\/eltossalcartografies.com\\\/es\\\/producto\\\/mapa-de-termino-municipal-de-la-serratella\\\/\",\"url\":\"https:\\\/\\\/eltossalcartografies.com\\\/es\\\/producto\\\/mapa-de-termino-municipal-de-la-serratella\\\/\",\"name\":\"Mapa del t\u00e9rmino municipal de La Serratella - El Tossal Cartografies\",\"isPartOf\":{\"@id\":\"https:\\\/\\\/eltossalcartografies.com\\\/es\\\/#website\"},\"primaryImageOfPage\":{\"@id\":\"https:\\\/\\\/eltossalcartografies.com\\\/es\\\/producto\\\/mapa-de-termino-municipal-de-la-serratella\\\/#primaryimage\"},\"image\":{\"@id\":\"https:\\\/\\\/eltossalcartografies.com\\\/es\\\/producto\\\/mapa-de-termino-municipal-de-la-serratella\\\/#primaryimage\"},\"thumbnailUrl\":\"https:\\\/\\\/eltossalcartografies.com\\\/wp-content\\\/uploads\\\/2020\\\/04\\\/M22-01-mapa-terme-municipal-la-serratella.jpg\",\"datePublished\":\"2020-04-02T14:10:21+00:00\",\"dateModified\":\"2026-01-14T14:28:10+00:00\",\"description\":\"Mapa del t\u00e9rmino municipal realizado para el Ayuntamiento de La Serratella. Fecha de Publicaci\u00f3n: 2011-04-01. Escala: 1:15000\",\"breadcrumb\":{\"@id\":\"https:\\\/\\\/eltossalcartografies.com\\\/es\\\/producto\\\/mapa-de-termino-municipal-de-la-serratella\\\/#breadcrumb\"},\"inLanguage\":\"es\",\"potentialAction\":[{\"@type\":\"ReadAction\",\"target\":[\"https:\\\/\\\/eltossalcartografies.com\\\/es\\\/producto\\\/mapa-de-termino-municipal-de-la-serratella\\\/\"]}]},{\"@type\":\"ImageObject\",\"inLanguage\":\"es\",\"@id\":\"https:\\\/\\\/eltossalcartografies.com\\\/es\\\/producto\\\/mapa-de-termino-municipal-de-la-serratella\\\/#primaryimage\",\"url\":\"https:\\\/\\\/eltossalcartografies.com\\\/wp-content\\\/uploads\\\/2020\\\/04\\\/M22-01-mapa-terme-municipal-la-serratella.jpg\",\"contentUrl\":\"https:\\\/\\\/eltossalcartografies.com\\\/wp-content\\\/uploads\\\/2020\\\/04\\\/M22-01-mapa-terme-municipal-la-serratella.jpg\",\"width\":833,\"height\":1200},{\"@type\":\"BreadcrumbList\",\"@id\":\"https:\\\/\\\/eltossalcartografies.com\\\/es\\\/producto\\\/mapa-de-termino-municipal-de-la-serratella\\\/#breadcrumb\",\"itemListElement\":[{\"@type\":\"ListItem\",\"position\":1,\"name\":\"Portada\",\"item\":\"https:\\\/\\\/eltossalcartografies.com\\\/es\\\/\"},{\"@type\":\"ListItem\",\"position\":2,\"name\":\"Productos\",\"item\":\"https:\\\/\\\/eltossalcartografies.com\\\/es\\\/shop\\\/\"},{\"@type\":\"ListItem\",\"position\":3,\"name\":\"Mapa del t\u00e9rmino municipal de La Serratella\"}]},{\"@type\":\"WebSite\",\"@id\":\"https:\\\/\\\/eltossalcartografies.com\\\/es\\\/#website\",\"url\":\"https:\\\/\\\/eltossalcartografies.com\\\/es\\\/\",\"name\":\"El Tossal Cartografies\",\"description\":\"cartografia, venda de mapes\",\"publisher\":{\"@id\":\"https:\\\/\\\/eltossalcartografies.com\\\/es\\\/#organization\"},\"potentialAction\":[{\"@type\":\"SearchAction\",\"target\":{\"@type\":\"EntryPoint\",\"urlTemplate\":\"https:\\\/\\\/eltossalcartografies.com\\\/es\\\/?s={search_term_string}\"},\"query-input\":{\"@type\":\"PropertyValueSpecification\",\"valueRequired\":true,\"valueName\":\"search_term_string\"}}],\"inLanguage\":\"es\"},{\"@type\":\"Organization\",\"@id\":\"https:\\\/\\\/eltossalcartografies.com\\\/es\\\/#organization\",\"name\":\"El Tossal Cartografies\",\"url\":\"https:\\\/\\\/eltossalcartografies.com\\\/es\\\/\",\"logo\":{\"@type\":\"ImageObject\",\"inLanguage\":\"es\",\"@id\":\"https:\\\/\\\/eltossalcartografies.com\\\/es\\\/#\\\/schema\\\/logo\\\/image\\\/\",\"url\":\"https:\\\/\\\/eltossalcartografies.com\\\/wp-content\\\/uploads\\\/2020\\\/05\\\/logo-tossal-sitcky-verdet.png\",\"contentUrl\":\"https:\\\/\\\/eltossalcartografies.com\\\/wp-content\\\/uploads\\\/2020\\\/05\\\/logo-tossal-sitcky-verdet.png\",\"width\":155,\"height\":120,\"caption\":\"El Tossal Cartografies\"},\"image\":{\"@id\":\"https:\\\/\\\/eltossalcartografies.com\\\/es\\\/#\\\/schema\\\/logo\\\/image\\\/\"},\"sameAs\":[\"https:\\\/\\\/www.facebook.com\\\/ElTossalCartografies\\\/\",\"https:\\\/\\\/instagram.com\\\/eltossalcartografies\\\/\"]}]}<\/script>\n<!-- \/ Yoast SEO Premium plugin. -->","yoast_head_json":{"title":"Mapa del t\u00e9rmino municipal de La Serratella - El Tossal Cartografies","description":"Mapa del t\u00e9rmino municipal realizado para el Ayuntamiento de La Serratella. Fecha de Publicaci\u00f3n: 2011-04-01. Escala: 1:15000","robots":{"index":"index","follow":"follow","max-snippet":"max-snippet:-1","max-image-preview":"max-image-preview:large","max-video-preview":"max-video-preview:-1"},"canonical":"https:\/\/eltossalcartografies.com\/es\/producto\/mapa-de-termino-municipal-de-la-serratella\/","og_locale":"es_ES","og_type":"article","og_title":"Mapa del t\u00e9rmino municipal de La Serratella","og_description":"Mapa del t\u00e9rmino municipal realizado para el Ayuntamiento de La Serratella. Fecha de Publicaci\u00f3n: 2011-04-01. Escala: 1:15000","og_url":"https:\/\/eltossalcartografies.com\/es\/producto\/mapa-de-termino-municipal-de-la-serratella\/","og_site_name":"El Tossal Cartografies","article_publisher":"https:\/\/www.facebook.com\/ElTossalCartografies\/","article_modified_time":"2026-01-14T14:28:10+00:00","og_image":[{"width":190,"height":60,"url":"https:\/\/eltossalcartografies.com\/wp-content\/uploads\/2020\/06\/logo-tossal-paypal.png","type":"image\/png"}],"twitter_card":"summary_large_image","twitter_misc":{"Tiempo de lectura":"1 minuto"},"schema":{"@context":"https:\/\/schema.org","@graph":[{"@type":"WebPage","@id":"https:\/\/eltossalcartografies.com\/es\/producto\/mapa-de-termino-municipal-de-la-serratella\/","url":"https:\/\/eltossalcartografies.com\/es\/producto\/mapa-de-termino-municipal-de-la-serratella\/","name":"Mapa del t\u00e9rmino municipal de La Serratella - El Tossal Cartografies","isPartOf":{"@id":"https:\/\/eltossalcartografies.com\/es\/#website"},"primaryImageOfPage":{"@id":"https:\/\/eltossalcartografies.com\/es\/producto\/mapa-de-termino-municipal-de-la-serratella\/#primaryimage"},"image":{"@id":"https:\/\/eltossalcartografies.com\/es\/producto\/mapa-de-termino-municipal-de-la-serratella\/#primaryimage"},"thumbnailUrl":"https:\/\/eltossalcartografies.com\/wp-content\/uploads\/2020\/04\/M22-01-mapa-terme-municipal-la-serratella.jpg","datePublished":"2020-04-02T14:10:21+00:00","dateModified":"2026-01-14T14:28:10+00:00","description":"Mapa del t\u00e9rmino municipal realizado para el Ayuntamiento de La Serratella. Fecha de Publicaci\u00f3n: 2011-04-01. Escala: 1:15000","breadcrumb":{"@id":"https:\/\/eltossalcartografies.com\/es\/producto\/mapa-de-termino-municipal-de-la-serratella\/#breadcrumb"},"inLanguage":"es","potentialAction":[{"@type":"ReadAction","target":["https:\/\/eltossalcartografies.com\/es\/producto\/mapa-de-termino-municipal-de-la-serratella\/"]}]},{"@type":"ImageObject","inLanguage":"es","@id":"https:\/\/eltossalcartografies.com\/es\/producto\/mapa-de-termino-municipal-de-la-serratella\/#primaryimage","url":"https:\/\/eltossalcartografies.com\/wp-content\/uploads\/2020\/04\/M22-01-mapa-terme-municipal-la-serratella.jpg","contentUrl":"https:\/\/eltossalcartografies.com\/wp-content\/uploads\/2020\/04\/M22-01-mapa-terme-municipal-la-serratella.jpg","width":833,"height":1200},{"@type":"BreadcrumbList","@id":"https:\/\/eltossalcartografies.com\/es\/producto\/mapa-de-termino-municipal-de-la-serratella\/#breadcrumb","itemListElement":[{"@type":"ListItem","position":1,"name":"Portada","item":"https:\/\/eltossalcartografies.com\/es\/"},{"@type":"ListItem","position":2,"name":"Productos","item":"https:\/\/eltossalcartografies.com\/es\/shop\/"},{"@type":"ListItem","position":3,"name":"Mapa del t\u00e9rmino municipal de La Serratella"}]},{"@type":"WebSite","@id":"https:\/\/eltossalcartografies.com\/es\/#website","url":"https:\/\/eltossalcartografies.com\/es\/","name":"El Tossal Cartografies","description":"cartografia, venda de mapes","publisher":{"@id":"https:\/\/eltossalcartografies.com\/es\/#organization"},"potentialAction":[{"@type":"SearchAction","target":{"@type":"EntryPoint","urlTemplate":"https:\/\/eltossalcartografies.com\/es\/?s={search_term_string}"},"query-input":{"@type":"PropertyValueSpecification","valueRequired":true,"valueName":"search_term_string"}}],"inLanguage":"es"},{"@type":"Organization","@id":"https:\/\/eltossalcartografies.com\/es\/#organization","name":"El Tossal Cartografies","url":"https:\/\/eltossalcartografies.com\/es\/","logo":{"@type":"ImageObject","inLanguage":"es","@id":"https:\/\/eltossalcartografies.com\/es\/#\/schema\/logo\/image\/","url":"https:\/\/eltossalcartografies.com\/wp-content\/uploads\/2020\/05\/logo-tossal-sitcky-verdet.png","contentUrl":"https:\/\/eltossalcartografies.com\/wp-content\/uploads\/2020\/05\/logo-tossal-sitcky-verdet.png","width":155,"height":120,"caption":"El Tossal Cartografies"},"image":{"@id":"https:\/\/eltossalcartografies.com\/es\/#\/schema\/logo\/image\/"},"sameAs":["https:\/\/www.facebook.com\/ElTossalCartografies\/","https:\/\/instagram.com\/eltossalcartografies\/"]}]}},"_links":{"self":[{"href":"https:\/\/eltossalcartografies.com\/es\/wp-json\/wp\/v2\/product\/22877","targetHints":{"allow":["GET"]}}],"collection":[{"href":"https:\/\/eltossalcartografies.com\/es\/wp-json\/wp\/v2\/product"}],"about":[{"href":"https:\/\/eltossalcartografies.com\/es\/wp-json\/wp\/v2\/types\/product"}],"wp:featuredmedia":[{"embeddable":true,"href":"https:\/\/eltossalcartografies.com\/es\/wp-json\/wp\/v2\/media\/22153"}],"wp:attachment":[{"href":"https:\/\/eltossalcartografies.com\/es\/wp-json\/wp\/v2\/media?parent=22877"}],"wp:term":[{"taxonomy":"product_brand","embeddable":true,"href":"https:\/\/eltossalcartografies.com\/es\/wp-json\/wp\/v2\/product_brand?post=22877"},{"taxonomy":"product_cat","embeddable":true,"href":"https:\/\/eltossalcartografies.com\/es\/wp-json\/wp\/v2\/product_cat?post=22877"},{"taxonomy":"product_tag","embeddable":true,"href":"https:\/\/eltossalcartografies.com\/es\/wp-json\/wp\/v2\/product_tag?post=22877"}],"curies":[{"name":"wp","href":"https:\/\/api.w.org\/{rel}","templated":true}]}}