{"id":22886,"date":"2020-04-02T14:10:17","date_gmt":"2020-04-02T14:10:17","guid":{"rendered":"https:\/\/eltossalcartografies.com\/producte\/mapa-i-guia-excursionista-silla-porta-de-l-albufera\/"},"modified":"2026-01-14T15:37:54","modified_gmt":"2026-01-14T14:37:54","slug":"mapa-i-guia-excursionista-silla-porta-de-l-albufera","status":"publish","type":"product","link":"https:\/\/eltossalcartografies.com\/es\/producto\/mapa-i-guia-excursionista-silla-porta-de-l-albufera\/","title":{"rendered":"Mapa y gu\u00eda excursionista Silla, porta de l&#8217; Albufera"},"content":{"rendered":"<p class=\"p2\"><span class=\"s1\">Mapa y gu\u00eda excursionista a escala 1\/15.000 del T\u00e9rmino Municipal de Silla (Val\u00e8ncia). La cartograf\u00eda cubre, adem\u00e1s del t\u00e9rmino municipal, todo el lago de la Albufera y la restinga que la separa del mar, conocida como la Devesa del Saler. Todo y la proximidad de la ciudad de Val\u00e8ncia y la presi\u00f3n de las infraestructuras al poniente del t\u00e9rmino (la Autov\u00eda, el Vipass y ahora el<span class=\"Apple-converted-space\">\u00a0 <\/span>Ave), al entrar en el pueblo ya se siente que todo ese trasiego no afecta en la vida cotidiana de Silla. Pero al salir del casco urbano, la sensaci\u00f3n es de penetrar en un mundo rural, o agr\u00edcola, de gente vinculada a la tierra, al territorio y al paisaje, sobre todo ese paisaje de marjal y de albufera que todo lo llena. El silencio y un ancho horizonte plano que fusiona la crom\u00e1tica cambiante con el cielo, y que solo se rompe por la aparici\u00f3n espont\u00e1nea de las aves, por el sonido de alg\u00fan tractor y por las siluetas de los motores aislados y los perfiles de los bovedars, senillars y mansegars. En definitiva un paisaje \u00fanico que te rodea y te atrapa. La gu\u00eda es un peque\u00f1o extracto de fotos y textos del libro \u201cSilla, entre huertas, marjal y la Albufera\u201d, un libro-gu\u00eda exhaustivo y profundo del t\u00e9rmino de Silla, con textos exquisitos y una fotograf\u00eda maravillosa con la mirada personal de Paco Tortosa, elaborado por Paleta de Ocres y editado por Edicions 96 y el ayuntamiento de Silla. El mapa tambi\u00e9n acompa\u00f1a al libro.<\/span><\/p>\n<p><a href=\"http:\/\/www.edicions96.com\" target=\"_blank\" rel=\"noopener noreferrer\">www.edicions96.com<\/a><\/p>\n<p>Agradecimiento especial a Paco Tortosa <a href=\"http:\/\/www.pacotortosa.com\" target=\"_blank\" rel=\"noopener noreferrer\">www.pacotortosa.com<\/a><\/p>\n","protected":false},"excerpt":{"rendered":"<p>Silla. Porta de l&#8217;Albufera.[br]<br \/>\nMapa y gu\u00eda excursionista[br]<br \/>\nFecha de Publicaci\u00f3n: 2011-01-01[br]<br \/>\nEscala: 1:15.000[br]<br \/>\nISBN: 9788461467143[br]<br \/>\nDISPONIBLE<\/p>\n","protected":false},"featured_media":22004,"template":"","meta":{"_acf_changed":false},"product_brand":[],"product_cat":[57,59],"product_tag":[],"class_list":{"0":"post-22886","1":"product","2":"type-product","3":"status-publish","4":"has-post-thumbnail","6":"product_cat-mapa-y-guia-excursionista","7":"product_cat-todas-las-categorias","9":"first","10":"instock","11":"taxable","12":"shipping-taxable","13":"purchasable","14":"product-type-simple"},"acf":[],"yoast_head":"<!-- This site is optimized with the Yoast SEO Premium plugin v27.4 (Yoast SEO v27.4) - https:\/\/yoast.com\/product\/yoast-seo-premium-wordpress\/ -->\n<title>Mapa y gu\u00eda excursionista Silla, porta de l&#039; Albufera - El Tossal Cartografies<\/title>\n<meta name=\"description\" content=\"Mapa y gu\u00eda excursionista a escala 1\/15.000 del T\u00e9rmino Municipal de Silla (Val\u00e8ncia). Fecha de Publicaci\u00f3n: 2011-01-01. Escala: 1:15.000\" \/>\n<meta name=\"robots\" content=\"index, follow, max-snippet:-1, max-image-preview:large, max-video-preview:-1\" \/>\n<link rel=\"canonical\" href=\"https:\/\/eltossalcartografies.com\/es\/producto\/mapa-i-guia-excursionista-silla-porta-de-l-albufera\/\" \/>\n<meta property=\"og:locale\" content=\"es_ES\" \/>\n<meta property=\"og:type\" content=\"article\" \/>\n<meta property=\"og:title\" content=\"Mapa y gu\u00eda excursionista Silla, porta de l&#039; Albufera\" \/>\n<meta property=\"og:description\" content=\"Mapa y gu\u00eda excursionista a escala 1\/15.000 del T\u00e9rmino Municipal de Silla (Val\u00e8ncia). Fecha de Publicaci\u00f3n: 2011-01-01. Escala: 1:15.000\" \/>\n<meta property=\"og:url\" content=\"https:\/\/eltossalcartografies.com\/es\/producto\/mapa-i-guia-excursionista-silla-porta-de-l-albufera\/\" \/>\n<meta property=\"og:site_name\" content=\"El Tossal Cartografies\" \/>\n<meta property=\"article:publisher\" content=\"https:\/\/www.facebook.com\/ElTossalCartografies\/\" \/>\n<meta property=\"article:modified_time\" content=\"2026-01-14T14:37:54+00:00\" \/>\n<meta property=\"og:image\" content=\"https:\/\/eltossalcartografies.com\/wp-content\/uploads\/2020\/06\/logo-tossal-paypal.png\" \/>\n\t<meta property=\"og:image:width\" content=\"190\" \/>\n\t<meta property=\"og:image:height\" content=\"60\" \/>\n\t<meta property=\"og:image:type\" content=\"image\/png\" \/>\n<meta name=\"twitter:card\" content=\"summary_large_image\" \/>\n<meta name=\"twitter:label1\" content=\"Tiempo de lectura\" \/>\n\t<meta name=\"twitter:data1\" content=\"2 minutos\" \/>\n<script type=\"application\/ld+json\" class=\"yoast-schema-graph\">{\"@context\":\"https:\\\/\\\/schema.org\",\"@graph\":[{\"@type\":\"WebPage\",\"@id\":\"https:\\\/\\\/eltossalcartografies.com\\\/es\\\/producto\\\/mapa-i-guia-excursionista-silla-porta-de-l-albufera\\\/\",\"url\":\"https:\\\/\\\/eltossalcartografies.com\\\/es\\\/producto\\\/mapa-i-guia-excursionista-silla-porta-de-l-albufera\\\/\",\"name\":\"Mapa y gu\u00eda excursionista Silla, porta de l' Albufera - El Tossal Cartografies\",\"isPartOf\":{\"@id\":\"https:\\\/\\\/eltossalcartografies.com\\\/es\\\/#website\"},\"primaryImageOfPage\":{\"@id\":\"https:\\\/\\\/eltossalcartografies.com\\\/es\\\/producto\\\/mapa-i-guia-excursionista-silla-porta-de-l-albufera\\\/#primaryimage\"},\"image\":{\"@id\":\"https:\\\/\\\/eltossalcartografies.com\\\/es\\\/producto\\\/mapa-i-guia-excursionista-silla-porta-de-l-albufera\\\/#primaryimage\"},\"thumbnailUrl\":\"https:\\\/\\\/eltossalcartografies.com\\\/wp-content\\\/uploads\\\/2020\\\/04\\\/M12-01-mapa-i-guia-excursionista-silla-porta-de-l-albufera.jpg\",\"datePublished\":\"2020-04-02T14:10:17+00:00\",\"dateModified\":\"2026-01-14T14:37:54+00:00\",\"description\":\"Mapa y gu\u00eda excursionista a escala 1\\\/15.000 del T\u00e9rmino Municipal de Silla (Val\u00e8ncia). Fecha de Publicaci\u00f3n: 2011-01-01. Escala: 1:15.000\",\"breadcrumb\":{\"@id\":\"https:\\\/\\\/eltossalcartografies.com\\\/es\\\/producto\\\/mapa-i-guia-excursionista-silla-porta-de-l-albufera\\\/#breadcrumb\"},\"inLanguage\":\"es\",\"potentialAction\":[{\"@type\":\"ReadAction\",\"target\":[\"https:\\\/\\\/eltossalcartografies.com\\\/es\\\/producto\\\/mapa-i-guia-excursionista-silla-porta-de-l-albufera\\\/\"]}]},{\"@type\":\"ImageObject\",\"inLanguage\":\"es\",\"@id\":\"https:\\\/\\\/eltossalcartografies.com\\\/es\\\/producto\\\/mapa-i-guia-excursionista-silla-porta-de-l-albufera\\\/#primaryimage\",\"url\":\"https:\\\/\\\/eltossalcartografies.com\\\/wp-content\\\/uploads\\\/2020\\\/04\\\/M12-01-mapa-i-guia-excursionista-silla-porta-de-l-albufera.jpg\",\"contentUrl\":\"https:\\\/\\\/eltossalcartografies.com\\\/wp-content\\\/uploads\\\/2020\\\/04\\\/M12-01-mapa-i-guia-excursionista-silla-porta-de-l-albufera.jpg\",\"width\":821,\"height\":1200},{\"@type\":\"BreadcrumbList\",\"@id\":\"https:\\\/\\\/eltossalcartografies.com\\\/es\\\/producto\\\/mapa-i-guia-excursionista-silla-porta-de-l-albufera\\\/#breadcrumb\",\"itemListElement\":[{\"@type\":\"ListItem\",\"position\":1,\"name\":\"Portada\",\"item\":\"https:\\\/\\\/eltossalcartografies.com\\\/es\\\/\"},{\"@type\":\"ListItem\",\"position\":2,\"name\":\"Productos\",\"item\":\"https:\\\/\\\/eltossalcartografies.com\\\/es\\\/shop\\\/\"},{\"@type\":\"ListItem\",\"position\":3,\"name\":\"Mapa y gu\u00eda excursionista Silla, porta de l&#8217; Albufera\"}]},{\"@type\":\"WebSite\",\"@id\":\"https:\\\/\\\/eltossalcartografies.com\\\/es\\\/#website\",\"url\":\"https:\\\/\\\/eltossalcartografies.com\\\/es\\\/\",\"name\":\"El Tossal Cartografies\",\"description\":\"cartografia, venda de mapes\",\"publisher\":{\"@id\":\"https:\\\/\\\/eltossalcartografies.com\\\/es\\\/#organization\"},\"potentialAction\":[{\"@type\":\"SearchAction\",\"target\":{\"@type\":\"EntryPoint\",\"urlTemplate\":\"https:\\\/\\\/eltossalcartografies.com\\\/es\\\/?s={search_term_string}\"},\"query-input\":{\"@type\":\"PropertyValueSpecification\",\"valueRequired\":true,\"valueName\":\"search_term_string\"}}],\"inLanguage\":\"es\"},{\"@type\":\"Organization\",\"@id\":\"https:\\\/\\\/eltossalcartografies.com\\\/es\\\/#organization\",\"name\":\"El Tossal Cartografies\",\"url\":\"https:\\\/\\\/eltossalcartografies.com\\\/es\\\/\",\"logo\":{\"@type\":\"ImageObject\",\"inLanguage\":\"es\",\"@id\":\"https:\\\/\\\/eltossalcartografies.com\\\/es\\\/#\\\/schema\\\/logo\\\/image\\\/\",\"url\":\"https:\\\/\\\/eltossalcartografies.com\\\/wp-content\\\/uploads\\\/2020\\\/05\\\/logo-tossal-sitcky-verdet.png\",\"contentUrl\":\"https:\\\/\\\/eltossalcartografies.com\\\/wp-content\\\/uploads\\\/2020\\\/05\\\/logo-tossal-sitcky-verdet.png\",\"width\":155,\"height\":120,\"caption\":\"El Tossal Cartografies\"},\"image\":{\"@id\":\"https:\\\/\\\/eltossalcartografies.com\\\/es\\\/#\\\/schema\\\/logo\\\/image\\\/\"},\"sameAs\":[\"https:\\\/\\\/www.facebook.com\\\/ElTossalCartografies\\\/\",\"https:\\\/\\\/instagram.com\\\/eltossalcartografies\\\/\"]}]}<\/script>\n<!-- \/ Yoast SEO Premium plugin. -->","yoast_head_json":{"title":"Mapa y gu\u00eda excursionista Silla, porta de l' Albufera - El Tossal Cartografies","description":"Mapa y gu\u00eda excursionista a escala 1\/15.000 del T\u00e9rmino Municipal de Silla (Val\u00e8ncia). Fecha de Publicaci\u00f3n: 2011-01-01. Escala: 1:15.000","robots":{"index":"index","follow":"follow","max-snippet":"max-snippet:-1","max-image-preview":"max-image-preview:large","max-video-preview":"max-video-preview:-1"},"canonical":"https:\/\/eltossalcartografies.com\/es\/producto\/mapa-i-guia-excursionista-silla-porta-de-l-albufera\/","og_locale":"es_ES","og_type":"article","og_title":"Mapa y gu\u00eda excursionista Silla, porta de l' Albufera","og_description":"Mapa y gu\u00eda excursionista a escala 1\/15.000 del T\u00e9rmino Municipal de Silla (Val\u00e8ncia). Fecha de Publicaci\u00f3n: 2011-01-01. Escala: 1:15.000","og_url":"https:\/\/eltossalcartografies.com\/es\/producto\/mapa-i-guia-excursionista-silla-porta-de-l-albufera\/","og_site_name":"El Tossal Cartografies","article_publisher":"https:\/\/www.facebook.com\/ElTossalCartografies\/","article_modified_time":"2026-01-14T14:37:54+00:00","og_image":[{"width":190,"height":60,"url":"https:\/\/eltossalcartografies.com\/wp-content\/uploads\/2020\/06\/logo-tossal-paypal.png","type":"image\/png"}],"twitter_card":"summary_large_image","twitter_misc":{"Tiempo de lectura":"2 minutos"},"schema":{"@context":"https:\/\/schema.org","@graph":[{"@type":"WebPage","@id":"https:\/\/eltossalcartografies.com\/es\/producto\/mapa-i-guia-excursionista-silla-porta-de-l-albufera\/","url":"https:\/\/eltossalcartografies.com\/es\/producto\/mapa-i-guia-excursionista-silla-porta-de-l-albufera\/","name":"Mapa y gu\u00eda excursionista Silla, porta de l' Albufera - El Tossal Cartografies","isPartOf":{"@id":"https:\/\/eltossalcartografies.com\/es\/#website"},"primaryImageOfPage":{"@id":"https:\/\/eltossalcartografies.com\/es\/producto\/mapa-i-guia-excursionista-silla-porta-de-l-albufera\/#primaryimage"},"image":{"@id":"https:\/\/eltossalcartografies.com\/es\/producto\/mapa-i-guia-excursionista-silla-porta-de-l-albufera\/#primaryimage"},"thumbnailUrl":"https:\/\/eltossalcartografies.com\/wp-content\/uploads\/2020\/04\/M12-01-mapa-i-guia-excursionista-silla-porta-de-l-albufera.jpg","datePublished":"2020-04-02T14:10:17+00:00","dateModified":"2026-01-14T14:37:54+00:00","description":"Mapa y gu\u00eda excursionista a escala 1\/15.000 del T\u00e9rmino Municipal de Silla (Val\u00e8ncia). Fecha de Publicaci\u00f3n: 2011-01-01. Escala: 1:15.000","breadcrumb":{"@id":"https:\/\/eltossalcartografies.com\/es\/producto\/mapa-i-guia-excursionista-silla-porta-de-l-albufera\/#breadcrumb"},"inLanguage":"es","potentialAction":[{"@type":"ReadAction","target":["https:\/\/eltossalcartografies.com\/es\/producto\/mapa-i-guia-excursionista-silla-porta-de-l-albufera\/"]}]},{"@type":"ImageObject","inLanguage":"es","@id":"https:\/\/eltossalcartografies.com\/es\/producto\/mapa-i-guia-excursionista-silla-porta-de-l-albufera\/#primaryimage","url":"https:\/\/eltossalcartografies.com\/wp-content\/uploads\/2020\/04\/M12-01-mapa-i-guia-excursionista-silla-porta-de-l-albufera.jpg","contentUrl":"https:\/\/eltossalcartografies.com\/wp-content\/uploads\/2020\/04\/M12-01-mapa-i-guia-excursionista-silla-porta-de-l-albufera.jpg","width":821,"height":1200},{"@type":"BreadcrumbList","@id":"https:\/\/eltossalcartografies.com\/es\/producto\/mapa-i-guia-excursionista-silla-porta-de-l-albufera\/#breadcrumb","itemListElement":[{"@type":"ListItem","position":1,"name":"Portada","item":"https:\/\/eltossalcartografies.com\/es\/"},{"@type":"ListItem","position":2,"name":"Productos","item":"https:\/\/eltossalcartografies.com\/es\/shop\/"},{"@type":"ListItem","position":3,"name":"Mapa y gu\u00eda excursionista Silla, porta de l&#8217; Albufera"}]},{"@type":"WebSite","@id":"https:\/\/eltossalcartografies.com\/es\/#website","url":"https:\/\/eltossalcartografies.com\/es\/","name":"El Tossal Cartografies","description":"cartografia, venda de mapes","publisher":{"@id":"https:\/\/eltossalcartografies.com\/es\/#organization"},"potentialAction":[{"@type":"SearchAction","target":{"@type":"EntryPoint","urlTemplate":"https:\/\/eltossalcartografies.com\/es\/?s={search_term_string}"},"query-input":{"@type":"PropertyValueSpecification","valueRequired":true,"valueName":"search_term_string"}}],"inLanguage":"es"},{"@type":"Organization","@id":"https:\/\/eltossalcartografies.com\/es\/#organization","name":"El Tossal Cartografies","url":"https:\/\/eltossalcartografies.com\/es\/","logo":{"@type":"ImageObject","inLanguage":"es","@id":"https:\/\/eltossalcartografies.com\/es\/#\/schema\/logo\/image\/","url":"https:\/\/eltossalcartografies.com\/wp-content\/uploads\/2020\/05\/logo-tossal-sitcky-verdet.png","contentUrl":"https:\/\/eltossalcartografies.com\/wp-content\/uploads\/2020\/05\/logo-tossal-sitcky-verdet.png","width":155,"height":120,"caption":"El Tossal Cartografies"},"image":{"@id":"https:\/\/eltossalcartografies.com\/es\/#\/schema\/logo\/image\/"},"sameAs":["https:\/\/www.facebook.com\/ElTossalCartografies\/","https:\/\/instagram.com\/eltossalcartografies\/"]}]}},"_links":{"self":[{"href":"https:\/\/eltossalcartografies.com\/es\/wp-json\/wp\/v2\/product\/22886","targetHints":{"allow":["GET"]}}],"collection":[{"href":"https:\/\/eltossalcartografies.com\/es\/wp-json\/wp\/v2\/product"}],"about":[{"href":"https:\/\/eltossalcartografies.com\/es\/wp-json\/wp\/v2\/types\/product"}],"wp:featuredmedia":[{"embeddable":true,"href":"https:\/\/eltossalcartografies.com\/es\/wp-json\/wp\/v2\/media\/22004"}],"wp:attachment":[{"href":"https:\/\/eltossalcartografies.com\/es\/wp-json\/wp\/v2\/media?parent=22886"}],"wp:term":[{"taxonomy":"product_brand","embeddable":true,"href":"https:\/\/eltossalcartografies.com\/es\/wp-json\/wp\/v2\/product_brand?post=22886"},{"taxonomy":"product_cat","embeddable":true,"href":"https:\/\/eltossalcartografies.com\/es\/wp-json\/wp\/v2\/product_cat?post=22886"},{"taxonomy":"product_tag","embeddable":true,"href":"https:\/\/eltossalcartografies.com\/es\/wp-json\/wp\/v2\/product_tag?post=22886"}],"curies":[{"name":"wp","href":"https:\/\/api.w.org\/{rel}","templated":true}]}}