{"id":22887,"date":"2020-04-02T14:10:17","date_gmt":"2020-04-02T14:10:17","guid":{"rendered":"https:\/\/eltossalcartografies.com\/producte\/mapa-i-guia-excursionista-la-serrella\/"},"modified":"2026-01-14T15:36:38","modified_gmt":"2026-01-14T14:36:38","slug":"mapa-y-guia-excursionista-la-serrella","status":"publish","type":"product","link":"https:\/\/eltossalcartografies.com\/es\/producto\/mapa-y-guia-excursionista-la-serrella\/","title":{"rendered":"Mapa y gu\u00eda excursionista La Serrella"},"content":{"rendered":"<p>Mapa y gu\u00eda excursionista a escala 1:20.000 de la Serrella, uno de los sistemas orogr\u00e1ficos m\u00e1s sugerentes y espectaculares del \u00e1rea septentrional de las comarcas de Alicante. Su relieve establece la divisoria entre el Valle de Seta en el norte y el Valle de Guadalest en el sur y sus crestas y barrancos son los hitos de los t\u00e9rminos municipales de Benasau y la aldea d&#8217;Ares, Quatretondeta, Fageca y Famorca (El Comtat); Castell de Castells (La Marina Alta), Beniard\u00e1 y Confrides y su aldea de L&#8217;Abdet (La Marina Baixa). La gu\u00eda que acompa\u00f1a el mapa, nos proporciona informaci\u00f3n adicional sobre aspectos como el marco geogr\u00e1fico, el marco f\u00edsico, la vegetaci\u00f3n y la fauna, sus valores hist\u00f3ricos y patrimoniales. Adem\u00e1s, encontraremos informaci\u00f3n detallada de senderos homologados y otros propuestos, un total de 17 rutas excursionistas que no agotan las posibilidades excursionistas que nos brinda la Serrella.<\/p>\n","protected":false},"excerpt":{"rendered":"<p>La Serrella[br]<br \/>\nMapa i gu\u00eda excursionista[br]<br \/>\nFecha de Publicaci\u00f3n: 2009-04-01[br]<br \/>\nEscala: 1:20.000[br]<br \/>\nISBN: 9788461299485[br]<br \/>\nDISPONIBLE<\/p>\n","protected":false},"featured_media":21985,"template":"","meta":{"_acf_changed":false},"product_brand":[],"product_cat":[57,59],"product_tag":[],"class_list":{"0":"post-22887","1":"product","2":"type-product","3":"status-publish","4":"has-post-thumbnail","6":"product_cat-mapa-y-guia-excursionista","7":"product_cat-todas-las-categorias","9":"first","10":"instock","11":"taxable","12":"shipping-taxable","13":"purchasable","14":"product-type-simple"},"acf":[],"yoast_head":"<!-- This site is optimized with the Yoast SEO Premium plugin v27.4 (Yoast SEO v27.4) - https:\/\/yoast.com\/product\/yoast-seo-premium-wordpress\/ -->\n<title>Mapa y gu\u00eda excursionista La Serrella - El Tossal Cartografies<\/title>\n<meta name=\"description\" content=\"Mapa y gu\u00eda excursionista a escala 1:20.000 de la Serrella. Fecha de Publicaci\u00f3n: 2009-04-01. Escala: 1:20.000\" \/>\n<meta name=\"robots\" content=\"index, follow, max-snippet:-1, max-image-preview:large, max-video-preview:-1\" \/>\n<link rel=\"canonical\" href=\"https:\/\/eltossalcartografies.com\/es\/producto\/mapa-y-guia-excursionista-la-serrella\/\" \/>\n<meta property=\"og:locale\" content=\"es_ES\" \/>\n<meta property=\"og:type\" content=\"article\" \/>\n<meta property=\"og:title\" content=\"Mapa y gu\u00eda excursionista La Serrella\" \/>\n<meta property=\"og:description\" content=\"Mapa y gu\u00eda excursionista a escala 1:20.000 de la Serrella. Fecha de Publicaci\u00f3n: 2009-04-01. Escala: 1:20.000\" \/>\n<meta property=\"og:url\" content=\"https:\/\/eltossalcartografies.com\/es\/producto\/mapa-y-guia-excursionista-la-serrella\/\" \/>\n<meta property=\"og:site_name\" content=\"El Tossal Cartografies\" \/>\n<meta property=\"article:publisher\" content=\"https:\/\/www.facebook.com\/ElTossalCartografies\/\" \/>\n<meta property=\"article:modified_time\" content=\"2026-01-14T14:36:38+00:00\" \/>\n<meta property=\"og:image\" content=\"https:\/\/eltossalcartografies.com\/wp-content\/uploads\/2020\/06\/logo-tossal-paypal.png\" \/>\n\t<meta property=\"og:image:width\" content=\"190\" \/>\n\t<meta property=\"og:image:height\" content=\"60\" \/>\n\t<meta property=\"og:image:type\" content=\"image\/png\" \/>\n<meta name=\"twitter:card\" content=\"summary_large_image\" \/>\n<meta name=\"twitter:label1\" content=\"Tiempo de lectura\" \/>\n\t<meta name=\"twitter:data1\" content=\"1 minuto\" \/>\n<script type=\"application\/ld+json\" class=\"yoast-schema-graph\">{\"@context\":\"https:\\\/\\\/schema.org\",\"@graph\":[{\"@type\":\"WebPage\",\"@id\":\"https:\\\/\\\/eltossalcartografies.com\\\/es\\\/producto\\\/mapa-y-guia-excursionista-la-serrella\\\/\",\"url\":\"https:\\\/\\\/eltossalcartografies.com\\\/es\\\/producto\\\/mapa-y-guia-excursionista-la-serrella\\\/\",\"name\":\"Mapa y gu\u00eda excursionista La Serrella - El Tossal Cartografies\",\"isPartOf\":{\"@id\":\"https:\\\/\\\/eltossalcartografies.com\\\/es\\\/#website\"},\"primaryImageOfPage\":{\"@id\":\"https:\\\/\\\/eltossalcartografies.com\\\/es\\\/producto\\\/mapa-y-guia-excursionista-la-serrella\\\/#primaryimage\"},\"image\":{\"@id\":\"https:\\\/\\\/eltossalcartografies.com\\\/es\\\/producto\\\/mapa-y-guia-excursionista-la-serrella\\\/#primaryimage\"},\"thumbnailUrl\":\"https:\\\/\\\/eltossalcartografies.com\\\/wp-content\\\/uploads\\\/2020\\\/04\\\/M11-01-Mapa-i-guia-excursionista-La-Serrella.jpg\",\"datePublished\":\"2020-04-02T14:10:17+00:00\",\"dateModified\":\"2026-01-14T14:36:38+00:00\",\"description\":\"Mapa y gu\u00eda excursionista a escala 1:20.000 de la Serrella. Fecha de Publicaci\u00f3n: 2009-04-01. Escala: 1:20.000\",\"breadcrumb\":{\"@id\":\"https:\\\/\\\/eltossalcartografies.com\\\/es\\\/producto\\\/mapa-y-guia-excursionista-la-serrella\\\/#breadcrumb\"},\"inLanguage\":\"es\",\"potentialAction\":[{\"@type\":\"ReadAction\",\"target\":[\"https:\\\/\\\/eltossalcartografies.com\\\/es\\\/producto\\\/mapa-y-guia-excursionista-la-serrella\\\/\"]}]},{\"@type\":\"ImageObject\",\"inLanguage\":\"es\",\"@id\":\"https:\\\/\\\/eltossalcartografies.com\\\/es\\\/producto\\\/mapa-y-guia-excursionista-la-serrella\\\/#primaryimage\",\"url\":\"https:\\\/\\\/eltossalcartografies.com\\\/wp-content\\\/uploads\\\/2020\\\/04\\\/M11-01-Mapa-i-guia-excursionista-La-Serrella.jpg\",\"contentUrl\":\"https:\\\/\\\/eltossalcartografies.com\\\/wp-content\\\/uploads\\\/2020\\\/04\\\/M11-01-Mapa-i-guia-excursionista-La-Serrella.jpg\",\"width\":818,\"height\":1200},{\"@type\":\"BreadcrumbList\",\"@id\":\"https:\\\/\\\/eltossalcartografies.com\\\/es\\\/producto\\\/mapa-y-guia-excursionista-la-serrella\\\/#breadcrumb\",\"itemListElement\":[{\"@type\":\"ListItem\",\"position\":1,\"name\":\"Portada\",\"item\":\"https:\\\/\\\/eltossalcartografies.com\\\/es\\\/\"},{\"@type\":\"ListItem\",\"position\":2,\"name\":\"Productos\",\"item\":\"https:\\\/\\\/eltossalcartografies.com\\\/es\\\/shop\\\/\"},{\"@type\":\"ListItem\",\"position\":3,\"name\":\"Mapa y gu\u00eda excursionista La Serrella\"}]},{\"@type\":\"WebSite\",\"@id\":\"https:\\\/\\\/eltossalcartografies.com\\\/es\\\/#website\",\"url\":\"https:\\\/\\\/eltossalcartografies.com\\\/es\\\/\",\"name\":\"El Tossal Cartografies\",\"description\":\"cartografia, venda de mapes\",\"publisher\":{\"@id\":\"https:\\\/\\\/eltossalcartografies.com\\\/es\\\/#organization\"},\"potentialAction\":[{\"@type\":\"SearchAction\",\"target\":{\"@type\":\"EntryPoint\",\"urlTemplate\":\"https:\\\/\\\/eltossalcartografies.com\\\/es\\\/?s={search_term_string}\"},\"query-input\":{\"@type\":\"PropertyValueSpecification\",\"valueRequired\":true,\"valueName\":\"search_term_string\"}}],\"inLanguage\":\"es\"},{\"@type\":\"Organization\",\"@id\":\"https:\\\/\\\/eltossalcartografies.com\\\/es\\\/#organization\",\"name\":\"El Tossal Cartografies\",\"url\":\"https:\\\/\\\/eltossalcartografies.com\\\/es\\\/\",\"logo\":{\"@type\":\"ImageObject\",\"inLanguage\":\"es\",\"@id\":\"https:\\\/\\\/eltossalcartografies.com\\\/es\\\/#\\\/schema\\\/logo\\\/image\\\/\",\"url\":\"https:\\\/\\\/eltossalcartografies.com\\\/wp-content\\\/uploads\\\/2020\\\/05\\\/logo-tossal-sitcky-verdet.png\",\"contentUrl\":\"https:\\\/\\\/eltossalcartografies.com\\\/wp-content\\\/uploads\\\/2020\\\/05\\\/logo-tossal-sitcky-verdet.png\",\"width\":155,\"height\":120,\"caption\":\"El Tossal Cartografies\"},\"image\":{\"@id\":\"https:\\\/\\\/eltossalcartografies.com\\\/es\\\/#\\\/schema\\\/logo\\\/image\\\/\"},\"sameAs\":[\"https:\\\/\\\/www.facebook.com\\\/ElTossalCartografies\\\/\",\"https:\\\/\\\/instagram.com\\\/eltossalcartografies\\\/\"]}]}<\/script>\n<!-- \/ Yoast SEO Premium plugin. -->","yoast_head_json":{"title":"Mapa y gu\u00eda excursionista La Serrella - El Tossal Cartografies","description":"Mapa y gu\u00eda excursionista a escala 1:20.000 de la Serrella. Fecha de Publicaci\u00f3n: 2009-04-01. Escala: 1:20.000","robots":{"index":"index","follow":"follow","max-snippet":"max-snippet:-1","max-image-preview":"max-image-preview:large","max-video-preview":"max-video-preview:-1"},"canonical":"https:\/\/eltossalcartografies.com\/es\/producto\/mapa-y-guia-excursionista-la-serrella\/","og_locale":"es_ES","og_type":"article","og_title":"Mapa y gu\u00eda excursionista La Serrella","og_description":"Mapa y gu\u00eda excursionista a escala 1:20.000 de la Serrella. Fecha de Publicaci\u00f3n: 2009-04-01. Escala: 1:20.000","og_url":"https:\/\/eltossalcartografies.com\/es\/producto\/mapa-y-guia-excursionista-la-serrella\/","og_site_name":"El Tossal Cartografies","article_publisher":"https:\/\/www.facebook.com\/ElTossalCartografies\/","article_modified_time":"2026-01-14T14:36:38+00:00","og_image":[{"width":190,"height":60,"url":"https:\/\/eltossalcartografies.com\/wp-content\/uploads\/2020\/06\/logo-tossal-paypal.png","type":"image\/png"}],"twitter_card":"summary_large_image","twitter_misc":{"Tiempo de lectura":"1 minuto"},"schema":{"@context":"https:\/\/schema.org","@graph":[{"@type":"WebPage","@id":"https:\/\/eltossalcartografies.com\/es\/producto\/mapa-y-guia-excursionista-la-serrella\/","url":"https:\/\/eltossalcartografies.com\/es\/producto\/mapa-y-guia-excursionista-la-serrella\/","name":"Mapa y gu\u00eda excursionista La Serrella - El Tossal Cartografies","isPartOf":{"@id":"https:\/\/eltossalcartografies.com\/es\/#website"},"primaryImageOfPage":{"@id":"https:\/\/eltossalcartografies.com\/es\/producto\/mapa-y-guia-excursionista-la-serrella\/#primaryimage"},"image":{"@id":"https:\/\/eltossalcartografies.com\/es\/producto\/mapa-y-guia-excursionista-la-serrella\/#primaryimage"},"thumbnailUrl":"https:\/\/eltossalcartografies.com\/wp-content\/uploads\/2020\/04\/M11-01-Mapa-i-guia-excursionista-La-Serrella.jpg","datePublished":"2020-04-02T14:10:17+00:00","dateModified":"2026-01-14T14:36:38+00:00","description":"Mapa y gu\u00eda excursionista a escala 1:20.000 de la Serrella. Fecha de Publicaci\u00f3n: 2009-04-01. Escala: 1:20.000","breadcrumb":{"@id":"https:\/\/eltossalcartografies.com\/es\/producto\/mapa-y-guia-excursionista-la-serrella\/#breadcrumb"},"inLanguage":"es","potentialAction":[{"@type":"ReadAction","target":["https:\/\/eltossalcartografies.com\/es\/producto\/mapa-y-guia-excursionista-la-serrella\/"]}]},{"@type":"ImageObject","inLanguage":"es","@id":"https:\/\/eltossalcartografies.com\/es\/producto\/mapa-y-guia-excursionista-la-serrella\/#primaryimage","url":"https:\/\/eltossalcartografies.com\/wp-content\/uploads\/2020\/04\/M11-01-Mapa-i-guia-excursionista-La-Serrella.jpg","contentUrl":"https:\/\/eltossalcartografies.com\/wp-content\/uploads\/2020\/04\/M11-01-Mapa-i-guia-excursionista-La-Serrella.jpg","width":818,"height":1200},{"@type":"BreadcrumbList","@id":"https:\/\/eltossalcartografies.com\/es\/producto\/mapa-y-guia-excursionista-la-serrella\/#breadcrumb","itemListElement":[{"@type":"ListItem","position":1,"name":"Portada","item":"https:\/\/eltossalcartografies.com\/es\/"},{"@type":"ListItem","position":2,"name":"Productos","item":"https:\/\/eltossalcartografies.com\/es\/shop\/"},{"@type":"ListItem","position":3,"name":"Mapa y gu\u00eda excursionista La Serrella"}]},{"@type":"WebSite","@id":"https:\/\/eltossalcartografies.com\/es\/#website","url":"https:\/\/eltossalcartografies.com\/es\/","name":"El Tossal Cartografies","description":"cartografia, venda de mapes","publisher":{"@id":"https:\/\/eltossalcartografies.com\/es\/#organization"},"potentialAction":[{"@type":"SearchAction","target":{"@type":"EntryPoint","urlTemplate":"https:\/\/eltossalcartografies.com\/es\/?s={search_term_string}"},"query-input":{"@type":"PropertyValueSpecification","valueRequired":true,"valueName":"search_term_string"}}],"inLanguage":"es"},{"@type":"Organization","@id":"https:\/\/eltossalcartografies.com\/es\/#organization","name":"El Tossal Cartografies","url":"https:\/\/eltossalcartografies.com\/es\/","logo":{"@type":"ImageObject","inLanguage":"es","@id":"https:\/\/eltossalcartografies.com\/es\/#\/schema\/logo\/image\/","url":"https:\/\/eltossalcartografies.com\/wp-content\/uploads\/2020\/05\/logo-tossal-sitcky-verdet.png","contentUrl":"https:\/\/eltossalcartografies.com\/wp-content\/uploads\/2020\/05\/logo-tossal-sitcky-verdet.png","width":155,"height":120,"caption":"El Tossal Cartografies"},"image":{"@id":"https:\/\/eltossalcartografies.com\/es\/#\/schema\/logo\/image\/"},"sameAs":["https:\/\/www.facebook.com\/ElTossalCartografies\/","https:\/\/instagram.com\/eltossalcartografies\/"]}]}},"_links":{"self":[{"href":"https:\/\/eltossalcartografies.com\/es\/wp-json\/wp\/v2\/product\/22887","targetHints":{"allow":["GET"]}}],"collection":[{"href":"https:\/\/eltossalcartografies.com\/es\/wp-json\/wp\/v2\/product"}],"about":[{"href":"https:\/\/eltossalcartografies.com\/es\/wp-json\/wp\/v2\/types\/product"}],"wp:featuredmedia":[{"embeddable":true,"href":"https:\/\/eltossalcartografies.com\/es\/wp-json\/wp\/v2\/media\/21985"}],"wp:attachment":[{"href":"https:\/\/eltossalcartografies.com\/es\/wp-json\/wp\/v2\/media?parent=22887"}],"wp:term":[{"taxonomy":"product_brand","embeddable":true,"href":"https:\/\/eltossalcartografies.com\/es\/wp-json\/wp\/v2\/product_brand?post=22887"},{"taxonomy":"product_cat","embeddable":true,"href":"https:\/\/eltossalcartografies.com\/es\/wp-json\/wp\/v2\/product_cat?post=22887"},{"taxonomy":"product_tag","embeddable":true,"href":"https:\/\/eltossalcartografies.com\/es\/wp-json\/wp\/v2\/product_tag?post=22887"}],"curies":[{"name":"wp","href":"https:\/\/api.w.org\/{rel}","templated":true}]}}