{"id":22888,"date":"2020-04-02T14:10:16","date_gmt":"2020-04-02T14:10:16","guid":{"rendered":"https:\/\/eltossalcartografies.com\/producte\/%e2%80%a8mapa-i-guia-excursionista-els-ports-i\/"},"modified":"2026-01-14T15:40:26","modified_gmt":"2026-01-14T14:40:26","slug":"%e2%80%a8mapa-i-guia-excursionista-els-ports-i","status":"publish","type":"product","link":"https:\/\/eltossalcartografies.com\/es\/producto\/%e2%80%a8mapa-i-guia-excursionista-els-ports-i\/","title":{"rendered":"\u2028Mapa y gu\u00eda excursionista Els Ports I"},"content":{"rendered":"<p>Mapa y gu\u00eda excursionista a escala 1:25.000 de la zona norte de la comarca de els Ports. La representaci\u00f3n cartogr\u00e1fica se centra en la capital de la comarca, Morella, y se extiende hasta pueblos como Forcall, Cinctorres, Villores, Todolella, Hortells, Chiva o Herbeset. La gu\u00eda que acompa\u00f1a el mapa, nos proporciona una informaci\u00f3n adicional sobre aspectos como el paisaje, la orograf\u00eda, el clima, la vegetaci\u00f3n, la fauna y la etnograf\u00eda de la comarca. Adem\u00e1s, encontraremos la informaci\u00f3n detallada de los senderos homologados, actividades como la escalada o el barranquismo y de los alojamientos y servicios existentes. Si ten\u00e9is pensado visitar Morella, Forcall o Cinctorres atra\u00eddos por su car\u00e1cter monumental, os abrimos las puertas de estas tierras con este mapa. Una excursi\u00f3n de Forcall a Morella por la Mola Garumba o una visita al nacimiento del r\u00edo Cervol, puede ser un a\u00f1adido muy enriquecedor a vuestra visita a els Ports. Para excursionistas m\u00e1s especializados, puede ser interesando que intent\u00e9is seguir los antiguos caminos se\u00f1alizados en el mapa, poco definidos, pero que os transportar\u00e1n a un pasado no muy lejano, cuando estos caminos todav\u00eda eran transitados para ir de un pueblo a otro.<\/p>\n","protected":false},"excerpt":{"rendered":"<p>Mapa y gu\u00eda excursionista[br]<br \/>\nFecha de Publicaci\u00f3n: 2009-04-01[br]<br \/>\nEscala: 1:25.000[br]<br \/>\nISBN: 9788461299461[br\/]<br \/>\nDISPONIBLE<\/p>\n","protected":false},"featured_media":21058,"template":"","meta":{"_acf_changed":false},"product_brand":[],"product_cat":[57,59],"product_tag":[],"class_list":{"0":"post-22888","1":"product","2":"type-product","3":"status-publish","4":"has-post-thumbnail","6":"product_cat-mapa-y-guia-excursionista","7":"product_cat-todas-las-categorias","9":"first","10":"instock","11":"taxable","12":"shipping-taxable","13":"purchasable","14":"product-type-simple"},"acf":[],"yoast_head":"<!-- This site is optimized with the Yoast SEO Premium plugin v27.4 (Yoast SEO v27.4) - https:\/\/yoast.com\/product\/yoast-seo-premium-wordpress\/ -->\n<title>\u2028Mapa y gu\u00eda excursionista Els Ports I - El Tossal Cartografies<\/title>\n<meta name=\"description\" content=\"Mapa y gu\u00eda excursionista Els Ports I. El Tossal cartografies. Escala.1:25.000. Fecha de Publicaci\u00f3n: 01\/04\/2009.\" \/>\n<meta name=\"robots\" content=\"index, follow, max-snippet:-1, max-image-preview:large, max-video-preview:-1\" \/>\n<link rel=\"canonical\" href=\"https:\/\/eltossalcartografies.com\/es\/producto\/%e2%80%a8mapa-i-guia-excursionista-els-ports-i\/\" \/>\n<meta property=\"og:locale\" content=\"es_ES\" \/>\n<meta property=\"og:type\" content=\"article\" \/>\n<meta property=\"og:title\" content=\"\u2028Mapa y gu\u00eda excursionista Els Ports I\" \/>\n<meta property=\"og:description\" content=\"Mapa y gu\u00eda excursionista Els Ports I. El Tossal cartografies. Escala.1:25.000. Fecha de Publicaci\u00f3n: 01\/04\/2009.\" \/>\n<meta property=\"og:url\" content=\"https:\/\/eltossalcartografies.com\/es\/producto\/%e2%80%a8mapa-i-guia-excursionista-els-ports-i\/\" \/>\n<meta property=\"og:site_name\" content=\"El Tossal Cartografies\" \/>\n<meta property=\"article:publisher\" content=\"https:\/\/www.facebook.com\/ElTossalCartografies\/\" \/>\n<meta property=\"article:modified_time\" content=\"2026-01-14T14:40:26+00:00\" \/>\n<meta property=\"og:image\" content=\"https:\/\/eltossalcartografies.com\/wp-content\/uploads\/2020\/06\/logo-tossal-paypal.png\" \/>\n\t<meta property=\"og:image:width\" content=\"190\" \/>\n\t<meta property=\"og:image:height\" content=\"60\" \/>\n\t<meta property=\"og:image:type\" content=\"image\/png\" \/>\n<meta name=\"twitter:card\" content=\"summary_large_image\" \/>\n<meta name=\"twitter:label1\" content=\"Tiempo de lectura\" \/>\n\t<meta name=\"twitter:data1\" content=\"1 minuto\" \/>\n<script type=\"application\/ld+json\" class=\"yoast-schema-graph\">{\"@context\":\"https:\\\/\\\/schema.org\",\"@graph\":[{\"@type\":\"WebPage\",\"@id\":\"https:\\\/\\\/eltossalcartografies.com\\\/es\\\/producto\\\/%e2%80%a8mapa-i-guia-excursionista-els-ports-i\\\/\",\"url\":\"https:\\\/\\\/eltossalcartografies.com\\\/es\\\/producto\\\/%e2%80%a8mapa-i-guia-excursionista-els-ports-i\\\/\",\"name\":\"\\u2028Mapa y gu\u00eda excursionista Els Ports I - El Tossal Cartografies\",\"isPartOf\":{\"@id\":\"https:\\\/\\\/eltossalcartografies.com\\\/es\\\/#website\"},\"primaryImageOfPage\":{\"@id\":\"https:\\\/\\\/eltossalcartografies.com\\\/es\\\/producto\\\/%e2%80%a8mapa-i-guia-excursionista-els-ports-i\\\/#primaryimage\"},\"image\":{\"@id\":\"https:\\\/\\\/eltossalcartografies.com\\\/es\\\/producto\\\/%e2%80%a8mapa-i-guia-excursionista-els-ports-i\\\/#primaryimage\"},\"thumbnailUrl\":\"https:\\\/\\\/eltossalcartografies.com\\\/wp-content\\\/uploads\\\/2020\\\/04\\\/mapa-i-guia-excursionista-els-ports-i-04-1.jpg\",\"datePublished\":\"2020-04-02T14:10:16+00:00\",\"dateModified\":\"2026-01-14T14:40:26+00:00\",\"description\":\"Mapa y gu\u00eda excursionista Els Ports I. El Tossal cartografies. Escala.1:25.000. Fecha de Publicaci\u00f3n: 01\\\/04\\\/2009.\",\"breadcrumb\":{\"@id\":\"https:\\\/\\\/eltossalcartografies.com\\\/es\\\/producto\\\/%e2%80%a8mapa-i-guia-excursionista-els-ports-i\\\/#breadcrumb\"},\"inLanguage\":\"es\",\"potentialAction\":[{\"@type\":\"ReadAction\",\"target\":[\"https:\\\/\\\/eltossalcartografies.com\\\/es\\\/producto\\\/%e2%80%a8mapa-i-guia-excursionista-els-ports-i\\\/\"]}]},{\"@type\":\"ImageObject\",\"inLanguage\":\"es\",\"@id\":\"https:\\\/\\\/eltossalcartografies.com\\\/es\\\/producto\\\/%e2%80%a8mapa-i-guia-excursionista-els-ports-i\\\/#primaryimage\",\"url\":\"https:\\\/\\\/eltossalcartografies.com\\\/wp-content\\\/uploads\\\/2020\\\/04\\\/mapa-i-guia-excursionista-els-ports-i-04-1.jpg\",\"contentUrl\":\"https:\\\/\\\/eltossalcartografies.com\\\/wp-content\\\/uploads\\\/2020\\\/04\\\/mapa-i-guia-excursionista-els-ports-i-04-1.jpg\",\"width\":696,\"height\":1357},{\"@type\":\"BreadcrumbList\",\"@id\":\"https:\\\/\\\/eltossalcartografies.com\\\/es\\\/producto\\\/%e2%80%a8mapa-i-guia-excursionista-els-ports-i\\\/#breadcrumb\",\"itemListElement\":[{\"@type\":\"ListItem\",\"position\":1,\"name\":\"Portada\",\"item\":\"https:\\\/\\\/eltossalcartografies.com\\\/es\\\/\"},{\"@type\":\"ListItem\",\"position\":2,\"name\":\"Productos\",\"item\":\"https:\\\/\\\/eltossalcartografies.com\\\/es\\\/shop\\\/\"},{\"@type\":\"ListItem\",\"position\":3,\"name\":\"\\u2028Mapa y gu\u00eda excursionista Els Ports I\"}]},{\"@type\":\"WebSite\",\"@id\":\"https:\\\/\\\/eltossalcartografies.com\\\/es\\\/#website\",\"url\":\"https:\\\/\\\/eltossalcartografies.com\\\/es\\\/\",\"name\":\"El Tossal Cartografies\",\"description\":\"cartografia, venda de mapes\",\"publisher\":{\"@id\":\"https:\\\/\\\/eltossalcartografies.com\\\/es\\\/#organization\"},\"potentialAction\":[{\"@type\":\"SearchAction\",\"target\":{\"@type\":\"EntryPoint\",\"urlTemplate\":\"https:\\\/\\\/eltossalcartografies.com\\\/es\\\/?s={search_term_string}\"},\"query-input\":{\"@type\":\"PropertyValueSpecification\",\"valueRequired\":true,\"valueName\":\"search_term_string\"}}],\"inLanguage\":\"es\"},{\"@type\":\"Organization\",\"@id\":\"https:\\\/\\\/eltossalcartografies.com\\\/es\\\/#organization\",\"name\":\"El Tossal Cartografies\",\"url\":\"https:\\\/\\\/eltossalcartografies.com\\\/es\\\/\",\"logo\":{\"@type\":\"ImageObject\",\"inLanguage\":\"es\",\"@id\":\"https:\\\/\\\/eltossalcartografies.com\\\/es\\\/#\\\/schema\\\/logo\\\/image\\\/\",\"url\":\"https:\\\/\\\/eltossalcartografies.com\\\/wp-content\\\/uploads\\\/2020\\\/05\\\/logo-tossal-sitcky-verdet.png\",\"contentUrl\":\"https:\\\/\\\/eltossalcartografies.com\\\/wp-content\\\/uploads\\\/2020\\\/05\\\/logo-tossal-sitcky-verdet.png\",\"width\":155,\"height\":120,\"caption\":\"El Tossal Cartografies\"},\"image\":{\"@id\":\"https:\\\/\\\/eltossalcartografies.com\\\/es\\\/#\\\/schema\\\/logo\\\/image\\\/\"},\"sameAs\":[\"https:\\\/\\\/www.facebook.com\\\/ElTossalCartografies\\\/\",\"https:\\\/\\\/instagram.com\\\/eltossalcartografies\\\/\"]}]}<\/script>\n<!-- \/ Yoast SEO Premium plugin. -->","yoast_head_json":{"title":"\u2028Mapa y gu\u00eda excursionista Els Ports I - El Tossal Cartografies","description":"Mapa y gu\u00eda excursionista Els Ports I. El Tossal cartografies. Escala.1:25.000. Fecha de Publicaci\u00f3n: 01\/04\/2009.","robots":{"index":"index","follow":"follow","max-snippet":"max-snippet:-1","max-image-preview":"max-image-preview:large","max-video-preview":"max-video-preview:-1"},"canonical":"https:\/\/eltossalcartografies.com\/es\/producto\/%e2%80%a8mapa-i-guia-excursionista-els-ports-i\/","og_locale":"es_ES","og_type":"article","og_title":"\u2028Mapa y gu\u00eda excursionista Els Ports I","og_description":"Mapa y gu\u00eda excursionista Els Ports I. El Tossal cartografies. Escala.1:25.000. Fecha de Publicaci\u00f3n: 01\/04\/2009.","og_url":"https:\/\/eltossalcartografies.com\/es\/producto\/%e2%80%a8mapa-i-guia-excursionista-els-ports-i\/","og_site_name":"El Tossal Cartografies","article_publisher":"https:\/\/www.facebook.com\/ElTossalCartografies\/","article_modified_time":"2026-01-14T14:40:26+00:00","og_image":[{"width":190,"height":60,"url":"https:\/\/eltossalcartografies.com\/wp-content\/uploads\/2020\/06\/logo-tossal-paypal.png","type":"image\/png"}],"twitter_card":"summary_large_image","twitter_misc":{"Tiempo de lectura":"1 minuto"},"schema":{"@context":"https:\/\/schema.org","@graph":[{"@type":"WebPage","@id":"https:\/\/eltossalcartografies.com\/es\/producto\/%e2%80%a8mapa-i-guia-excursionista-els-ports-i\/","url":"https:\/\/eltossalcartografies.com\/es\/producto\/%e2%80%a8mapa-i-guia-excursionista-els-ports-i\/","name":"\u2028Mapa y gu\u00eda excursionista Els Ports I - El Tossal Cartografies","isPartOf":{"@id":"https:\/\/eltossalcartografies.com\/es\/#website"},"primaryImageOfPage":{"@id":"https:\/\/eltossalcartografies.com\/es\/producto\/%e2%80%a8mapa-i-guia-excursionista-els-ports-i\/#primaryimage"},"image":{"@id":"https:\/\/eltossalcartografies.com\/es\/producto\/%e2%80%a8mapa-i-guia-excursionista-els-ports-i\/#primaryimage"},"thumbnailUrl":"https:\/\/eltossalcartografies.com\/wp-content\/uploads\/2020\/04\/mapa-i-guia-excursionista-els-ports-i-04-1.jpg","datePublished":"2020-04-02T14:10:16+00:00","dateModified":"2026-01-14T14:40:26+00:00","description":"Mapa y gu\u00eda excursionista Els Ports I. El Tossal cartografies. Escala.1:25.000. Fecha de Publicaci\u00f3n: 01\/04\/2009.","breadcrumb":{"@id":"https:\/\/eltossalcartografies.com\/es\/producto\/%e2%80%a8mapa-i-guia-excursionista-els-ports-i\/#breadcrumb"},"inLanguage":"es","potentialAction":[{"@type":"ReadAction","target":["https:\/\/eltossalcartografies.com\/es\/producto\/%e2%80%a8mapa-i-guia-excursionista-els-ports-i\/"]}]},{"@type":"ImageObject","inLanguage":"es","@id":"https:\/\/eltossalcartografies.com\/es\/producto\/%e2%80%a8mapa-i-guia-excursionista-els-ports-i\/#primaryimage","url":"https:\/\/eltossalcartografies.com\/wp-content\/uploads\/2020\/04\/mapa-i-guia-excursionista-els-ports-i-04-1.jpg","contentUrl":"https:\/\/eltossalcartografies.com\/wp-content\/uploads\/2020\/04\/mapa-i-guia-excursionista-els-ports-i-04-1.jpg","width":696,"height":1357},{"@type":"BreadcrumbList","@id":"https:\/\/eltossalcartografies.com\/es\/producto\/%e2%80%a8mapa-i-guia-excursionista-els-ports-i\/#breadcrumb","itemListElement":[{"@type":"ListItem","position":1,"name":"Portada","item":"https:\/\/eltossalcartografies.com\/es\/"},{"@type":"ListItem","position":2,"name":"Productos","item":"https:\/\/eltossalcartografies.com\/es\/shop\/"},{"@type":"ListItem","position":3,"name":"\u2028Mapa y gu\u00eda excursionista Els Ports I"}]},{"@type":"WebSite","@id":"https:\/\/eltossalcartografies.com\/es\/#website","url":"https:\/\/eltossalcartografies.com\/es\/","name":"El Tossal Cartografies","description":"cartografia, venda de mapes","publisher":{"@id":"https:\/\/eltossalcartografies.com\/es\/#organization"},"potentialAction":[{"@type":"SearchAction","target":{"@type":"EntryPoint","urlTemplate":"https:\/\/eltossalcartografies.com\/es\/?s={search_term_string}"},"query-input":{"@type":"PropertyValueSpecification","valueRequired":true,"valueName":"search_term_string"}}],"inLanguage":"es"},{"@type":"Organization","@id":"https:\/\/eltossalcartografies.com\/es\/#organization","name":"El Tossal Cartografies","url":"https:\/\/eltossalcartografies.com\/es\/","logo":{"@type":"ImageObject","inLanguage":"es","@id":"https:\/\/eltossalcartografies.com\/es\/#\/schema\/logo\/image\/","url":"https:\/\/eltossalcartografies.com\/wp-content\/uploads\/2020\/05\/logo-tossal-sitcky-verdet.png","contentUrl":"https:\/\/eltossalcartografies.com\/wp-content\/uploads\/2020\/05\/logo-tossal-sitcky-verdet.png","width":155,"height":120,"caption":"El Tossal Cartografies"},"image":{"@id":"https:\/\/eltossalcartografies.com\/es\/#\/schema\/logo\/image\/"},"sameAs":["https:\/\/www.facebook.com\/ElTossalCartografies\/","https:\/\/instagram.com\/eltossalcartografies\/"]}]}},"_links":{"self":[{"href":"https:\/\/eltossalcartografies.com\/es\/wp-json\/wp\/v2\/product\/22888","targetHints":{"allow":["GET"]}}],"collection":[{"href":"https:\/\/eltossalcartografies.com\/es\/wp-json\/wp\/v2\/product"}],"about":[{"href":"https:\/\/eltossalcartografies.com\/es\/wp-json\/wp\/v2\/types\/product"}],"wp:featuredmedia":[{"embeddable":true,"href":"https:\/\/eltossalcartografies.com\/es\/wp-json\/wp\/v2\/media\/21058"}],"wp:attachment":[{"href":"https:\/\/eltossalcartografies.com\/es\/wp-json\/wp\/v2\/media?parent=22888"}],"wp:term":[{"taxonomy":"product_brand","embeddable":true,"href":"https:\/\/eltossalcartografies.com\/es\/wp-json\/wp\/v2\/product_brand?post=22888"},{"taxonomy":"product_cat","embeddable":true,"href":"https:\/\/eltossalcartografies.com\/es\/wp-json\/wp\/v2\/product_cat?post=22888"},{"taxonomy":"product_tag","embeddable":true,"href":"https:\/\/eltossalcartografies.com\/es\/wp-json\/wp\/v2\/product_tag?post=22888"}],"curies":[{"name":"wp","href":"https:\/\/api.w.org\/{rel}","templated":true}]}}