{"id":22889,"date":"2020-04-02T14:10:16","date_gmt":"2020-04-02T14:10:16","guid":{"rendered":"https:\/\/eltossalcartografies.com\/producte\/mapa-i-guia-excursionista-serra-de-mariola\/"},"modified":"2026-01-14T15:40:51","modified_gmt":"2026-01-14T14:40:51","slug":"mapa-y-guia-excursionista-serra-de-mariola","status":"publish","type":"product","link":"https:\/\/eltossalcartografies.com\/es\/producto\/mapa-y-guia-excursionista-serra-de-mariola\/","title":{"rendered":"Mapa y gu\u00eda excursionista Serra de Mariola"},"content":{"rendered":"<p>Mapa y gu\u00eda excursionista a escala 1:25.000 de la Sierra de Mariola, declarada Parque Natural el 2002, se localiza en la parte interior, o tambi\u00e9n occidental, del n\u00facleo monta\u00f1oso de las comarcas centrales valencianas. La Sierra de Mariola se encuentra rodeada por las poblaciones de Alcoy, Cocentaina, Muro, Agres, Alfafara, Bocairent y Banyeres de Mariola. Tanto el patrimonio natural como el patrimonio cultural de esta sierra son de extraordinario valor. En Mariola ambos conceptos van estrechamente ligados. Por lo tanto los valores naturales y los valores culturales se combinan en un paisaje agroforestal en mosaico t\u00edpico y a la vez exclusivo. En la gu\u00eda os mostramos toda esta informaci\u00f3n, adem\u00e1s de contar con la descripci\u00f3n detallada de 28 rutas excursionistas tanto de senderos homologados como otros itinerarios propuestos. La esencia de Mariola no es solo las plantas arom\u00e1ticas, las fuentes, las mas\u00edas, el Montcabrer o las cavas, sino que todo aquello es el jugo del fruto trabajado por generaciones y generaciones de gente que ha vivido durante siglos. Mariola es una sierra que enamora y esta publicaci\u00f3n nos har\u00e1 estimarla.<\/p>\n","protected":false},"excerpt":{"rendered":"<p>Serra de Mariola[br]<br \/>\nMapa y gu\u00eda excursionista[br]<br \/>\nFecha de Publicaci\u00f3: 2009-04-01[br]<br \/>\nEscala: 1:25.000[br]<br \/>\nISBN: 9788461299492[br\/]<br \/>\nNO DISPONIBLE (en proceso de reedici\u00f3n)<\/p>\n","protected":false},"featured_media":21843,"template":"","meta":{"_acf_changed":false},"product_brand":[],"product_cat":[57,59],"product_tag":[61],"class_list":{"0":"post-22889","1":"product","2":"type-product","3":"status-publish","4":"has-post-thumbnail","6":"product_cat-mapa-y-guia-excursionista","7":"product_cat-todas-las-categorias","8":"product_tag-mapa-i-guia-excursionista-es","10":"first","11":"outofstock","12":"taxable","13":"shipping-taxable","14":"purchasable","15":"product-type-simple"},"acf":[],"yoast_head":"<!-- This site is optimized with the Yoast SEO Premium plugin v27.4 (Yoast SEO v27.4) - https:\/\/yoast.com\/product\/yoast-seo-premium-wordpress\/ -->\n<title>Mapa y gu\u00eda excursionista Serra de Mariola - El Tossal Cartografies<\/title>\n<meta name=\"description\" content=\"Mapa y gu\u00eda excursionista Serra de Mariola. El Tossal cartografies. Escala: 1\/25.000. Publicaci\u00f3n: 2009\/04\/01\" \/>\n<meta name=\"robots\" content=\"index, follow, max-snippet:-1, max-image-preview:large, max-video-preview:-1\" \/>\n<link rel=\"canonical\" href=\"https:\/\/eltossalcartografies.com\/es\/producto\/mapa-y-guia-excursionista-serra-de-mariola\/\" \/>\n<meta property=\"og:locale\" content=\"es_ES\" \/>\n<meta property=\"og:type\" content=\"article\" \/>\n<meta property=\"og:title\" content=\"Mapa y gu\u00eda excursionista Serra de Mariola\" \/>\n<meta property=\"og:description\" content=\"Mapa y gu\u00eda excursionista Serra de Mariola. El Tossal cartografies. Escala: 1\/25.000. Publicaci\u00f3n: 2009\/04\/01\" \/>\n<meta property=\"og:url\" content=\"https:\/\/eltossalcartografies.com\/es\/producto\/mapa-y-guia-excursionista-serra-de-mariola\/\" \/>\n<meta property=\"og:site_name\" content=\"El Tossal Cartografies\" \/>\n<meta property=\"article:publisher\" content=\"https:\/\/www.facebook.com\/ElTossalCartografies\/\" \/>\n<meta property=\"article:modified_time\" content=\"2026-01-14T14:40:51+00:00\" \/>\n<meta property=\"og:image\" content=\"https:\/\/eltossalcartografies.com\/wp-content\/uploads\/2020\/06\/logo-tossal-paypal.png\" \/>\n\t<meta property=\"og:image:width\" content=\"190\" \/>\n\t<meta property=\"og:image:height\" content=\"60\" \/>\n\t<meta property=\"og:image:type\" content=\"image\/png\" \/>\n<meta name=\"twitter:card\" content=\"summary_large_image\" \/>\n<meta name=\"twitter:label1\" content=\"Tiempo de lectura\" \/>\n\t<meta name=\"twitter:data1\" content=\"1 minuto\" \/>\n<script type=\"application\/ld+json\" class=\"yoast-schema-graph\">{\"@context\":\"https:\\\/\\\/schema.org\",\"@graph\":[{\"@type\":\"WebPage\",\"@id\":\"https:\\\/\\\/eltossalcartografies.com\\\/es\\\/producto\\\/mapa-y-guia-excursionista-serra-de-mariola\\\/\",\"url\":\"https:\\\/\\\/eltossalcartografies.com\\\/es\\\/producto\\\/mapa-y-guia-excursionista-serra-de-mariola\\\/\",\"name\":\"Mapa y gu\u00eda excursionista Serra de Mariola - El Tossal Cartografies\",\"isPartOf\":{\"@id\":\"https:\\\/\\\/eltossalcartografies.com\\\/es\\\/#website\"},\"primaryImageOfPage\":{\"@id\":\"https:\\\/\\\/eltossalcartografies.com\\\/es\\\/producto\\\/mapa-y-guia-excursionista-serra-de-mariola\\\/#primaryimage\"},\"image\":{\"@id\":\"https:\\\/\\\/eltossalcartografies.com\\\/es\\\/producto\\\/mapa-y-guia-excursionista-serra-de-mariola\\\/#primaryimage\"},\"thumbnailUrl\":\"https:\\\/\\\/eltossalcartografies.com\\\/wp-content\\\/uploads\\\/2020\\\/04\\\/M9-01-Mapa-i-guia-excursionista-Serra-de-Mariola.jpg\",\"datePublished\":\"2020-04-02T14:10:16+00:00\",\"dateModified\":\"2026-01-14T14:40:51+00:00\",\"description\":\"Mapa y gu\u00eda excursionista Serra de Mariola. El Tossal cartografies. Escala: 1\\\/25.000. Publicaci\u00f3n: 2009\\\/04\\\/01\",\"breadcrumb\":{\"@id\":\"https:\\\/\\\/eltossalcartografies.com\\\/es\\\/producto\\\/mapa-y-guia-excursionista-serra-de-mariola\\\/#breadcrumb\"},\"inLanguage\":\"es\",\"potentialAction\":[{\"@type\":\"ReadAction\",\"target\":[\"https:\\\/\\\/eltossalcartografies.com\\\/es\\\/producto\\\/mapa-y-guia-excursionista-serra-de-mariola\\\/\"]}]},{\"@type\":\"ImageObject\",\"inLanguage\":\"es\",\"@id\":\"https:\\\/\\\/eltossalcartografies.com\\\/es\\\/producto\\\/mapa-y-guia-excursionista-serra-de-mariola\\\/#primaryimage\",\"url\":\"https:\\\/\\\/eltossalcartografies.com\\\/wp-content\\\/uploads\\\/2020\\\/04\\\/M9-01-Mapa-i-guia-excursionista-Serra-de-Mariola.jpg\",\"contentUrl\":\"https:\\\/\\\/eltossalcartografies.com\\\/wp-content\\\/uploads\\\/2020\\\/04\\\/M9-01-Mapa-i-guia-excursionista-Serra-de-Mariola.jpg\",\"width\":633,\"height\":1200},{\"@type\":\"BreadcrumbList\",\"@id\":\"https:\\\/\\\/eltossalcartografies.com\\\/es\\\/producto\\\/mapa-y-guia-excursionista-serra-de-mariola\\\/#breadcrumb\",\"itemListElement\":[{\"@type\":\"ListItem\",\"position\":1,\"name\":\"Portada\",\"item\":\"https:\\\/\\\/eltossalcartografies.com\\\/es\\\/\"},{\"@type\":\"ListItem\",\"position\":2,\"name\":\"Productos\",\"item\":\"https:\\\/\\\/eltossalcartografies.com\\\/es\\\/shop\\\/\"},{\"@type\":\"ListItem\",\"position\":3,\"name\":\"Mapa y gu\u00eda excursionista Serra de Mariola\"}]},{\"@type\":\"WebSite\",\"@id\":\"https:\\\/\\\/eltossalcartografies.com\\\/es\\\/#website\",\"url\":\"https:\\\/\\\/eltossalcartografies.com\\\/es\\\/\",\"name\":\"El Tossal Cartografies\",\"description\":\"cartografia, venda de mapes\",\"publisher\":{\"@id\":\"https:\\\/\\\/eltossalcartografies.com\\\/es\\\/#organization\"},\"potentialAction\":[{\"@type\":\"SearchAction\",\"target\":{\"@type\":\"EntryPoint\",\"urlTemplate\":\"https:\\\/\\\/eltossalcartografies.com\\\/es\\\/?s={search_term_string}\"},\"query-input\":{\"@type\":\"PropertyValueSpecification\",\"valueRequired\":true,\"valueName\":\"search_term_string\"}}],\"inLanguage\":\"es\"},{\"@type\":\"Organization\",\"@id\":\"https:\\\/\\\/eltossalcartografies.com\\\/es\\\/#organization\",\"name\":\"El Tossal Cartografies\",\"url\":\"https:\\\/\\\/eltossalcartografies.com\\\/es\\\/\",\"logo\":{\"@type\":\"ImageObject\",\"inLanguage\":\"es\",\"@id\":\"https:\\\/\\\/eltossalcartografies.com\\\/es\\\/#\\\/schema\\\/logo\\\/image\\\/\",\"url\":\"https:\\\/\\\/eltossalcartografies.com\\\/wp-content\\\/uploads\\\/2020\\\/05\\\/logo-tossal-sitcky-verdet.png\",\"contentUrl\":\"https:\\\/\\\/eltossalcartografies.com\\\/wp-content\\\/uploads\\\/2020\\\/05\\\/logo-tossal-sitcky-verdet.png\",\"width\":155,\"height\":120,\"caption\":\"El Tossal Cartografies\"},\"image\":{\"@id\":\"https:\\\/\\\/eltossalcartografies.com\\\/es\\\/#\\\/schema\\\/logo\\\/image\\\/\"},\"sameAs\":[\"https:\\\/\\\/www.facebook.com\\\/ElTossalCartografies\\\/\",\"https:\\\/\\\/instagram.com\\\/eltossalcartografies\\\/\"]}]}<\/script>\n<!-- \/ Yoast SEO Premium plugin. -->","yoast_head_json":{"title":"Mapa y gu\u00eda excursionista Serra de Mariola - El Tossal Cartografies","description":"Mapa y gu\u00eda excursionista Serra de Mariola. El Tossal cartografies. Escala: 1\/25.000. Publicaci\u00f3n: 2009\/04\/01","robots":{"index":"index","follow":"follow","max-snippet":"max-snippet:-1","max-image-preview":"max-image-preview:large","max-video-preview":"max-video-preview:-1"},"canonical":"https:\/\/eltossalcartografies.com\/es\/producto\/mapa-y-guia-excursionista-serra-de-mariola\/","og_locale":"es_ES","og_type":"article","og_title":"Mapa y gu\u00eda excursionista Serra de Mariola","og_description":"Mapa y gu\u00eda excursionista Serra de Mariola. El Tossal cartografies. Escala: 1\/25.000. Publicaci\u00f3n: 2009\/04\/01","og_url":"https:\/\/eltossalcartografies.com\/es\/producto\/mapa-y-guia-excursionista-serra-de-mariola\/","og_site_name":"El Tossal Cartografies","article_publisher":"https:\/\/www.facebook.com\/ElTossalCartografies\/","article_modified_time":"2026-01-14T14:40:51+00:00","og_image":[{"width":190,"height":60,"url":"https:\/\/eltossalcartografies.com\/wp-content\/uploads\/2020\/06\/logo-tossal-paypal.png","type":"image\/png"}],"twitter_card":"summary_large_image","twitter_misc":{"Tiempo de lectura":"1 minuto"},"schema":{"@context":"https:\/\/schema.org","@graph":[{"@type":"WebPage","@id":"https:\/\/eltossalcartografies.com\/es\/producto\/mapa-y-guia-excursionista-serra-de-mariola\/","url":"https:\/\/eltossalcartografies.com\/es\/producto\/mapa-y-guia-excursionista-serra-de-mariola\/","name":"Mapa y gu\u00eda excursionista Serra de Mariola - El Tossal Cartografies","isPartOf":{"@id":"https:\/\/eltossalcartografies.com\/es\/#website"},"primaryImageOfPage":{"@id":"https:\/\/eltossalcartografies.com\/es\/producto\/mapa-y-guia-excursionista-serra-de-mariola\/#primaryimage"},"image":{"@id":"https:\/\/eltossalcartografies.com\/es\/producto\/mapa-y-guia-excursionista-serra-de-mariola\/#primaryimage"},"thumbnailUrl":"https:\/\/eltossalcartografies.com\/wp-content\/uploads\/2020\/04\/M9-01-Mapa-i-guia-excursionista-Serra-de-Mariola.jpg","datePublished":"2020-04-02T14:10:16+00:00","dateModified":"2026-01-14T14:40:51+00:00","description":"Mapa y gu\u00eda excursionista Serra de Mariola. El Tossal cartografies. Escala: 1\/25.000. Publicaci\u00f3n: 2009\/04\/01","breadcrumb":{"@id":"https:\/\/eltossalcartografies.com\/es\/producto\/mapa-y-guia-excursionista-serra-de-mariola\/#breadcrumb"},"inLanguage":"es","potentialAction":[{"@type":"ReadAction","target":["https:\/\/eltossalcartografies.com\/es\/producto\/mapa-y-guia-excursionista-serra-de-mariola\/"]}]},{"@type":"ImageObject","inLanguage":"es","@id":"https:\/\/eltossalcartografies.com\/es\/producto\/mapa-y-guia-excursionista-serra-de-mariola\/#primaryimage","url":"https:\/\/eltossalcartografies.com\/wp-content\/uploads\/2020\/04\/M9-01-Mapa-i-guia-excursionista-Serra-de-Mariola.jpg","contentUrl":"https:\/\/eltossalcartografies.com\/wp-content\/uploads\/2020\/04\/M9-01-Mapa-i-guia-excursionista-Serra-de-Mariola.jpg","width":633,"height":1200},{"@type":"BreadcrumbList","@id":"https:\/\/eltossalcartografies.com\/es\/producto\/mapa-y-guia-excursionista-serra-de-mariola\/#breadcrumb","itemListElement":[{"@type":"ListItem","position":1,"name":"Portada","item":"https:\/\/eltossalcartografies.com\/es\/"},{"@type":"ListItem","position":2,"name":"Productos","item":"https:\/\/eltossalcartografies.com\/es\/shop\/"},{"@type":"ListItem","position":3,"name":"Mapa y gu\u00eda excursionista Serra de Mariola"}]},{"@type":"WebSite","@id":"https:\/\/eltossalcartografies.com\/es\/#website","url":"https:\/\/eltossalcartografies.com\/es\/","name":"El Tossal Cartografies","description":"cartografia, venda de mapes","publisher":{"@id":"https:\/\/eltossalcartografies.com\/es\/#organization"},"potentialAction":[{"@type":"SearchAction","target":{"@type":"EntryPoint","urlTemplate":"https:\/\/eltossalcartografies.com\/es\/?s={search_term_string}"},"query-input":{"@type":"PropertyValueSpecification","valueRequired":true,"valueName":"search_term_string"}}],"inLanguage":"es"},{"@type":"Organization","@id":"https:\/\/eltossalcartografies.com\/es\/#organization","name":"El Tossal Cartografies","url":"https:\/\/eltossalcartografies.com\/es\/","logo":{"@type":"ImageObject","inLanguage":"es","@id":"https:\/\/eltossalcartografies.com\/es\/#\/schema\/logo\/image\/","url":"https:\/\/eltossalcartografies.com\/wp-content\/uploads\/2020\/05\/logo-tossal-sitcky-verdet.png","contentUrl":"https:\/\/eltossalcartografies.com\/wp-content\/uploads\/2020\/05\/logo-tossal-sitcky-verdet.png","width":155,"height":120,"caption":"El Tossal Cartografies"},"image":{"@id":"https:\/\/eltossalcartografies.com\/es\/#\/schema\/logo\/image\/"},"sameAs":["https:\/\/www.facebook.com\/ElTossalCartografies\/","https:\/\/instagram.com\/eltossalcartografies\/"]}]}},"_links":{"self":[{"href":"https:\/\/eltossalcartografies.com\/es\/wp-json\/wp\/v2\/product\/22889","targetHints":{"allow":["GET"]}}],"collection":[{"href":"https:\/\/eltossalcartografies.com\/es\/wp-json\/wp\/v2\/product"}],"about":[{"href":"https:\/\/eltossalcartografies.com\/es\/wp-json\/wp\/v2\/types\/product"}],"wp:featuredmedia":[{"embeddable":true,"href":"https:\/\/eltossalcartografies.com\/es\/wp-json\/wp\/v2\/media\/21843"}],"wp:attachment":[{"href":"https:\/\/eltossalcartografies.com\/es\/wp-json\/wp\/v2\/media?parent=22889"}],"wp:term":[{"taxonomy":"product_brand","embeddable":true,"href":"https:\/\/eltossalcartografies.com\/es\/wp-json\/wp\/v2\/product_brand?post=22889"},{"taxonomy":"product_cat","embeddable":true,"href":"https:\/\/eltossalcartografies.com\/es\/wp-json\/wp\/v2\/product_cat?post=22889"},{"taxonomy":"product_tag","embeddable":true,"href":"https:\/\/eltossalcartografies.com\/es\/wp-json\/wp\/v2\/product_tag?post=22889"}],"curies":[{"name":"wp","href":"https:\/\/api.w.org\/{rel}","templated":true}]}}