{"id":22890,"date":"2020-04-02T14:10:15","date_gmt":"2020-04-02T14:10:15","guid":{"rendered":"https:\/\/eltossalcartografies.com\/producte\/mapa-i-guia-excursionista-vistabella-del-maestrat\/"},"modified":"2026-01-14T15:43:28","modified_gmt":"2026-01-14T14:43:28","slug":"mapa-i-guia-excursionista-vistabella-del-maestrat","status":"publish","type":"product","link":"https:\/\/eltossalcartografies.com\/es\/producto\/mapa-i-guia-excursionista-vistabella-del-maestrat\/","title":{"rendered":"Mapa y gu\u00eda excursionista Vistabella del Maestrat"},"content":{"rendered":"<p>Mapa y gu\u00eda excursionista a escala 1\/25.000 del T\u00e9rmino Municipal de Vistabella del Maestrat (Castell\u00f3). Este extenso t\u00e9rmino abraza al levante las tierras m\u00e1s bajas como la Hoya d&#8217;Ores cerrada por la Sierra de la Nevera, o la Vallussera, encajonada entre las lomas de Benafigos y de la Picossa. La sierra del Boi en el Noreste, y la de la Batalla al otro extremo del t\u00e9rmino, completan un relieve variad\u00edsimo, hecho de ricos contrastes que el caminante descubre paso a paso. Ind\u00f3mito dice la gente del relieve del la Vallussera, lleno de cuevas, de cuestas imposibles y arroyadores resbaladizos. Extenso, suave, humanizado por el dibujo de los ribazos, se nos muestra el Pla. Desconocido y colgado, encontramos el antiguo t\u00e9rmino del Boi. Sombr\u00edo el Atzevar y, tocando el cielo, el Penyagolosa. Esta publicaci\u00f3n endulzada con los textos de nuestro querido Jes\u00fas Bernat i Agut, nos permitir\u00e1 descubrir a buen paso, el techo de nuestro pa\u00eds.<\/p>\n<p><a href=\"http:\/\/imatgies.blogspot.com\/\">http:\/\/imatgies.blogspot.com\/<\/a><\/p>\n<p>&nbsp;<\/p>\n<p>&nbsp;<\/p>\n","protected":false},"excerpt":{"rendered":"<p>Vistabella del Maestrat[br]<br \/>\nMapa y gu\u00eda excursionista[br]<br \/>\nFecha de Publicaci\u00f3n: 2010-02-01[br]<br \/>\nEscala: 1:25.000[br]<br \/>\nISBN: 9788461380770[br]<br \/>\nDISPONIBLE<\/p>\n<p>&nbsp;<\/p>\n","protected":false},"featured_media":21086,"template":"","meta":{"_acf_changed":false},"product_brand":[],"product_cat":[57,59],"product_tag":[],"class_list":{"0":"post-22890","1":"product","2":"type-product","3":"status-publish","4":"has-post-thumbnail","6":"product_cat-mapa-y-guia-excursionista","7":"product_cat-todas-las-categorias","9":"first","10":"instock","11":"taxable","12":"shipping-taxable","13":"purchasable","14":"product-type-simple"},"acf":[],"yoast_head":"<!-- This site is optimized with the Yoast SEO Premium plugin v27.4 (Yoast SEO v27.4) - https:\/\/yoast.com\/product\/yoast-seo-premium-wordpress\/ -->\n<title>Mapa y gu\u00eda excursionista Vistabella del Maestrat - El Tossal Cartografies<\/title>\n<meta name=\"description\" content=\"Mapa y gu\u00eda excursionista a escala 1\/25.000 del T\u00e9rmino Municipal de Vistabella del Maestrat (Castell\u00f3). Fecha de Publicaci\u00f3n: 2010-02-01\" \/>\n<meta name=\"robots\" content=\"index, follow, max-snippet:-1, max-image-preview:large, max-video-preview:-1\" \/>\n<link rel=\"canonical\" href=\"https:\/\/eltossalcartografies.com\/es\/producto\/mapa-i-guia-excursionista-vistabella-del-maestrat\/\" \/>\n<meta property=\"og:locale\" content=\"es_ES\" \/>\n<meta property=\"og:type\" content=\"article\" \/>\n<meta property=\"og:title\" content=\"Mapa y gu\u00eda excursionista Vistabella del Maestrat\" \/>\n<meta property=\"og:description\" content=\"Mapa y gu\u00eda excursionista a escala 1\/25.000 del T\u00e9rmino Municipal de Vistabella del Maestrat (Castell\u00f3). Fecha de Publicaci\u00f3n: 2010-02-01\" \/>\n<meta property=\"og:url\" content=\"https:\/\/eltossalcartografies.com\/es\/producto\/mapa-i-guia-excursionista-vistabella-del-maestrat\/\" \/>\n<meta property=\"og:site_name\" content=\"El Tossal Cartografies\" \/>\n<meta property=\"article:publisher\" content=\"https:\/\/www.facebook.com\/ElTossalCartografies\/\" \/>\n<meta property=\"article:modified_time\" content=\"2026-01-14T14:43:28+00:00\" \/>\n<meta property=\"og:image\" content=\"https:\/\/eltossalcartografies.com\/wp-content\/uploads\/2020\/06\/logo-tossal-paypal.png\" \/>\n\t<meta property=\"og:image:width\" content=\"190\" \/>\n\t<meta property=\"og:image:height\" content=\"60\" \/>\n\t<meta property=\"og:image:type\" content=\"image\/png\" \/>\n<meta name=\"twitter:card\" content=\"summary_large_image\" \/>\n<meta name=\"twitter:label1\" content=\"Tiempo de lectura\" \/>\n\t<meta name=\"twitter:data1\" content=\"1 minuto\" \/>\n<script type=\"application\/ld+json\" class=\"yoast-schema-graph\">{\"@context\":\"https:\\\/\\\/schema.org\",\"@graph\":[{\"@type\":\"WebPage\",\"@id\":\"https:\\\/\\\/eltossalcartografies.com\\\/es\\\/producto\\\/mapa-i-guia-excursionista-vistabella-del-maestrat\\\/\",\"url\":\"https:\\\/\\\/eltossalcartografies.com\\\/es\\\/producto\\\/mapa-i-guia-excursionista-vistabella-del-maestrat\\\/\",\"name\":\"Mapa y gu\u00eda excursionista Vistabella del Maestrat - El Tossal Cartografies\",\"isPartOf\":{\"@id\":\"https:\\\/\\\/eltossalcartografies.com\\\/es\\\/#website\"},\"primaryImageOfPage\":{\"@id\":\"https:\\\/\\\/eltossalcartografies.com\\\/es\\\/producto\\\/mapa-i-guia-excursionista-vistabella-del-maestrat\\\/#primaryimage\"},\"image\":{\"@id\":\"https:\\\/\\\/eltossalcartografies.com\\\/es\\\/producto\\\/mapa-i-guia-excursionista-vistabella-del-maestrat\\\/#primaryimage\"},\"thumbnailUrl\":\"https:\\\/\\\/eltossalcartografies.com\\\/wp-content\\\/uploads\\\/2020\\\/04\\\/mapa-i-guia-excursionista-vistabella-del-maestrat-09-1.jpg\",\"datePublished\":\"2020-04-02T14:10:15+00:00\",\"dateModified\":\"2026-01-14T14:43:28+00:00\",\"description\":\"Mapa y gu\u00eda excursionista a escala 1\\\/25.000 del T\u00e9rmino Municipal de Vistabella del Maestrat (Castell\u00f3). Fecha de Publicaci\u00f3n: 2010-02-01\",\"breadcrumb\":{\"@id\":\"https:\\\/\\\/eltossalcartografies.com\\\/es\\\/producto\\\/mapa-i-guia-excursionista-vistabella-del-maestrat\\\/#breadcrumb\"},\"inLanguage\":\"es\",\"potentialAction\":[{\"@type\":\"ReadAction\",\"target\":[\"https:\\\/\\\/eltossalcartografies.com\\\/es\\\/producto\\\/mapa-i-guia-excursionista-vistabella-del-maestrat\\\/\"]}]},{\"@type\":\"ImageObject\",\"inLanguage\":\"es\",\"@id\":\"https:\\\/\\\/eltossalcartografies.com\\\/es\\\/producto\\\/mapa-i-guia-excursionista-vistabella-del-maestrat\\\/#primaryimage\",\"url\":\"https:\\\/\\\/eltossalcartografies.com\\\/wp-content\\\/uploads\\\/2020\\\/04\\\/mapa-i-guia-excursionista-vistabella-del-maestrat-09-1.jpg\",\"contentUrl\":\"https:\\\/\\\/eltossalcartografies.com\\\/wp-content\\\/uploads\\\/2020\\\/04\\\/mapa-i-guia-excursionista-vistabella-del-maestrat-09-1.jpg\",\"width\":808,\"height\":1161},{\"@type\":\"BreadcrumbList\",\"@id\":\"https:\\\/\\\/eltossalcartografies.com\\\/es\\\/producto\\\/mapa-i-guia-excursionista-vistabella-del-maestrat\\\/#breadcrumb\",\"itemListElement\":[{\"@type\":\"ListItem\",\"position\":1,\"name\":\"Portada\",\"item\":\"https:\\\/\\\/eltossalcartografies.com\\\/es\\\/\"},{\"@type\":\"ListItem\",\"position\":2,\"name\":\"Productos\",\"item\":\"https:\\\/\\\/eltossalcartografies.com\\\/es\\\/shop\\\/\"},{\"@type\":\"ListItem\",\"position\":3,\"name\":\"Mapa y gu\u00eda excursionista Vistabella del Maestrat\"}]},{\"@type\":\"WebSite\",\"@id\":\"https:\\\/\\\/eltossalcartografies.com\\\/es\\\/#website\",\"url\":\"https:\\\/\\\/eltossalcartografies.com\\\/es\\\/\",\"name\":\"El Tossal Cartografies\",\"description\":\"cartografia, venda de mapes\",\"publisher\":{\"@id\":\"https:\\\/\\\/eltossalcartografies.com\\\/es\\\/#organization\"},\"potentialAction\":[{\"@type\":\"SearchAction\",\"target\":{\"@type\":\"EntryPoint\",\"urlTemplate\":\"https:\\\/\\\/eltossalcartografies.com\\\/es\\\/?s={search_term_string}\"},\"query-input\":{\"@type\":\"PropertyValueSpecification\",\"valueRequired\":true,\"valueName\":\"search_term_string\"}}],\"inLanguage\":\"es\"},{\"@type\":\"Organization\",\"@id\":\"https:\\\/\\\/eltossalcartografies.com\\\/es\\\/#organization\",\"name\":\"El Tossal Cartografies\",\"url\":\"https:\\\/\\\/eltossalcartografies.com\\\/es\\\/\",\"logo\":{\"@type\":\"ImageObject\",\"inLanguage\":\"es\",\"@id\":\"https:\\\/\\\/eltossalcartografies.com\\\/es\\\/#\\\/schema\\\/logo\\\/image\\\/\",\"url\":\"https:\\\/\\\/eltossalcartografies.com\\\/wp-content\\\/uploads\\\/2020\\\/05\\\/logo-tossal-sitcky-verdet.png\",\"contentUrl\":\"https:\\\/\\\/eltossalcartografies.com\\\/wp-content\\\/uploads\\\/2020\\\/05\\\/logo-tossal-sitcky-verdet.png\",\"width\":155,\"height\":120,\"caption\":\"El Tossal Cartografies\"},\"image\":{\"@id\":\"https:\\\/\\\/eltossalcartografies.com\\\/es\\\/#\\\/schema\\\/logo\\\/image\\\/\"},\"sameAs\":[\"https:\\\/\\\/www.facebook.com\\\/ElTossalCartografies\\\/\",\"https:\\\/\\\/instagram.com\\\/eltossalcartografies\\\/\"]}]}<\/script>\n<!-- \/ Yoast SEO Premium plugin. -->","yoast_head_json":{"title":"Mapa y gu\u00eda excursionista Vistabella del Maestrat - El Tossal Cartografies","description":"Mapa y gu\u00eda excursionista a escala 1\/25.000 del T\u00e9rmino Municipal de Vistabella del Maestrat (Castell\u00f3). Fecha de Publicaci\u00f3n: 2010-02-01","robots":{"index":"index","follow":"follow","max-snippet":"max-snippet:-1","max-image-preview":"max-image-preview:large","max-video-preview":"max-video-preview:-1"},"canonical":"https:\/\/eltossalcartografies.com\/es\/producto\/mapa-i-guia-excursionista-vistabella-del-maestrat\/","og_locale":"es_ES","og_type":"article","og_title":"Mapa y gu\u00eda excursionista Vistabella del Maestrat","og_description":"Mapa y gu\u00eda excursionista a escala 1\/25.000 del T\u00e9rmino Municipal de Vistabella del Maestrat (Castell\u00f3). Fecha de Publicaci\u00f3n: 2010-02-01","og_url":"https:\/\/eltossalcartografies.com\/es\/producto\/mapa-i-guia-excursionista-vistabella-del-maestrat\/","og_site_name":"El Tossal Cartografies","article_publisher":"https:\/\/www.facebook.com\/ElTossalCartografies\/","article_modified_time":"2026-01-14T14:43:28+00:00","og_image":[{"width":190,"height":60,"url":"https:\/\/eltossalcartografies.com\/wp-content\/uploads\/2020\/06\/logo-tossal-paypal.png","type":"image\/png"}],"twitter_card":"summary_large_image","twitter_misc":{"Tiempo de lectura":"1 minuto"},"schema":{"@context":"https:\/\/schema.org","@graph":[{"@type":"WebPage","@id":"https:\/\/eltossalcartografies.com\/es\/producto\/mapa-i-guia-excursionista-vistabella-del-maestrat\/","url":"https:\/\/eltossalcartografies.com\/es\/producto\/mapa-i-guia-excursionista-vistabella-del-maestrat\/","name":"Mapa y gu\u00eda excursionista Vistabella del Maestrat - El Tossal Cartografies","isPartOf":{"@id":"https:\/\/eltossalcartografies.com\/es\/#website"},"primaryImageOfPage":{"@id":"https:\/\/eltossalcartografies.com\/es\/producto\/mapa-i-guia-excursionista-vistabella-del-maestrat\/#primaryimage"},"image":{"@id":"https:\/\/eltossalcartografies.com\/es\/producto\/mapa-i-guia-excursionista-vistabella-del-maestrat\/#primaryimage"},"thumbnailUrl":"https:\/\/eltossalcartografies.com\/wp-content\/uploads\/2020\/04\/mapa-i-guia-excursionista-vistabella-del-maestrat-09-1.jpg","datePublished":"2020-04-02T14:10:15+00:00","dateModified":"2026-01-14T14:43:28+00:00","description":"Mapa y gu\u00eda excursionista a escala 1\/25.000 del T\u00e9rmino Municipal de Vistabella del Maestrat (Castell\u00f3). Fecha de Publicaci\u00f3n: 2010-02-01","breadcrumb":{"@id":"https:\/\/eltossalcartografies.com\/es\/producto\/mapa-i-guia-excursionista-vistabella-del-maestrat\/#breadcrumb"},"inLanguage":"es","potentialAction":[{"@type":"ReadAction","target":["https:\/\/eltossalcartografies.com\/es\/producto\/mapa-i-guia-excursionista-vistabella-del-maestrat\/"]}]},{"@type":"ImageObject","inLanguage":"es","@id":"https:\/\/eltossalcartografies.com\/es\/producto\/mapa-i-guia-excursionista-vistabella-del-maestrat\/#primaryimage","url":"https:\/\/eltossalcartografies.com\/wp-content\/uploads\/2020\/04\/mapa-i-guia-excursionista-vistabella-del-maestrat-09-1.jpg","contentUrl":"https:\/\/eltossalcartografies.com\/wp-content\/uploads\/2020\/04\/mapa-i-guia-excursionista-vistabella-del-maestrat-09-1.jpg","width":808,"height":1161},{"@type":"BreadcrumbList","@id":"https:\/\/eltossalcartografies.com\/es\/producto\/mapa-i-guia-excursionista-vistabella-del-maestrat\/#breadcrumb","itemListElement":[{"@type":"ListItem","position":1,"name":"Portada","item":"https:\/\/eltossalcartografies.com\/es\/"},{"@type":"ListItem","position":2,"name":"Productos","item":"https:\/\/eltossalcartografies.com\/es\/shop\/"},{"@type":"ListItem","position":3,"name":"Mapa y gu\u00eda excursionista Vistabella del Maestrat"}]},{"@type":"WebSite","@id":"https:\/\/eltossalcartografies.com\/es\/#website","url":"https:\/\/eltossalcartografies.com\/es\/","name":"El Tossal Cartografies","description":"cartografia, venda de mapes","publisher":{"@id":"https:\/\/eltossalcartografies.com\/es\/#organization"},"potentialAction":[{"@type":"SearchAction","target":{"@type":"EntryPoint","urlTemplate":"https:\/\/eltossalcartografies.com\/es\/?s={search_term_string}"},"query-input":{"@type":"PropertyValueSpecification","valueRequired":true,"valueName":"search_term_string"}}],"inLanguage":"es"},{"@type":"Organization","@id":"https:\/\/eltossalcartografies.com\/es\/#organization","name":"El Tossal Cartografies","url":"https:\/\/eltossalcartografies.com\/es\/","logo":{"@type":"ImageObject","inLanguage":"es","@id":"https:\/\/eltossalcartografies.com\/es\/#\/schema\/logo\/image\/","url":"https:\/\/eltossalcartografies.com\/wp-content\/uploads\/2020\/05\/logo-tossal-sitcky-verdet.png","contentUrl":"https:\/\/eltossalcartografies.com\/wp-content\/uploads\/2020\/05\/logo-tossal-sitcky-verdet.png","width":155,"height":120,"caption":"El Tossal Cartografies"},"image":{"@id":"https:\/\/eltossalcartografies.com\/es\/#\/schema\/logo\/image\/"},"sameAs":["https:\/\/www.facebook.com\/ElTossalCartografies\/","https:\/\/instagram.com\/eltossalcartografies\/"]}]}},"_links":{"self":[{"href":"https:\/\/eltossalcartografies.com\/es\/wp-json\/wp\/v2\/product\/22890","targetHints":{"allow":["GET"]}}],"collection":[{"href":"https:\/\/eltossalcartografies.com\/es\/wp-json\/wp\/v2\/product"}],"about":[{"href":"https:\/\/eltossalcartografies.com\/es\/wp-json\/wp\/v2\/types\/product"}],"wp:featuredmedia":[{"embeddable":true,"href":"https:\/\/eltossalcartografies.com\/es\/wp-json\/wp\/v2\/media\/21086"}],"wp:attachment":[{"href":"https:\/\/eltossalcartografies.com\/es\/wp-json\/wp\/v2\/media?parent=22890"}],"wp:term":[{"taxonomy":"product_brand","embeddable":true,"href":"https:\/\/eltossalcartografies.com\/es\/wp-json\/wp\/v2\/product_brand?post=22890"},{"taxonomy":"product_cat","embeddable":true,"href":"https:\/\/eltossalcartografies.com\/es\/wp-json\/wp\/v2\/product_cat?post=22890"},{"taxonomy":"product_tag","embeddable":true,"href":"https:\/\/eltossalcartografies.com\/es\/wp-json\/wp\/v2\/product_tag?post=22890"}],"curies":[{"name":"wp","href":"https:\/\/api.w.org\/{rel}","templated":true}]}}