{"id":22891,"date":"2020-04-02T14:10:15","date_gmt":"2020-04-02T14:10:15","guid":{"rendered":"https:\/\/eltossalcartografies.com\/producte\/doble-mapa-i-guia-excursionista-serra-calderona\/"},"modified":"2026-01-14T15:42:22","modified_gmt":"2026-01-14T14:42:22","slug":"doble-mapa-i-guia-excursionista-serra-calderona","status":"publish","type":"product","link":"https:\/\/eltossalcartografies.com\/es\/producto\/doble-mapa-i-guia-excursionista-serra-calderona\/","title":{"rendered":"Mapa y gu\u00eda excursionista Serra Calderona"},"content":{"rendered":"<p><span class=\"x193iq5w xeuugli x13faqbe x1vvkbs x1xmvt09 x1lliihq x1s928wv xhkezso x1gmr53x x1cpjm7i x1fgarty x1943h6x xudqn12 x3x7a5m x6prxxf xvq8zen xo1l8bm xzsf02u x1yc453h\" dir=\"auto\">NUEVA EDICI\u00d3N del mapa de la Serra Calderona, m\u00e1s patrimonio, m\u00e1s caminos hist\u00f3ricos, m\u00e1s sendas excursionistas, m\u00e1s toponimia&#8230; Nuevo formato ahora en un \u00fanico mapa.<\/span><\/p>\n<p>Mapas y gu\u00eda excursionista a escala 1\/30.000 que nos acercan a uno de los \u00faltimos brazos p\u00e9treos del sistema ib\u00e9rico en su camino hacia el mar mediterr\u00e1neo: la Sierra Calderona. Considerada como el pulm\u00f3n de Val\u00e8ncia, desde siempre ha sido una sierra muy estimada por los valencianos y valencianas, gracias a la proximidad a la gran ciudad. Su relieve, en general, f\u00e1cilmente accesible sin importantes desniveles, lo ha convertido en una sierra apta para familias y a la vez sirve de un gustoso aperitivo a excursionistas y amantes de la naturaleza m\u00e1s profesionales. Cabe resaltar que se iniciaron en esta sierra m\u00edticos excursionistas valencianos en la d\u00e9cada de los 50 del siglo pasado, como Emili Be\u00fct, Ferran Zurriaga, Rafael Cebri\u00e1n, Rafael Roca, Vidal Royo o Soler Carnicer. A poco m\u00e1s de media hora de Val\u00e8ncia, os abrimos las puertas a un conjunto ca\u00f3tico de muelas, puntales y barrancos profundos, tanto sobre suelos sil\u00edceos (tono cobrizo del m\u00edtico Garb\u00ed o del Gorgo) como calc\u00e1reos (piedra blanca de Pe\u00f1as Blancas o Pe\u00f1as de Vig\u00eda), y rodeados de rincones de vegetaci\u00f3n formados por alcornoques, carrascas y pinos. Os invitamos a disfrutar de esta sierra que baja en grader\u00edo hacia el mar, siempre ofreci\u00e9ndonos unas panor\u00e1micas \u00fanicas de nuestra tierra.<\/p>\n","protected":false},"excerpt":{"rendered":"<p>Serra Calderona[br]<br \/>\nMapa y gu\u00eda excursionista[br\/]<br \/>\nFecha de reedici\u00f3n: 2023-12-01[br\/]<br \/>\nEscala: 1:30.000[br\/]<br \/>\nISBN: 9788409566785[br]<\/p>\n","protected":false},"featured_media":25994,"template":"","meta":{"_acf_changed":false},"product_brand":[],"product_cat":[56,57,59],"product_tag":[],"class_list":{"0":"post-22891","1":"product","2":"type-product","3":"status-publish","4":"has-post-thumbnail","6":"product_cat-doble-mapa-y-guia-excursionista","7":"product_cat-mapa-y-guia-excursionista","8":"product_cat-todas-las-categorias","10":"first","11":"instock","12":"taxable","13":"shipping-taxable","14":"purchasable","15":"product-type-simple"},"acf":[],"yoast_head":"<!-- This site is optimized with the Yoast SEO Premium plugin v27.4 (Yoast SEO v27.4) - https:\/\/yoast.com\/product\/yoast-seo-premium-wordpress\/ -->\n<title>Mapa y gu\u00eda excursionista Serra Calderona - El Tossal Cartografies<\/title>\n<meta name=\"description\" content=\"Nueva edici\u00f3n del mapa de la Serra Calderona, m\u00e1s patrimonio, m\u00e1s caminos hist\u00f3ricos, m\u00e1s sendas excursionistas. Escala: 1:30.000. Publicaci\u00f3n: 2023-12-01\" \/>\n<meta name=\"robots\" content=\"index, follow, max-snippet:-1, max-image-preview:large, max-video-preview:-1\" \/>\n<link rel=\"canonical\" href=\"https:\/\/eltossalcartografies.com\/es\/producto\/doble-mapa-i-guia-excursionista-serra-calderona\/\" \/>\n<meta property=\"og:locale\" content=\"es_ES\" \/>\n<meta property=\"og:type\" content=\"article\" \/>\n<meta property=\"og:title\" content=\"Mapa y gu\u00eda excursionista Serra Calderona\" \/>\n<meta property=\"og:description\" content=\"Nueva edici\u00f3n del mapa de la Serra Calderona, m\u00e1s patrimonio, m\u00e1s caminos hist\u00f3ricos, m\u00e1s sendas excursionistas. Escala: 1:30.000. Publicaci\u00f3n: 2023-12-01\" \/>\n<meta property=\"og:url\" content=\"https:\/\/eltossalcartografies.com\/es\/producto\/doble-mapa-i-guia-excursionista-serra-calderona\/\" \/>\n<meta property=\"og:site_name\" content=\"El Tossal Cartografies\" \/>\n<meta property=\"article:publisher\" content=\"https:\/\/www.facebook.com\/ElTossalCartografies\/\" \/>\n<meta property=\"article:modified_time\" content=\"2026-01-14T14:42:22+00:00\" \/>\n<meta property=\"og:image\" content=\"https:\/\/eltossalcartografies.com\/wp-content\/uploads\/2024\/03\/Portada_Serra_Calderona_.jpg\" \/>\n\t<meta property=\"og:image:width\" content=\"703\" \/>\n\t<meta property=\"og:image:height\" content=\"1262\" \/>\n\t<meta property=\"og:image:type\" content=\"image\/jpeg\" \/>\n<meta name=\"twitter:card\" content=\"summary_large_image\" \/>\n<meta name=\"twitter:label1\" content=\"Tiempo de lectura\" \/>\n\t<meta name=\"twitter:data1\" content=\"2 minutos\" \/>\n<script type=\"application\/ld+json\" class=\"yoast-schema-graph\">{\"@context\":\"https:\\\/\\\/schema.org\",\"@graph\":[{\"@type\":\"WebPage\",\"@id\":\"https:\\\/\\\/eltossalcartografies.com\\\/es\\\/producto\\\/doble-mapa-i-guia-excursionista-serra-calderona\\\/\",\"url\":\"https:\\\/\\\/eltossalcartografies.com\\\/es\\\/producto\\\/doble-mapa-i-guia-excursionista-serra-calderona\\\/\",\"name\":\"Mapa y gu\u00eda excursionista Serra Calderona - El Tossal Cartografies\",\"isPartOf\":{\"@id\":\"https:\\\/\\\/eltossalcartografies.com\\\/es\\\/#website\"},\"primaryImageOfPage\":{\"@id\":\"https:\\\/\\\/eltossalcartografies.com\\\/es\\\/producto\\\/doble-mapa-i-guia-excursionista-serra-calderona\\\/#primaryimage\"},\"image\":{\"@id\":\"https:\\\/\\\/eltossalcartografies.com\\\/es\\\/producto\\\/doble-mapa-i-guia-excursionista-serra-calderona\\\/#primaryimage\"},\"thumbnailUrl\":\"https:\\\/\\\/eltossalcartografies.com\\\/wp-content\\\/uploads\\\/2024\\\/03\\\/Portada_Serra_Calderona_.jpg\",\"datePublished\":\"2020-04-02T14:10:15+00:00\",\"dateModified\":\"2026-01-14T14:42:22+00:00\",\"description\":\"Nueva edici\u00f3n del mapa de la Serra Calderona, m\u00e1s patrimonio, m\u00e1s caminos hist\u00f3ricos, m\u00e1s sendas excursionistas. Escala: 1:30.000. Publicaci\u00f3n: 2023-12-01\",\"breadcrumb\":{\"@id\":\"https:\\\/\\\/eltossalcartografies.com\\\/es\\\/producto\\\/doble-mapa-i-guia-excursionista-serra-calderona\\\/#breadcrumb\"},\"inLanguage\":\"es\",\"potentialAction\":[{\"@type\":\"ReadAction\",\"target\":[\"https:\\\/\\\/eltossalcartografies.com\\\/es\\\/producto\\\/doble-mapa-i-guia-excursionista-serra-calderona\\\/\"]}]},{\"@type\":\"ImageObject\",\"inLanguage\":\"es\",\"@id\":\"https:\\\/\\\/eltossalcartografies.com\\\/es\\\/producto\\\/doble-mapa-i-guia-excursionista-serra-calderona\\\/#primaryimage\",\"url\":\"https:\\\/\\\/eltossalcartografies.com\\\/wp-content\\\/uploads\\\/2024\\\/03\\\/Portada_Serra_Calderona_.jpg\",\"contentUrl\":\"https:\\\/\\\/eltossalcartografies.com\\\/wp-content\\\/uploads\\\/2024\\\/03\\\/Portada_Serra_Calderona_.jpg\",\"width\":703,\"height\":1262,\"caption\":\"Mapa excursionista de la Serra d\u2019Espad\u00e0\"},{\"@type\":\"BreadcrumbList\",\"@id\":\"https:\\\/\\\/eltossalcartografies.com\\\/es\\\/producto\\\/doble-mapa-i-guia-excursionista-serra-calderona\\\/#breadcrumb\",\"itemListElement\":[{\"@type\":\"ListItem\",\"position\":1,\"name\":\"Portada\",\"item\":\"https:\\\/\\\/eltossalcartografies.com\\\/es\\\/\"},{\"@type\":\"ListItem\",\"position\":2,\"name\":\"Productos\",\"item\":\"https:\\\/\\\/eltossalcartografies.com\\\/es\\\/shop\\\/\"},{\"@type\":\"ListItem\",\"position\":3,\"name\":\"Mapa y gu\u00eda excursionista Serra Calderona\"}]},{\"@type\":\"WebSite\",\"@id\":\"https:\\\/\\\/eltossalcartografies.com\\\/es\\\/#website\",\"url\":\"https:\\\/\\\/eltossalcartografies.com\\\/es\\\/\",\"name\":\"El Tossal Cartografies\",\"description\":\"cartografia, venda de mapes\",\"publisher\":{\"@id\":\"https:\\\/\\\/eltossalcartografies.com\\\/es\\\/#organization\"},\"potentialAction\":[{\"@type\":\"SearchAction\",\"target\":{\"@type\":\"EntryPoint\",\"urlTemplate\":\"https:\\\/\\\/eltossalcartografies.com\\\/es\\\/?s={search_term_string}\"},\"query-input\":{\"@type\":\"PropertyValueSpecification\",\"valueRequired\":true,\"valueName\":\"search_term_string\"}}],\"inLanguage\":\"es\"},{\"@type\":\"Organization\",\"@id\":\"https:\\\/\\\/eltossalcartografies.com\\\/es\\\/#organization\",\"name\":\"El Tossal Cartografies\",\"url\":\"https:\\\/\\\/eltossalcartografies.com\\\/es\\\/\",\"logo\":{\"@type\":\"ImageObject\",\"inLanguage\":\"es\",\"@id\":\"https:\\\/\\\/eltossalcartografies.com\\\/es\\\/#\\\/schema\\\/logo\\\/image\\\/\",\"url\":\"https:\\\/\\\/eltossalcartografies.com\\\/wp-content\\\/uploads\\\/2020\\\/05\\\/logo-tossal-sitcky-verdet.png\",\"contentUrl\":\"https:\\\/\\\/eltossalcartografies.com\\\/wp-content\\\/uploads\\\/2020\\\/05\\\/logo-tossal-sitcky-verdet.png\",\"width\":155,\"height\":120,\"caption\":\"El Tossal Cartografies\"},\"image\":{\"@id\":\"https:\\\/\\\/eltossalcartografies.com\\\/es\\\/#\\\/schema\\\/logo\\\/image\\\/\"},\"sameAs\":[\"https:\\\/\\\/www.facebook.com\\\/ElTossalCartografies\\\/\",\"https:\\\/\\\/instagram.com\\\/eltossalcartografies\\\/\"]}]}<\/script>\n<!-- \/ Yoast SEO Premium plugin. -->","yoast_head_json":{"title":"Mapa y gu\u00eda excursionista Serra Calderona - El Tossal Cartografies","description":"Nueva edici\u00f3n del mapa de la Serra Calderona, m\u00e1s patrimonio, m\u00e1s caminos hist\u00f3ricos, m\u00e1s sendas excursionistas. Escala: 1:30.000. Publicaci\u00f3n: 2023-12-01","robots":{"index":"index","follow":"follow","max-snippet":"max-snippet:-1","max-image-preview":"max-image-preview:large","max-video-preview":"max-video-preview:-1"},"canonical":"https:\/\/eltossalcartografies.com\/es\/producto\/doble-mapa-i-guia-excursionista-serra-calderona\/","og_locale":"es_ES","og_type":"article","og_title":"Mapa y gu\u00eda excursionista Serra Calderona","og_description":"Nueva edici\u00f3n del mapa de la Serra Calderona, m\u00e1s patrimonio, m\u00e1s caminos hist\u00f3ricos, m\u00e1s sendas excursionistas. Escala: 1:30.000. Publicaci\u00f3n: 2023-12-01","og_url":"https:\/\/eltossalcartografies.com\/es\/producto\/doble-mapa-i-guia-excursionista-serra-calderona\/","og_site_name":"El Tossal Cartografies","article_publisher":"https:\/\/www.facebook.com\/ElTossalCartografies\/","article_modified_time":"2026-01-14T14:42:22+00:00","og_image":[{"width":703,"height":1262,"url":"https:\/\/eltossalcartografies.com\/wp-content\/uploads\/2024\/03\/Portada_Serra_Calderona_.jpg","type":"image\/jpeg"}],"twitter_card":"summary_large_image","twitter_misc":{"Tiempo de lectura":"2 minutos"},"schema":{"@context":"https:\/\/schema.org","@graph":[{"@type":"WebPage","@id":"https:\/\/eltossalcartografies.com\/es\/producto\/doble-mapa-i-guia-excursionista-serra-calderona\/","url":"https:\/\/eltossalcartografies.com\/es\/producto\/doble-mapa-i-guia-excursionista-serra-calderona\/","name":"Mapa y gu\u00eda excursionista Serra Calderona - El Tossal Cartografies","isPartOf":{"@id":"https:\/\/eltossalcartografies.com\/es\/#website"},"primaryImageOfPage":{"@id":"https:\/\/eltossalcartografies.com\/es\/producto\/doble-mapa-i-guia-excursionista-serra-calderona\/#primaryimage"},"image":{"@id":"https:\/\/eltossalcartografies.com\/es\/producto\/doble-mapa-i-guia-excursionista-serra-calderona\/#primaryimage"},"thumbnailUrl":"https:\/\/eltossalcartografies.com\/wp-content\/uploads\/2024\/03\/Portada_Serra_Calderona_.jpg","datePublished":"2020-04-02T14:10:15+00:00","dateModified":"2026-01-14T14:42:22+00:00","description":"Nueva edici\u00f3n del mapa de la Serra Calderona, m\u00e1s patrimonio, m\u00e1s caminos hist\u00f3ricos, m\u00e1s sendas excursionistas. Escala: 1:30.000. Publicaci\u00f3n: 2023-12-01","breadcrumb":{"@id":"https:\/\/eltossalcartografies.com\/es\/producto\/doble-mapa-i-guia-excursionista-serra-calderona\/#breadcrumb"},"inLanguage":"es","potentialAction":[{"@type":"ReadAction","target":["https:\/\/eltossalcartografies.com\/es\/producto\/doble-mapa-i-guia-excursionista-serra-calderona\/"]}]},{"@type":"ImageObject","inLanguage":"es","@id":"https:\/\/eltossalcartografies.com\/es\/producto\/doble-mapa-i-guia-excursionista-serra-calderona\/#primaryimage","url":"https:\/\/eltossalcartografies.com\/wp-content\/uploads\/2024\/03\/Portada_Serra_Calderona_.jpg","contentUrl":"https:\/\/eltossalcartografies.com\/wp-content\/uploads\/2024\/03\/Portada_Serra_Calderona_.jpg","width":703,"height":1262,"caption":"Mapa excursionista de la Serra d\u2019Espad\u00e0"},{"@type":"BreadcrumbList","@id":"https:\/\/eltossalcartografies.com\/es\/producto\/doble-mapa-i-guia-excursionista-serra-calderona\/#breadcrumb","itemListElement":[{"@type":"ListItem","position":1,"name":"Portada","item":"https:\/\/eltossalcartografies.com\/es\/"},{"@type":"ListItem","position":2,"name":"Productos","item":"https:\/\/eltossalcartografies.com\/es\/shop\/"},{"@type":"ListItem","position":3,"name":"Mapa y gu\u00eda excursionista Serra Calderona"}]},{"@type":"WebSite","@id":"https:\/\/eltossalcartografies.com\/es\/#website","url":"https:\/\/eltossalcartografies.com\/es\/","name":"El Tossal Cartografies","description":"cartografia, venda de mapes","publisher":{"@id":"https:\/\/eltossalcartografies.com\/es\/#organization"},"potentialAction":[{"@type":"SearchAction","target":{"@type":"EntryPoint","urlTemplate":"https:\/\/eltossalcartografies.com\/es\/?s={search_term_string}"},"query-input":{"@type":"PropertyValueSpecification","valueRequired":true,"valueName":"search_term_string"}}],"inLanguage":"es"},{"@type":"Organization","@id":"https:\/\/eltossalcartografies.com\/es\/#organization","name":"El Tossal Cartografies","url":"https:\/\/eltossalcartografies.com\/es\/","logo":{"@type":"ImageObject","inLanguage":"es","@id":"https:\/\/eltossalcartografies.com\/es\/#\/schema\/logo\/image\/","url":"https:\/\/eltossalcartografies.com\/wp-content\/uploads\/2020\/05\/logo-tossal-sitcky-verdet.png","contentUrl":"https:\/\/eltossalcartografies.com\/wp-content\/uploads\/2020\/05\/logo-tossal-sitcky-verdet.png","width":155,"height":120,"caption":"El Tossal Cartografies"},"image":{"@id":"https:\/\/eltossalcartografies.com\/es\/#\/schema\/logo\/image\/"},"sameAs":["https:\/\/www.facebook.com\/ElTossalCartografies\/","https:\/\/instagram.com\/eltossalcartografies\/"]}]}},"_links":{"self":[{"href":"https:\/\/eltossalcartografies.com\/es\/wp-json\/wp\/v2\/product\/22891","targetHints":{"allow":["GET"]}}],"collection":[{"href":"https:\/\/eltossalcartografies.com\/es\/wp-json\/wp\/v2\/product"}],"about":[{"href":"https:\/\/eltossalcartografies.com\/es\/wp-json\/wp\/v2\/types\/product"}],"wp:featuredmedia":[{"embeddable":true,"href":"https:\/\/eltossalcartografies.com\/es\/wp-json\/wp\/v2\/media\/25994"}],"wp:attachment":[{"href":"https:\/\/eltossalcartografies.com\/es\/wp-json\/wp\/v2\/media?parent=22891"}],"wp:term":[{"taxonomy":"product_brand","embeddable":true,"href":"https:\/\/eltossalcartografies.com\/es\/wp-json\/wp\/v2\/product_brand?post=22891"},{"taxonomy":"product_cat","embeddable":true,"href":"https:\/\/eltossalcartografies.com\/es\/wp-json\/wp\/v2\/product_cat?post=22891"},{"taxonomy":"product_tag","embeddable":true,"href":"https:\/\/eltossalcartografies.com\/es\/wp-json\/wp\/v2\/product_tag?post=22891"}],"curies":[{"name":"wp","href":"https:\/\/api.w.org\/{rel}","templated":true}]}}