{"id":22966,"date":"2020-04-02T14:10:13","date_gmt":"2020-04-02T14:10:13","guid":{"rendered":"https:\/\/eltossalcartografies.com\/producte\/mapa-i-guia-excursionista-la-tinenca-de-benifassa-nova-edicio\/"},"modified":"2026-01-14T15:45:20","modified_gmt":"2026-01-14T14:45:20","slug":"mapa-i-guia-excursionista-la-tinenca-de-benifassa-nova-edicio","status":"publish","type":"product","link":"https:\/\/eltossalcartografies.com\/es\/producto\/mapa-i-guia-excursionista-la-tinenca-de-benifassa-nova-edicio\/","title":{"rendered":"Mapa y gu\u00eda excursionista La Tinen\u00e7a de Benifass\u00e0"},"content":{"rendered":"<p>Nueva edici\u00f3n del mapa de la Tinen\u00e7a de Benifass\u00e0, m\u00e1s caminos, m\u00e1s top\u00f3nimos, m\u00e1s rutas, m\u00e1s patrimonio!\u2028Una revisi\u00f3n profunda d\u00f3nde hemos plasmado todo el movimiento de los \u00faltimos 10 a\u00f1os, donde las brigadas del Parque Natural, la Taula del S\u00e9nia, algunos ayuntamientos, asociaciones y colectivos as\u00ed como personas vinculadas al territorio, han producido una buena recuperaci\u00f3n de la red de caminos. Ahora os proponemos 85 itinerarios excursionistas con nuevas rutas de Parque Natural y una gran ruta que conecta los siete pueblos y sus cumbres m\u00e1s emblem\u00e1ticas. Mucha pasi\u00f3n y la inestimable colaboraci\u00f3n de m\u00e1s personas \u00bbsabudas\u00bb de estas tierras, que nos permite ofreceros una nueva joya, disfrutadla!<br \/>\nMapa y Gu\u00eda excursionista a escala 1\/30.000 de la Tinen\u00e7a o Setena de Benifass\u00e0 (Bel, el Bellestar, la Pobla de Benifass\u00e0, el Boixar, Fredes, Coratx\u00e0 y Castell de Cabres), y los pueblos vecinos de la S\u00e9nia (Montsi\u00e0), Pena-Roja de Tastavins (Matarranya), Herb\u00e9s, Herbesset y Vallibona (els Ports) y Rossell y les Cases del Riu (Baix Maestrat). Os mostramos una zona \u00fanica, la transici\u00f3n entre el Sistema Ib\u00e9rico y la Cordillera Litoral Catalana, un paisaje ind\u00f3mito y roto cubierto por una exuberante y variada vegetaci\u00f3n, definida como una de las mejores reservas de biodiversidad del continente europeo, con la aparici\u00f3n del hayedo m\u00e1s meridional de Europa. La confluencia de varias figuras de protecci\u00f3n: el Parque Natural de \u00bbla Tinen\u00e7a de Benifass\u00e0\u00bb en la parte valenciana y el Parque Natural de \u00bbels Ports\u00bb y la Reserva de \u00bbles Fagedes dels Ports\u00bb en la parte catalana, con la poblaci\u00f3n m\u00e1s importante de cabra monsa (capra pyrenaica hispanica) del Pa\u00eds Valenciano. En la gu\u00eda os a\u00f1adimos informaci\u00f3n adicional sobre los aspectos del paisaje natural, el paisaje humano y algunos apuntes hist\u00f3ricos. Adem\u00e1s de una informaci\u00f3n detallada sobre los 85 itinerarios propuestos y variados para poder sentir y conocer estas comarcas, que os permitir\u00e1n descubrir lugares sobrecogedores, un amplio patrimonio etnogr\u00e1fico o majestuosos \u00e1rboles monumentales, as\u00ed como disfrutar de espectaculares panor\u00e1micas.<\/p>\n","protected":false},"excerpt":{"rendered":"<p>La Tinen\u00e7a de Benifass\u00e0. Nueva edici\u00f3n[br]<br \/>\nMapa y gu\u00eda excursionista[br]<br \/>\nFecha de publicaci\u00f3n: 2017-12-15[br]<br \/>\nEscala: 1:30.000[br]<br \/>\nISBN: 9788469782729[br]<br \/>\nDISPONIBLE<\/p>\n","protected":false},"featured_media":21790,"template":"","meta":{"_acf_changed":false},"product_brand":[],"product_cat":[57,59],"product_tag":[63],"class_list":{"0":"post-22966","1":"product","2":"type-product","3":"status-publish","4":"has-post-thumbnail","6":"product_cat-mapa-y-guia-excursionista","7":"product_cat-todas-las-categorias","8":"product_tag-mapa-es","10":"first","11":"instock","12":"taxable","13":"shipping-taxable","14":"purchasable","15":"product-type-simple"},"acf":[],"yoast_head":"<!-- This site is optimized with the Yoast SEO Premium plugin v27.4 (Yoast SEO v27.4) - https:\/\/yoast.com\/product\/yoast-seo-premium-wordpress\/ -->\n<title>Mapa y gu\u00eda excursionista La Tinen\u00e7a de Benifass\u00e0 - El Tossal Cartografies<\/title>\n<meta name=\"description\" content=\"Mapa y gu\u00eda excursionista de La Tinen\u00e7a de Benifass\u00e0. El Tossal Cartografies. Escala: 1:30.000. Nueva edici\u00f3n 2017-12-15\" \/>\n<meta name=\"robots\" content=\"index, follow, max-snippet:-1, max-image-preview:large, max-video-preview:-1\" \/>\n<link rel=\"canonical\" href=\"https:\/\/eltossalcartografies.com\/es\/producto\/mapa-i-guia-excursionista-la-tinenca-de-benifassa-nova-edicio\/\" \/>\n<meta property=\"og:locale\" content=\"es_ES\" \/>\n<meta property=\"og:type\" content=\"article\" \/>\n<meta property=\"og:title\" content=\"Mapa y gu\u00eda excursionista La Tinen\u00e7a de Benifass\u00e0\" \/>\n<meta property=\"og:description\" content=\"Mapa y gu\u00eda excursionista de La Tinen\u00e7a de Benifass\u00e0. El Tossal Cartografies. Escala: 1:30.000. Nueva edici\u00f3n 2017-12-15\" \/>\n<meta property=\"og:url\" content=\"https:\/\/eltossalcartografies.com\/es\/producto\/mapa-i-guia-excursionista-la-tinenca-de-benifassa-nova-edicio\/\" \/>\n<meta property=\"og:site_name\" content=\"El Tossal Cartografies\" \/>\n<meta property=\"article:publisher\" content=\"https:\/\/www.facebook.com\/ElTossalCartografies\/\" \/>\n<meta property=\"article:modified_time\" content=\"2026-01-14T14:45:20+00:00\" \/>\n<meta property=\"og:image\" content=\"https:\/\/eltossalcartografies.com\/wp-content\/uploads\/2020\/04\/M3-01-Mapa-i-guia-excursionista-La-Tinenca-de-Benifassa.jpg\" \/>\n\t<meta property=\"og:image:width\" content=\"631\" \/>\n\t<meta property=\"og:image:height\" content=\"1200\" \/>\n\t<meta property=\"og:image:type\" content=\"image\/jpeg\" \/>\n<meta name=\"twitter:card\" content=\"summary_large_image\" \/>\n<meta name=\"twitter:label1\" content=\"Tiempo de lectura\" \/>\n\t<meta name=\"twitter:data1\" content=\"2 minutos\" \/>\n<script type=\"application\/ld+json\" class=\"yoast-schema-graph\">{\"@context\":\"https:\\\/\\\/schema.org\",\"@graph\":[{\"@type\":\"WebPage\",\"@id\":\"https:\\\/\\\/eltossalcartografies.com\\\/es\\\/producto\\\/mapa-i-guia-excursionista-la-tinenca-de-benifassa-nova-edicio\\\/\",\"url\":\"https:\\\/\\\/eltossalcartografies.com\\\/es\\\/producto\\\/mapa-i-guia-excursionista-la-tinenca-de-benifassa-nova-edicio\\\/\",\"name\":\"Mapa y gu\u00eda excursionista La Tinen\u00e7a de Benifass\u00e0 - El Tossal Cartografies\",\"isPartOf\":{\"@id\":\"https:\\\/\\\/eltossalcartografies.com\\\/es\\\/#website\"},\"primaryImageOfPage\":{\"@id\":\"https:\\\/\\\/eltossalcartografies.com\\\/es\\\/producto\\\/mapa-i-guia-excursionista-la-tinenca-de-benifassa-nova-edicio\\\/#primaryimage\"},\"image\":{\"@id\":\"https:\\\/\\\/eltossalcartografies.com\\\/es\\\/producto\\\/mapa-i-guia-excursionista-la-tinenca-de-benifassa-nova-edicio\\\/#primaryimage\"},\"thumbnailUrl\":\"https:\\\/\\\/eltossalcartografies.com\\\/wp-content\\\/uploads\\\/2020\\\/04\\\/M3-01-Mapa-i-guia-excursionista-La-Tinenca-de-Benifassa.jpg\",\"datePublished\":\"2020-04-02T14:10:13+00:00\",\"dateModified\":\"2026-01-14T14:45:20+00:00\",\"description\":\"Mapa y gu\u00eda excursionista de La Tinen\u00e7a de Benifass\u00e0. El Tossal Cartografies. Escala: 1:30.000. Nueva edici\u00f3n 2017-12-15\",\"breadcrumb\":{\"@id\":\"https:\\\/\\\/eltossalcartografies.com\\\/es\\\/producto\\\/mapa-i-guia-excursionista-la-tinenca-de-benifassa-nova-edicio\\\/#breadcrumb\"},\"inLanguage\":\"es\",\"potentialAction\":[{\"@type\":\"ReadAction\",\"target\":[\"https:\\\/\\\/eltossalcartografies.com\\\/es\\\/producto\\\/mapa-i-guia-excursionista-la-tinenca-de-benifassa-nova-edicio\\\/\"]}]},{\"@type\":\"ImageObject\",\"inLanguage\":\"es\",\"@id\":\"https:\\\/\\\/eltossalcartografies.com\\\/es\\\/producto\\\/mapa-i-guia-excursionista-la-tinenca-de-benifassa-nova-edicio\\\/#primaryimage\",\"url\":\"https:\\\/\\\/eltossalcartografies.com\\\/wp-content\\\/uploads\\\/2020\\\/04\\\/M3-01-Mapa-i-guia-excursionista-La-Tinenca-de-Benifassa.jpg\",\"contentUrl\":\"https:\\\/\\\/eltossalcartografies.com\\\/wp-content\\\/uploads\\\/2020\\\/04\\\/M3-01-Mapa-i-guia-excursionista-La-Tinenca-de-Benifassa.jpg\",\"width\":631,\"height\":1200},{\"@type\":\"BreadcrumbList\",\"@id\":\"https:\\\/\\\/eltossalcartografies.com\\\/es\\\/producto\\\/mapa-i-guia-excursionista-la-tinenca-de-benifassa-nova-edicio\\\/#breadcrumb\",\"itemListElement\":[{\"@type\":\"ListItem\",\"position\":1,\"name\":\"Portada\",\"item\":\"https:\\\/\\\/eltossalcartografies.com\\\/es\\\/\"},{\"@type\":\"ListItem\",\"position\":2,\"name\":\"Productos\",\"item\":\"https:\\\/\\\/eltossalcartografies.com\\\/es\\\/shop\\\/\"},{\"@type\":\"ListItem\",\"position\":3,\"name\":\"Mapa y gu\u00eda excursionista La Tinen\u00e7a de Benifass\u00e0\"}]},{\"@type\":\"WebSite\",\"@id\":\"https:\\\/\\\/eltossalcartografies.com\\\/es\\\/#website\",\"url\":\"https:\\\/\\\/eltossalcartografies.com\\\/es\\\/\",\"name\":\"El Tossal Cartografies\",\"description\":\"cartografia, venda de mapes\",\"publisher\":{\"@id\":\"https:\\\/\\\/eltossalcartografies.com\\\/es\\\/#organization\"},\"potentialAction\":[{\"@type\":\"SearchAction\",\"target\":{\"@type\":\"EntryPoint\",\"urlTemplate\":\"https:\\\/\\\/eltossalcartografies.com\\\/es\\\/?s={search_term_string}\"},\"query-input\":{\"@type\":\"PropertyValueSpecification\",\"valueRequired\":true,\"valueName\":\"search_term_string\"}}],\"inLanguage\":\"es\"},{\"@type\":\"Organization\",\"@id\":\"https:\\\/\\\/eltossalcartografies.com\\\/es\\\/#organization\",\"name\":\"El Tossal Cartografies\",\"url\":\"https:\\\/\\\/eltossalcartografies.com\\\/es\\\/\",\"logo\":{\"@type\":\"ImageObject\",\"inLanguage\":\"es\",\"@id\":\"https:\\\/\\\/eltossalcartografies.com\\\/es\\\/#\\\/schema\\\/logo\\\/image\\\/\",\"url\":\"https:\\\/\\\/eltossalcartografies.com\\\/wp-content\\\/uploads\\\/2020\\\/05\\\/logo-tossal-sitcky-verdet.png\",\"contentUrl\":\"https:\\\/\\\/eltossalcartografies.com\\\/wp-content\\\/uploads\\\/2020\\\/05\\\/logo-tossal-sitcky-verdet.png\",\"width\":155,\"height\":120,\"caption\":\"El Tossal Cartografies\"},\"image\":{\"@id\":\"https:\\\/\\\/eltossalcartografies.com\\\/es\\\/#\\\/schema\\\/logo\\\/image\\\/\"},\"sameAs\":[\"https:\\\/\\\/www.facebook.com\\\/ElTossalCartografies\\\/\",\"https:\\\/\\\/instagram.com\\\/eltossalcartografies\\\/\"]}]}<\/script>\n<!-- \/ Yoast SEO Premium plugin. -->","yoast_head_json":{"title":"Mapa y gu\u00eda excursionista La Tinen\u00e7a de Benifass\u00e0 - El Tossal Cartografies","description":"Mapa y gu\u00eda excursionista de La Tinen\u00e7a de Benifass\u00e0. El Tossal Cartografies. Escala: 1:30.000. Nueva edici\u00f3n 2017-12-15","robots":{"index":"index","follow":"follow","max-snippet":"max-snippet:-1","max-image-preview":"max-image-preview:large","max-video-preview":"max-video-preview:-1"},"canonical":"https:\/\/eltossalcartografies.com\/es\/producto\/mapa-i-guia-excursionista-la-tinenca-de-benifassa-nova-edicio\/","og_locale":"es_ES","og_type":"article","og_title":"Mapa y gu\u00eda excursionista La Tinen\u00e7a de Benifass\u00e0","og_description":"Mapa y gu\u00eda excursionista de La Tinen\u00e7a de Benifass\u00e0. El Tossal Cartografies. Escala: 1:30.000. Nueva edici\u00f3n 2017-12-15","og_url":"https:\/\/eltossalcartografies.com\/es\/producto\/mapa-i-guia-excursionista-la-tinenca-de-benifassa-nova-edicio\/","og_site_name":"El Tossal Cartografies","article_publisher":"https:\/\/www.facebook.com\/ElTossalCartografies\/","article_modified_time":"2026-01-14T14:45:20+00:00","og_image":[{"width":631,"height":1200,"url":"https:\/\/eltossalcartografies.com\/wp-content\/uploads\/2020\/04\/M3-01-Mapa-i-guia-excursionista-La-Tinenca-de-Benifassa.jpg","type":"image\/jpeg"}],"twitter_card":"summary_large_image","twitter_misc":{"Tiempo de lectura":"2 minutos"},"schema":{"@context":"https:\/\/schema.org","@graph":[{"@type":"WebPage","@id":"https:\/\/eltossalcartografies.com\/es\/producto\/mapa-i-guia-excursionista-la-tinenca-de-benifassa-nova-edicio\/","url":"https:\/\/eltossalcartografies.com\/es\/producto\/mapa-i-guia-excursionista-la-tinenca-de-benifassa-nova-edicio\/","name":"Mapa y gu\u00eda excursionista La Tinen\u00e7a de Benifass\u00e0 - El Tossal Cartografies","isPartOf":{"@id":"https:\/\/eltossalcartografies.com\/es\/#website"},"primaryImageOfPage":{"@id":"https:\/\/eltossalcartografies.com\/es\/producto\/mapa-i-guia-excursionista-la-tinenca-de-benifassa-nova-edicio\/#primaryimage"},"image":{"@id":"https:\/\/eltossalcartografies.com\/es\/producto\/mapa-i-guia-excursionista-la-tinenca-de-benifassa-nova-edicio\/#primaryimage"},"thumbnailUrl":"https:\/\/eltossalcartografies.com\/wp-content\/uploads\/2020\/04\/M3-01-Mapa-i-guia-excursionista-La-Tinenca-de-Benifassa.jpg","datePublished":"2020-04-02T14:10:13+00:00","dateModified":"2026-01-14T14:45:20+00:00","description":"Mapa y gu\u00eda excursionista de La Tinen\u00e7a de Benifass\u00e0. El Tossal Cartografies. Escala: 1:30.000. Nueva edici\u00f3n 2017-12-15","breadcrumb":{"@id":"https:\/\/eltossalcartografies.com\/es\/producto\/mapa-i-guia-excursionista-la-tinenca-de-benifassa-nova-edicio\/#breadcrumb"},"inLanguage":"es","potentialAction":[{"@type":"ReadAction","target":["https:\/\/eltossalcartografies.com\/es\/producto\/mapa-i-guia-excursionista-la-tinenca-de-benifassa-nova-edicio\/"]}]},{"@type":"ImageObject","inLanguage":"es","@id":"https:\/\/eltossalcartografies.com\/es\/producto\/mapa-i-guia-excursionista-la-tinenca-de-benifassa-nova-edicio\/#primaryimage","url":"https:\/\/eltossalcartografies.com\/wp-content\/uploads\/2020\/04\/M3-01-Mapa-i-guia-excursionista-La-Tinenca-de-Benifassa.jpg","contentUrl":"https:\/\/eltossalcartografies.com\/wp-content\/uploads\/2020\/04\/M3-01-Mapa-i-guia-excursionista-La-Tinenca-de-Benifassa.jpg","width":631,"height":1200},{"@type":"BreadcrumbList","@id":"https:\/\/eltossalcartografies.com\/es\/producto\/mapa-i-guia-excursionista-la-tinenca-de-benifassa-nova-edicio\/#breadcrumb","itemListElement":[{"@type":"ListItem","position":1,"name":"Portada","item":"https:\/\/eltossalcartografies.com\/es\/"},{"@type":"ListItem","position":2,"name":"Productos","item":"https:\/\/eltossalcartografies.com\/es\/shop\/"},{"@type":"ListItem","position":3,"name":"Mapa y gu\u00eda excursionista La Tinen\u00e7a de Benifass\u00e0"}]},{"@type":"WebSite","@id":"https:\/\/eltossalcartografies.com\/es\/#website","url":"https:\/\/eltossalcartografies.com\/es\/","name":"El Tossal Cartografies","description":"cartografia, venda de mapes","publisher":{"@id":"https:\/\/eltossalcartografies.com\/es\/#organization"},"potentialAction":[{"@type":"SearchAction","target":{"@type":"EntryPoint","urlTemplate":"https:\/\/eltossalcartografies.com\/es\/?s={search_term_string}"},"query-input":{"@type":"PropertyValueSpecification","valueRequired":true,"valueName":"search_term_string"}}],"inLanguage":"es"},{"@type":"Organization","@id":"https:\/\/eltossalcartografies.com\/es\/#organization","name":"El Tossal Cartografies","url":"https:\/\/eltossalcartografies.com\/es\/","logo":{"@type":"ImageObject","inLanguage":"es","@id":"https:\/\/eltossalcartografies.com\/es\/#\/schema\/logo\/image\/","url":"https:\/\/eltossalcartografies.com\/wp-content\/uploads\/2020\/05\/logo-tossal-sitcky-verdet.png","contentUrl":"https:\/\/eltossalcartografies.com\/wp-content\/uploads\/2020\/05\/logo-tossal-sitcky-verdet.png","width":155,"height":120,"caption":"El Tossal Cartografies"},"image":{"@id":"https:\/\/eltossalcartografies.com\/es\/#\/schema\/logo\/image\/"},"sameAs":["https:\/\/www.facebook.com\/ElTossalCartografies\/","https:\/\/instagram.com\/eltossalcartografies\/"]}]}},"_links":{"self":[{"href":"https:\/\/eltossalcartografies.com\/es\/wp-json\/wp\/v2\/product\/22966","targetHints":{"allow":["GET"]}}],"collection":[{"href":"https:\/\/eltossalcartografies.com\/es\/wp-json\/wp\/v2\/product"}],"about":[{"href":"https:\/\/eltossalcartografies.com\/es\/wp-json\/wp\/v2\/types\/product"}],"wp:featuredmedia":[{"embeddable":true,"href":"https:\/\/eltossalcartografies.com\/es\/wp-json\/wp\/v2\/media\/21790"}],"wp:attachment":[{"href":"https:\/\/eltossalcartografies.com\/es\/wp-json\/wp\/v2\/media?parent=22966"}],"wp:term":[{"taxonomy":"product_brand","embeddable":true,"href":"https:\/\/eltossalcartografies.com\/es\/wp-json\/wp\/v2\/product_brand?post=22966"},{"taxonomy":"product_cat","embeddable":true,"href":"https:\/\/eltossalcartografies.com\/es\/wp-json\/wp\/v2\/product_cat?post=22966"},{"taxonomy":"product_tag","embeddable":true,"href":"https:\/\/eltossalcartografies.com\/es\/wp-json\/wp\/v2\/product_tag?post=22966"}],"curies":[{"name":"wp","href":"https:\/\/api.w.org\/{rel}","templated":true}]}}