{"id":23126,"date":"2020-04-02T14:10:14","date_gmt":"2020-04-02T14:10:14","guid":{"rendered":"https:\/\/eltossalcartografies.com\/producte\/mapa-i-guia-excursionista-font-roja-i-mariola-amb-alcoi-de-fons\/"},"modified":"2026-01-14T15:44:51","modified_gmt":"2026-01-14T14:44:51","slug":"mapa-y-guia-excursionista-font-roja-y-mariola-con-alcoi-de-fondo-trail-solidari-ciutat-dalcoi","status":"publish","type":"product","link":"https:\/\/eltossalcartografies.com\/es\/producto\/mapa-y-guia-excursionista-font-roja-y-mariola-con-alcoi-de-fondo-trail-solidari-ciutat-dalcoi\/","title":{"rendered":"Mapa excursionista Font Roja y Mariola con Alcoi de fondo. Trail Solidari Ciutat d&#8217;Alcoi"},"content":{"rendered":"<p>Mapa excursionista a escala 1:25.000 del entorno monta\u00f1oso m\u00e1s pr\u00f3ximo a la localidad de Alcoy: Mariola y el Carrascal de la Font Roja.\u2028Esta edici\u00f3n ha sido posible gracias a la colaboraci\u00f3n con la organizaci\u00f3n del Trail Solidario Ciudad de Alcoy.\u2028Este Trail es una carrera solidaria por equipos que se celebra desde el a\u00f1o 2013 y que destina sus ingresos en la lucha contra el c\u00e1ncer.\u2028El mapa nos muestra una ciudad de Alcoy a la sombra de las dos monta\u00f1as, adem\u00e1s incluye el recorrido de la carrera del a\u00f1o 2014<\/p>\n","protected":false},"excerpt":{"rendered":"<p>Font Roja y Mariola con Alcoi de fondo[br]<br \/>\nMapa excursionista[br]<br \/>\nFecha de publicaci\u00f3n: 2014-02-01[br]<br \/>\nEscala: 1:25.000[br]<br \/>\nISBN: 9788461686452[br]<br \/>\nDISPONIBLE<\/p>\n","protected":false},"featured_media":21864,"template":"","meta":{"_acf_changed":false},"product_brand":[],"product_cat":[57,59],"product_tag":[63],"class_list":{"0":"post-23126","1":"product","2":"type-product","3":"status-publish","4":"has-post-thumbnail","6":"product_cat-mapa-y-guia-excursionista","7":"product_cat-todas-las-categorias","8":"product_tag-mapa-es","10":"first","11":"instock","12":"taxable","13":"shipping-taxable","14":"purchasable","15":"product-type-simple"},"acf":[],"yoast_head":"<!-- This site is optimized with the Yoast SEO Premium plugin v27.0 (Yoast SEO v27.4) - https:\/\/yoast.com\/product\/yoast-seo-premium-wordpress\/ -->\n<title>Mapa excursionista Font Roja y Mariola con Alcoi de fondo. Trail Solidari Ciutat d&#039;Alcoi - El Tossal Cartografies<\/title>\n<meta name=\"description\" content=\"Mapa excursionista Font Roja i Mariola amb Alcoi de fons. El Tossal Cartografies. Escala: 1:25.000. Fecga de publicaci\u00f3: 2014-02-01\" \/>\n<meta name=\"robots\" content=\"index, follow, max-snippet:-1, max-image-preview:large, max-video-preview:-1\" \/>\n<link rel=\"canonical\" href=\"https:\/\/eltossalcartografies.com\/es\/producto\/mapa-y-guia-excursionista-font-roja-y-mariola-con-alcoi-de-fondo-trail-solidari-ciutat-dalcoi\/\" \/>\n<meta property=\"og:locale\" content=\"es_ES\" \/>\n<meta property=\"og:type\" content=\"article\" \/>\n<meta property=\"og:title\" content=\"Mapa excursionista Font Roja y Mariola con Alcoi de fondo. Trail Solidari Ciutat d&#039;Alcoi\" \/>\n<meta property=\"og:description\" content=\"Mapa excursionista Font Roja i Mariola amb Alcoi de fons. El Tossal Cartografies. Escala: 1:25.000. Fecga de publicaci\u00f3: 2014-02-01\" \/>\n<meta property=\"og:url\" content=\"https:\/\/eltossalcartografies.com\/es\/producto\/mapa-y-guia-excursionista-font-roja-y-mariola-con-alcoi-de-fondo-trail-solidari-ciutat-dalcoi\/\" \/>\n<meta property=\"og:site_name\" content=\"El Tossal Cartografies\" \/>\n<meta property=\"article:publisher\" content=\"https:\/\/www.facebook.com\/ElTossalCartografies\/\" \/>\n<meta property=\"article:modified_time\" content=\"2026-01-14T14:44:51+00:00\" \/>\n<meta property=\"og:image\" content=\"https:\/\/eltossalcartografies.com\/wp-content\/uploads\/2020\/04\/M6-01-mapa-i-guia-excursionista-font-roja-i-mariola-amb-alcoi-de-fons-2.jpg\" \/>\n\t<meta property=\"og:image:width\" content=\"897\" \/>\n\t<meta property=\"og:image:height\" content=\"1200\" \/>\n\t<meta property=\"og:image:type\" content=\"image\/jpeg\" \/>\n<meta name=\"twitter:card\" content=\"summary_large_image\" \/>\n<meta name=\"twitter:label1\" content=\"Tiempo de lectura\" \/>\n\t<meta name=\"twitter:data1\" content=\"1 minuto\" \/>\n<script type=\"application\/ld+json\" class=\"yoast-schema-graph\">{\"@context\":\"https:\\\/\\\/schema.org\",\"@graph\":[{\"@type\":\"WebPage\",\"@id\":\"https:\\\/\\\/eltossalcartografies.com\\\/es\\\/producto\\\/mapa-y-guia-excursionista-font-roja-y-mariola-con-alcoi-de-fondo-trail-solidari-ciutat-dalcoi\\\/\",\"url\":\"https:\\\/\\\/eltossalcartografies.com\\\/es\\\/producto\\\/mapa-y-guia-excursionista-font-roja-y-mariola-con-alcoi-de-fondo-trail-solidari-ciutat-dalcoi\\\/\",\"name\":\"Mapa excursionista Font Roja y Mariola con Alcoi de fondo. Trail Solidari Ciutat d'Alcoi - El Tossal Cartografies\",\"isPartOf\":{\"@id\":\"https:\\\/\\\/eltossalcartografies.com\\\/es\\\/#website\"},\"primaryImageOfPage\":{\"@id\":\"https:\\\/\\\/eltossalcartografies.com\\\/es\\\/producto\\\/mapa-y-guia-excursionista-font-roja-y-mariola-con-alcoi-de-fondo-trail-solidari-ciutat-dalcoi\\\/#primaryimage\"},\"image\":{\"@id\":\"https:\\\/\\\/eltossalcartografies.com\\\/es\\\/producto\\\/mapa-y-guia-excursionista-font-roja-y-mariola-con-alcoi-de-fondo-trail-solidari-ciutat-dalcoi\\\/#primaryimage\"},\"thumbnailUrl\":\"https:\\\/\\\/eltossalcartografies.com\\\/wp-content\\\/uploads\\\/2020\\\/04\\\/M6-01-mapa-i-guia-excursionista-font-roja-i-mariola-amb-alcoi-de-fons-2.jpg\",\"datePublished\":\"2020-04-02T14:10:14+00:00\",\"dateModified\":\"2026-01-14T14:44:51+00:00\",\"description\":\"Mapa excursionista Font Roja i Mariola amb Alcoi de fons. El Tossal Cartografies. Escala: 1:25.000. Fecga de publicaci\u00f3: 2014-02-01\",\"breadcrumb\":{\"@id\":\"https:\\\/\\\/eltossalcartografies.com\\\/es\\\/producto\\\/mapa-y-guia-excursionista-font-roja-y-mariola-con-alcoi-de-fondo-trail-solidari-ciutat-dalcoi\\\/#breadcrumb\"},\"inLanguage\":\"es\",\"potentialAction\":[{\"@type\":\"ReadAction\",\"target\":[\"https:\\\/\\\/eltossalcartografies.com\\\/es\\\/producto\\\/mapa-y-guia-excursionista-font-roja-y-mariola-con-alcoi-de-fondo-trail-solidari-ciutat-dalcoi\\\/\"]}]},{\"@type\":\"ImageObject\",\"inLanguage\":\"es\",\"@id\":\"https:\\\/\\\/eltossalcartografies.com\\\/es\\\/producto\\\/mapa-y-guia-excursionista-font-roja-y-mariola-con-alcoi-de-fondo-trail-solidari-ciutat-dalcoi\\\/#primaryimage\",\"url\":\"https:\\\/\\\/eltossalcartografies.com\\\/wp-content\\\/uploads\\\/2020\\\/04\\\/M6-01-mapa-i-guia-excursionista-font-roja-i-mariola-amb-alcoi-de-fons-2.jpg\",\"contentUrl\":\"https:\\\/\\\/eltossalcartografies.com\\\/wp-content\\\/uploads\\\/2020\\\/04\\\/M6-01-mapa-i-guia-excursionista-font-roja-i-mariola-amb-alcoi-de-fons-2.jpg\",\"width\":897,\"height\":1200},{\"@type\":\"BreadcrumbList\",\"@id\":\"https:\\\/\\\/eltossalcartografies.com\\\/es\\\/producto\\\/mapa-y-guia-excursionista-font-roja-y-mariola-con-alcoi-de-fondo-trail-solidari-ciutat-dalcoi\\\/#breadcrumb\",\"itemListElement\":[{\"@type\":\"ListItem\",\"position\":1,\"name\":\"Portada\",\"item\":\"https:\\\/\\\/eltossalcartografies.com\\\/es\\\/\"},{\"@type\":\"ListItem\",\"position\":2,\"name\":\"Productos\",\"item\":\"https:\\\/\\\/eltossalcartografies.com\\\/es\\\/shop\\\/\"},{\"@type\":\"ListItem\",\"position\":3,\"name\":\"Mapa excursionista Font Roja y Mariola con Alcoi de fondo. Trail Solidari Ciutat d&#8217;Alcoi\"}]},{\"@type\":\"WebSite\",\"@id\":\"https:\\\/\\\/eltossalcartografies.com\\\/es\\\/#website\",\"url\":\"https:\\\/\\\/eltossalcartografies.com\\\/es\\\/\",\"name\":\"El Tossal Cartografies\",\"description\":\"cartografia, venda de mapes\",\"publisher\":{\"@id\":\"https:\\\/\\\/eltossalcartografies.com\\\/es\\\/#organization\"},\"potentialAction\":[{\"@type\":\"SearchAction\",\"target\":{\"@type\":\"EntryPoint\",\"urlTemplate\":\"https:\\\/\\\/eltossalcartografies.com\\\/es\\\/?s={search_term_string}\"},\"query-input\":{\"@type\":\"PropertyValueSpecification\",\"valueRequired\":true,\"valueName\":\"search_term_string\"}}],\"inLanguage\":\"es\"},{\"@type\":\"Organization\",\"@id\":\"https:\\\/\\\/eltossalcartografies.com\\\/es\\\/#organization\",\"name\":\"El Tossal Cartografies\",\"url\":\"https:\\\/\\\/eltossalcartografies.com\\\/es\\\/\",\"logo\":{\"@type\":\"ImageObject\",\"inLanguage\":\"es\",\"@id\":\"https:\\\/\\\/eltossalcartografies.com\\\/es\\\/#\\\/schema\\\/logo\\\/image\\\/\",\"url\":\"https:\\\/\\\/eltossalcartografies.com\\\/wp-content\\\/uploads\\\/2020\\\/05\\\/logo-tossal-sitcky-verdet.png\",\"contentUrl\":\"https:\\\/\\\/eltossalcartografies.com\\\/wp-content\\\/uploads\\\/2020\\\/05\\\/logo-tossal-sitcky-verdet.png\",\"width\":155,\"height\":120,\"caption\":\"El Tossal Cartografies\"},\"image\":{\"@id\":\"https:\\\/\\\/eltossalcartografies.com\\\/es\\\/#\\\/schema\\\/logo\\\/image\\\/\"},\"sameAs\":[\"https:\\\/\\\/www.facebook.com\\\/ElTossalCartografies\\\/\",\"https:\\\/\\\/instagram.com\\\/eltossalcartografies\\\/\"]}]}<\/script>\n<!-- \/ Yoast SEO Premium plugin. -->","yoast_head_json":{"title":"Mapa excursionista Font Roja y Mariola con Alcoi de fondo. Trail Solidari Ciutat d'Alcoi - El Tossal Cartografies","description":"Mapa excursionista Font Roja i Mariola amb Alcoi de fons. El Tossal Cartografies. Escala: 1:25.000. Fecga de publicaci\u00f3: 2014-02-01","robots":{"index":"index","follow":"follow","max-snippet":"max-snippet:-1","max-image-preview":"max-image-preview:large","max-video-preview":"max-video-preview:-1"},"canonical":"https:\/\/eltossalcartografies.com\/es\/producto\/mapa-y-guia-excursionista-font-roja-y-mariola-con-alcoi-de-fondo-trail-solidari-ciutat-dalcoi\/","og_locale":"es_ES","og_type":"article","og_title":"Mapa excursionista Font Roja y Mariola con Alcoi de fondo. Trail Solidari Ciutat d'Alcoi","og_description":"Mapa excursionista Font Roja i Mariola amb Alcoi de fons. El Tossal Cartografies. Escala: 1:25.000. Fecga de publicaci\u00f3: 2014-02-01","og_url":"https:\/\/eltossalcartografies.com\/es\/producto\/mapa-y-guia-excursionista-font-roja-y-mariola-con-alcoi-de-fondo-trail-solidari-ciutat-dalcoi\/","og_site_name":"El Tossal Cartografies","article_publisher":"https:\/\/www.facebook.com\/ElTossalCartografies\/","article_modified_time":"2026-01-14T14:44:51+00:00","og_image":[{"width":897,"height":1200,"url":"https:\/\/eltossalcartografies.com\/wp-content\/uploads\/2020\/04\/M6-01-mapa-i-guia-excursionista-font-roja-i-mariola-amb-alcoi-de-fons-2.jpg","type":"image\/jpeg"}],"twitter_card":"summary_large_image","twitter_misc":{"Tiempo de lectura":"1 minuto"},"schema":{"@context":"https:\/\/schema.org","@graph":[{"@type":"WebPage","@id":"https:\/\/eltossalcartografies.com\/es\/producto\/mapa-y-guia-excursionista-font-roja-y-mariola-con-alcoi-de-fondo-trail-solidari-ciutat-dalcoi\/","url":"https:\/\/eltossalcartografies.com\/es\/producto\/mapa-y-guia-excursionista-font-roja-y-mariola-con-alcoi-de-fondo-trail-solidari-ciutat-dalcoi\/","name":"Mapa excursionista Font Roja y Mariola con Alcoi de fondo. Trail Solidari Ciutat d'Alcoi - El Tossal Cartografies","isPartOf":{"@id":"https:\/\/eltossalcartografies.com\/es\/#website"},"primaryImageOfPage":{"@id":"https:\/\/eltossalcartografies.com\/es\/producto\/mapa-y-guia-excursionista-font-roja-y-mariola-con-alcoi-de-fondo-trail-solidari-ciutat-dalcoi\/#primaryimage"},"image":{"@id":"https:\/\/eltossalcartografies.com\/es\/producto\/mapa-y-guia-excursionista-font-roja-y-mariola-con-alcoi-de-fondo-trail-solidari-ciutat-dalcoi\/#primaryimage"},"thumbnailUrl":"https:\/\/eltossalcartografies.com\/wp-content\/uploads\/2020\/04\/M6-01-mapa-i-guia-excursionista-font-roja-i-mariola-amb-alcoi-de-fons-2.jpg","datePublished":"2020-04-02T14:10:14+00:00","dateModified":"2026-01-14T14:44:51+00:00","description":"Mapa excursionista Font Roja i Mariola amb Alcoi de fons. El Tossal Cartografies. Escala: 1:25.000. Fecga de publicaci\u00f3: 2014-02-01","breadcrumb":{"@id":"https:\/\/eltossalcartografies.com\/es\/producto\/mapa-y-guia-excursionista-font-roja-y-mariola-con-alcoi-de-fondo-trail-solidari-ciutat-dalcoi\/#breadcrumb"},"inLanguage":"es","potentialAction":[{"@type":"ReadAction","target":["https:\/\/eltossalcartografies.com\/es\/producto\/mapa-y-guia-excursionista-font-roja-y-mariola-con-alcoi-de-fondo-trail-solidari-ciutat-dalcoi\/"]}]},{"@type":"ImageObject","inLanguage":"es","@id":"https:\/\/eltossalcartografies.com\/es\/producto\/mapa-y-guia-excursionista-font-roja-y-mariola-con-alcoi-de-fondo-trail-solidari-ciutat-dalcoi\/#primaryimage","url":"https:\/\/eltossalcartografies.com\/wp-content\/uploads\/2020\/04\/M6-01-mapa-i-guia-excursionista-font-roja-i-mariola-amb-alcoi-de-fons-2.jpg","contentUrl":"https:\/\/eltossalcartografies.com\/wp-content\/uploads\/2020\/04\/M6-01-mapa-i-guia-excursionista-font-roja-i-mariola-amb-alcoi-de-fons-2.jpg","width":897,"height":1200},{"@type":"BreadcrumbList","@id":"https:\/\/eltossalcartografies.com\/es\/producto\/mapa-y-guia-excursionista-font-roja-y-mariola-con-alcoi-de-fondo-trail-solidari-ciutat-dalcoi\/#breadcrumb","itemListElement":[{"@type":"ListItem","position":1,"name":"Portada","item":"https:\/\/eltossalcartografies.com\/es\/"},{"@type":"ListItem","position":2,"name":"Productos","item":"https:\/\/eltossalcartografies.com\/es\/shop\/"},{"@type":"ListItem","position":3,"name":"Mapa excursionista Font Roja y Mariola con Alcoi de fondo. Trail Solidari Ciutat d&#8217;Alcoi"}]},{"@type":"WebSite","@id":"https:\/\/eltossalcartografies.com\/es\/#website","url":"https:\/\/eltossalcartografies.com\/es\/","name":"El Tossal Cartografies","description":"cartografia, venda de mapes","publisher":{"@id":"https:\/\/eltossalcartografies.com\/es\/#organization"},"potentialAction":[{"@type":"SearchAction","target":{"@type":"EntryPoint","urlTemplate":"https:\/\/eltossalcartografies.com\/es\/?s={search_term_string}"},"query-input":{"@type":"PropertyValueSpecification","valueRequired":true,"valueName":"search_term_string"}}],"inLanguage":"es"},{"@type":"Organization","@id":"https:\/\/eltossalcartografies.com\/es\/#organization","name":"El Tossal Cartografies","url":"https:\/\/eltossalcartografies.com\/es\/","logo":{"@type":"ImageObject","inLanguage":"es","@id":"https:\/\/eltossalcartografies.com\/es\/#\/schema\/logo\/image\/","url":"https:\/\/eltossalcartografies.com\/wp-content\/uploads\/2020\/05\/logo-tossal-sitcky-verdet.png","contentUrl":"https:\/\/eltossalcartografies.com\/wp-content\/uploads\/2020\/05\/logo-tossal-sitcky-verdet.png","width":155,"height":120,"caption":"El Tossal Cartografies"},"image":{"@id":"https:\/\/eltossalcartografies.com\/es\/#\/schema\/logo\/image\/"},"sameAs":["https:\/\/www.facebook.com\/ElTossalCartografies\/","https:\/\/instagram.com\/eltossalcartografies\/"]}]}},"_links":{"self":[{"href":"https:\/\/eltossalcartografies.com\/es\/wp-json\/wp\/v2\/product\/23126","targetHints":{"allow":["GET"]}}],"collection":[{"href":"https:\/\/eltossalcartografies.com\/es\/wp-json\/wp\/v2\/product"}],"about":[{"href":"https:\/\/eltossalcartografies.com\/es\/wp-json\/wp\/v2\/types\/product"}],"wp:featuredmedia":[{"embeddable":true,"href":"https:\/\/eltossalcartografies.com\/es\/wp-json\/wp\/v2\/media\/21864"}],"wp:attachment":[{"href":"https:\/\/eltossalcartografies.com\/es\/wp-json\/wp\/v2\/media?parent=23126"}],"wp:term":[{"taxonomy":"product_brand","embeddable":true,"href":"https:\/\/eltossalcartografies.com\/es\/wp-json\/wp\/v2\/product_brand?post=23126"},{"taxonomy":"product_cat","embeddable":true,"href":"https:\/\/eltossalcartografies.com\/es\/wp-json\/wp\/v2\/product_cat?post=23126"},{"taxonomy":"product_tag","embeddable":true,"href":"https:\/\/eltossalcartografies.com\/es\/wp-json\/wp\/v2\/product_tag?post=23126"}],"curies":[{"name":"wp","href":"https:\/\/api.w.org\/{rel}","templated":true}]}}