{"id":24806,"date":"2021-04-11T20:50:12","date_gmt":"2021-04-11T18:50:12","guid":{"rendered":"https:\/\/eltossalcartografies.com\/?post_type=product&#038;p=24806"},"modified":"2023-04-20T11:11:11","modified_gmt":"2023-04-20T09:11:11","slug":"el-maestrat-comarca-historica","status":"publish","type":"product","link":"https:\/\/eltossalcartografies.com\/es\/producto\/el-maestrat-comarca-historica\/","title":{"rendered":"El Maestrat Comarca hist\u00f3rica"},"content":{"rendered":"<p class=\"western\"><span lang=\"es-ES\">Este mapa que comienza una nueva colecci\u00f3n de mapas comarcales es la m\u00e1xima expresi\u00f3n de nuestro car\u00e1cter aut\u00f3nomo y m\u00e1s reivindicativo. Est\u00e1 hecho con mucho amor y aprecio. Por eso hemos de agradecer especialmente a todas las personas y entidades que han participado y han colaborado de manera desinteresada, pero sobre todo a los ayuntamientos y mancomunidades por su implicaci\u00f3n, por ser nuestra herencia actual de la administraci\u00f3n local que hace 700 a\u00f1os ya pensaba en clave comarcal.<br \/>\n<\/span><span lang=\"es-ES\">Hablar del Maestrat como pueblo es hablar de una sociedad rural (agraria y ganadera) que desde hace m\u00e1s de 700 a\u00f1os muestra una voluntad de existir (y por tanto de organizarse) que va m\u00e1s all\u00e1 de la voluntad pol\u00edtica que emana de nuestras instituciones de autogobierno. Esta \u00abvoluntad de existir\u00bb es la que llev\u00f3 a nuestros antepasados a hacer de nuestro territorio una zona de frontera, con la creaci\u00f3n de un sistema de defensa de castillos (Ares, Xivert, Cervera, Pe\u00f1\u00edscola, Culla, les Coves de Vinrom\u00e0, el Boi), adem\u00e1s de establecer un sistema administrativo auto organizado (les Setenes) que gestionaba y planificaba sus respectivos territorios, con una elevada autonom\u00eda dentro de los se\u00f1or\u00edos del antiguo Reino de Val\u00e8ncia. Recordamos que al Maestrat ex<\/span><span lang=\"es-ES\">ist\u00edan \u00bbles Setenes\u00bb (agrupaciones de siete villas): la Setena de Culla (Culla, Benassal, Vilar de Canes, la Torre d&#8217;en Besora, Atzeneta del Maestrat, Benafigos, Vistabella del Maestrat); la Setena de les Coves (les Coves de Vinrom\u00e0, la Torre d&#8217;en Dom\u00e9nec, Vilanova d&#8217;Alcolea, la Serratella, Alboc\u00e0sser, T\u00edrig, la Salzadella) y la Setena de Cervera (Cervera del Maestre, Sant Mateu, Xert, Canet lo Roig, Rossell, Traiguera, la Jana, C\u00e0lig).<\/span><\/p>\n","protected":false},"excerpt":{"rendered":"<p>El Maestrat Comarca hist\u00f3rica[br]<br \/>\nmapa y gu\u00eda excursionista[br]<br \/>\nFecha de publicaci\u00f3n: 2021-04-09[br]<br \/>\nEscala: 1:85.000[br]<br \/>\nISBN: 9788409280490[br]<br \/>\nDISPONIBLE<\/p>\n","protected":false},"featured_media":24781,"template":"","meta":{"_acf_changed":false},"product_brand":[],"product_cat":[],"product_tag":[],"class_list":{"0":"post-24806","1":"product","2":"type-product","3":"status-publish","4":"has-post-thumbnail","7":"first","8":"instock","9":"taxable","10":"shipping-taxable","11":"purchasable","12":"product-type-simple"},"acf":[],"yoast_head":"<!-- This site is optimized with the Yoast SEO Premium plugin v27.4 (Yoast SEO v27.4) - https:\/\/yoast.com\/product\/yoast-seo-premium-wordpress\/ -->\n<title>El Maestrat Comarca hist\u00f3rica - El Tossal Cartografies<\/title>\n<meta name=\"description\" content=\"mapa y gu\u00eda excursionista de la Comarca del Maestrat hist\u00f3rico. EL Tossal Cartografies. Escala: 1:85.000. Publicaci\u00f3: 2021-04-09\" \/>\n<meta name=\"robots\" content=\"index, follow, max-snippet:-1, max-image-preview:large, max-video-preview:-1\" \/>\n<link rel=\"canonical\" href=\"https:\/\/eltossalcartografies.com\/es\/producto\/el-maestrat-comarca-historica\/\" \/>\n<meta property=\"og:locale\" content=\"es_ES\" \/>\n<meta property=\"og:type\" content=\"article\" \/>\n<meta property=\"og:title\" content=\"El Maestrat Comarca hist\u00f3rica\" \/>\n<meta property=\"og:description\" content=\"mapa y gu\u00eda excursionista de la Comarca del Maestrat hist\u00f3rico. EL Tossal Cartografies. Escala: 1:85.000. Publicaci\u00f3: 2021-04-09\" \/>\n<meta property=\"og:url\" content=\"https:\/\/eltossalcartografies.com\/es\/producto\/el-maestrat-comarca-historica\/\" \/>\n<meta property=\"og:site_name\" content=\"El Tossal Cartografies\" \/>\n<meta property=\"article:publisher\" content=\"https:\/\/www.facebook.com\/ElTossalCartografies\/\" \/>\n<meta property=\"article:modified_time\" content=\"2023-04-20T09:11:11+00:00\" \/>\n<meta property=\"og:image\" content=\"https:\/\/eltossalcartografies.com\/wp-content\/uploads\/2021\/04\/Mapa_Maestrat_PORTADA.jpg\" \/>\n\t<meta property=\"og:image:width\" content=\"1329\" \/>\n\t<meta property=\"og:image:height\" content=\"2067\" \/>\n\t<meta property=\"og:image:type\" content=\"image\/jpeg\" \/>\n<meta name=\"twitter:card\" content=\"summary_large_image\" \/>\n<meta name=\"twitter:label1\" content=\"Tiempo de lectura\" \/>\n\t<meta name=\"twitter:data1\" content=\"2 minutos\" \/>\n<script type=\"application\/ld+json\" class=\"yoast-schema-graph\">{\"@context\":\"https:\\\/\\\/schema.org\",\"@graph\":[{\"@type\":\"WebPage\",\"@id\":\"https:\\\/\\\/eltossalcartografies.com\\\/es\\\/producto\\\/el-maestrat-comarca-historica\\\/\",\"url\":\"https:\\\/\\\/eltossalcartografies.com\\\/es\\\/producto\\\/el-maestrat-comarca-historica\\\/\",\"name\":\"El Maestrat Comarca hist\u00f3rica - El Tossal Cartografies\",\"isPartOf\":{\"@id\":\"https:\\\/\\\/eltossalcartografies.com\\\/es\\\/#website\"},\"primaryImageOfPage\":{\"@id\":\"https:\\\/\\\/eltossalcartografies.com\\\/es\\\/producto\\\/el-maestrat-comarca-historica\\\/#primaryimage\"},\"image\":{\"@id\":\"https:\\\/\\\/eltossalcartografies.com\\\/es\\\/producto\\\/el-maestrat-comarca-historica\\\/#primaryimage\"},\"thumbnailUrl\":\"https:\\\/\\\/eltossalcartografies.com\\\/wp-content\\\/uploads\\\/2021\\\/04\\\/Mapa_Maestrat_PORTADA.jpg\",\"datePublished\":\"2021-04-11T18:50:12+00:00\",\"dateModified\":\"2023-04-20T09:11:11+00:00\",\"description\":\"mapa y gu\u00eda excursionista de la Comarca del Maestrat hist\u00f3rico. EL Tossal Cartografies. Escala: 1:85.000. Publicaci\u00f3: 2021-04-09\",\"breadcrumb\":{\"@id\":\"https:\\\/\\\/eltossalcartografies.com\\\/es\\\/producto\\\/el-maestrat-comarca-historica\\\/#breadcrumb\"},\"inLanguage\":\"es\",\"potentialAction\":[{\"@type\":\"ReadAction\",\"target\":[\"https:\\\/\\\/eltossalcartografies.com\\\/es\\\/producto\\\/el-maestrat-comarca-historica\\\/\"]}]},{\"@type\":\"ImageObject\",\"inLanguage\":\"es\",\"@id\":\"https:\\\/\\\/eltossalcartografies.com\\\/es\\\/producto\\\/el-maestrat-comarca-historica\\\/#primaryimage\",\"url\":\"https:\\\/\\\/eltossalcartografies.com\\\/wp-content\\\/uploads\\\/2021\\\/04\\\/Mapa_Maestrat_PORTADA.jpg\",\"contentUrl\":\"https:\\\/\\\/eltossalcartografies.com\\\/wp-content\\\/uploads\\\/2021\\\/04\\\/Mapa_Maestrat_PORTADA.jpg\",\"width\":1329,\"height\":2067},{\"@type\":\"BreadcrumbList\",\"@id\":\"https:\\\/\\\/eltossalcartografies.com\\\/es\\\/producto\\\/el-maestrat-comarca-historica\\\/#breadcrumb\",\"itemListElement\":[{\"@type\":\"ListItem\",\"position\":1,\"name\":\"Portada\",\"item\":\"https:\\\/\\\/eltossalcartografies.com\\\/es\\\/\"},{\"@type\":\"ListItem\",\"position\":2,\"name\":\"Productos\",\"item\":\"https:\\\/\\\/eltossalcartografies.com\\\/es\\\/shop\\\/\"},{\"@type\":\"ListItem\",\"position\":3,\"name\":\"El Maestrat Comarca hist\u00f3rica\"}]},{\"@type\":\"WebSite\",\"@id\":\"https:\\\/\\\/eltossalcartografies.com\\\/es\\\/#website\",\"url\":\"https:\\\/\\\/eltossalcartografies.com\\\/es\\\/\",\"name\":\"El Tossal Cartografies\",\"description\":\"cartografia, venda de mapes\",\"publisher\":{\"@id\":\"https:\\\/\\\/eltossalcartografies.com\\\/es\\\/#organization\"},\"potentialAction\":[{\"@type\":\"SearchAction\",\"target\":{\"@type\":\"EntryPoint\",\"urlTemplate\":\"https:\\\/\\\/eltossalcartografies.com\\\/es\\\/?s={search_term_string}\"},\"query-input\":{\"@type\":\"PropertyValueSpecification\",\"valueRequired\":true,\"valueName\":\"search_term_string\"}}],\"inLanguage\":\"es\"},{\"@type\":\"Organization\",\"@id\":\"https:\\\/\\\/eltossalcartografies.com\\\/es\\\/#organization\",\"name\":\"El Tossal Cartografies\",\"url\":\"https:\\\/\\\/eltossalcartografies.com\\\/es\\\/\",\"logo\":{\"@type\":\"ImageObject\",\"inLanguage\":\"es\",\"@id\":\"https:\\\/\\\/eltossalcartografies.com\\\/es\\\/#\\\/schema\\\/logo\\\/image\\\/\",\"url\":\"https:\\\/\\\/eltossalcartografies.com\\\/wp-content\\\/uploads\\\/2020\\\/05\\\/logo-tossal-sitcky-verdet.png\",\"contentUrl\":\"https:\\\/\\\/eltossalcartografies.com\\\/wp-content\\\/uploads\\\/2020\\\/05\\\/logo-tossal-sitcky-verdet.png\",\"width\":155,\"height\":120,\"caption\":\"El Tossal Cartografies\"},\"image\":{\"@id\":\"https:\\\/\\\/eltossalcartografies.com\\\/es\\\/#\\\/schema\\\/logo\\\/image\\\/\"},\"sameAs\":[\"https:\\\/\\\/www.facebook.com\\\/ElTossalCartografies\\\/\",\"https:\\\/\\\/instagram.com\\\/eltossalcartografies\\\/\"]}]}<\/script>\n<!-- \/ Yoast SEO Premium plugin. -->","yoast_head_json":{"title":"El Maestrat Comarca hist\u00f3rica - El Tossal Cartografies","description":"mapa y gu\u00eda excursionista de la Comarca del Maestrat hist\u00f3rico. EL Tossal Cartografies. Escala: 1:85.000. Publicaci\u00f3: 2021-04-09","robots":{"index":"index","follow":"follow","max-snippet":"max-snippet:-1","max-image-preview":"max-image-preview:large","max-video-preview":"max-video-preview:-1"},"canonical":"https:\/\/eltossalcartografies.com\/es\/producto\/el-maestrat-comarca-historica\/","og_locale":"es_ES","og_type":"article","og_title":"El Maestrat Comarca hist\u00f3rica","og_description":"mapa y gu\u00eda excursionista de la Comarca del Maestrat hist\u00f3rico. EL Tossal Cartografies. Escala: 1:85.000. Publicaci\u00f3: 2021-04-09","og_url":"https:\/\/eltossalcartografies.com\/es\/producto\/el-maestrat-comarca-historica\/","og_site_name":"El Tossal Cartografies","article_publisher":"https:\/\/www.facebook.com\/ElTossalCartografies\/","article_modified_time":"2023-04-20T09:11:11+00:00","og_image":[{"width":1329,"height":2067,"url":"https:\/\/eltossalcartografies.com\/wp-content\/uploads\/2021\/04\/Mapa_Maestrat_PORTADA.jpg","type":"image\/jpeg"}],"twitter_card":"summary_large_image","twitter_misc":{"Tiempo de lectura":"2 minutos"},"schema":{"@context":"https:\/\/schema.org","@graph":[{"@type":"WebPage","@id":"https:\/\/eltossalcartografies.com\/es\/producto\/el-maestrat-comarca-historica\/","url":"https:\/\/eltossalcartografies.com\/es\/producto\/el-maestrat-comarca-historica\/","name":"El Maestrat Comarca hist\u00f3rica - El Tossal Cartografies","isPartOf":{"@id":"https:\/\/eltossalcartografies.com\/es\/#website"},"primaryImageOfPage":{"@id":"https:\/\/eltossalcartografies.com\/es\/producto\/el-maestrat-comarca-historica\/#primaryimage"},"image":{"@id":"https:\/\/eltossalcartografies.com\/es\/producto\/el-maestrat-comarca-historica\/#primaryimage"},"thumbnailUrl":"https:\/\/eltossalcartografies.com\/wp-content\/uploads\/2021\/04\/Mapa_Maestrat_PORTADA.jpg","datePublished":"2021-04-11T18:50:12+00:00","dateModified":"2023-04-20T09:11:11+00:00","description":"mapa y gu\u00eda excursionista de la Comarca del Maestrat hist\u00f3rico. EL Tossal Cartografies. Escala: 1:85.000. Publicaci\u00f3: 2021-04-09","breadcrumb":{"@id":"https:\/\/eltossalcartografies.com\/es\/producto\/el-maestrat-comarca-historica\/#breadcrumb"},"inLanguage":"es","potentialAction":[{"@type":"ReadAction","target":["https:\/\/eltossalcartografies.com\/es\/producto\/el-maestrat-comarca-historica\/"]}]},{"@type":"ImageObject","inLanguage":"es","@id":"https:\/\/eltossalcartografies.com\/es\/producto\/el-maestrat-comarca-historica\/#primaryimage","url":"https:\/\/eltossalcartografies.com\/wp-content\/uploads\/2021\/04\/Mapa_Maestrat_PORTADA.jpg","contentUrl":"https:\/\/eltossalcartografies.com\/wp-content\/uploads\/2021\/04\/Mapa_Maestrat_PORTADA.jpg","width":1329,"height":2067},{"@type":"BreadcrumbList","@id":"https:\/\/eltossalcartografies.com\/es\/producto\/el-maestrat-comarca-historica\/#breadcrumb","itemListElement":[{"@type":"ListItem","position":1,"name":"Portada","item":"https:\/\/eltossalcartografies.com\/es\/"},{"@type":"ListItem","position":2,"name":"Productos","item":"https:\/\/eltossalcartografies.com\/es\/shop\/"},{"@type":"ListItem","position":3,"name":"El Maestrat Comarca hist\u00f3rica"}]},{"@type":"WebSite","@id":"https:\/\/eltossalcartografies.com\/es\/#website","url":"https:\/\/eltossalcartografies.com\/es\/","name":"El Tossal Cartografies","description":"cartografia, venda de mapes","publisher":{"@id":"https:\/\/eltossalcartografies.com\/es\/#organization"},"potentialAction":[{"@type":"SearchAction","target":{"@type":"EntryPoint","urlTemplate":"https:\/\/eltossalcartografies.com\/es\/?s={search_term_string}"},"query-input":{"@type":"PropertyValueSpecification","valueRequired":true,"valueName":"search_term_string"}}],"inLanguage":"es"},{"@type":"Organization","@id":"https:\/\/eltossalcartografies.com\/es\/#organization","name":"El Tossal Cartografies","url":"https:\/\/eltossalcartografies.com\/es\/","logo":{"@type":"ImageObject","inLanguage":"es","@id":"https:\/\/eltossalcartografies.com\/es\/#\/schema\/logo\/image\/","url":"https:\/\/eltossalcartografies.com\/wp-content\/uploads\/2020\/05\/logo-tossal-sitcky-verdet.png","contentUrl":"https:\/\/eltossalcartografies.com\/wp-content\/uploads\/2020\/05\/logo-tossal-sitcky-verdet.png","width":155,"height":120,"caption":"El Tossal Cartografies"},"image":{"@id":"https:\/\/eltossalcartografies.com\/es\/#\/schema\/logo\/image\/"},"sameAs":["https:\/\/www.facebook.com\/ElTossalCartografies\/","https:\/\/instagram.com\/eltossalcartografies\/"]}]}},"_links":{"self":[{"href":"https:\/\/eltossalcartografies.com\/es\/wp-json\/wp\/v2\/product\/24806","targetHints":{"allow":["GET"]}}],"collection":[{"href":"https:\/\/eltossalcartografies.com\/es\/wp-json\/wp\/v2\/product"}],"about":[{"href":"https:\/\/eltossalcartografies.com\/es\/wp-json\/wp\/v2\/types\/product"}],"wp:featuredmedia":[{"embeddable":true,"href":"https:\/\/eltossalcartografies.com\/es\/wp-json\/wp\/v2\/media\/24781"}],"wp:attachment":[{"href":"https:\/\/eltossalcartografies.com\/es\/wp-json\/wp\/v2\/media?parent=24806"}],"wp:term":[{"taxonomy":"product_brand","embeddable":true,"href":"https:\/\/eltossalcartografies.com\/es\/wp-json\/wp\/v2\/product_brand?post=24806"},{"taxonomy":"product_cat","embeddable":true,"href":"https:\/\/eltossalcartografies.com\/es\/wp-json\/wp\/v2\/product_cat?post=24806"},{"taxonomy":"product_tag","embeddable":true,"href":"https:\/\/eltossalcartografies.com\/es\/wp-json\/wp\/v2\/product_tag?post=24806"}],"curies":[{"name":"wp","href":"https:\/\/api.w.org\/{rel}","templated":true}]}}